{"id":883,"date":"2020-01-24T11:55:50","date_gmt":"2020-01-24T10:55:50","guid":{"rendered":"http:\/\/akks.no\/trondheim\/?page_id=883"},"modified":"2024-04-24T09:56:01","modified_gmt":"2024-04-24T07:56:01","slug":"loud-bandleir","status":"publish","type":"page","link":"https:\/\/akks.no\/trondheim\/loud-bandleir\/","title":{"rendered":"Musikkleiren LOUD!"},"content":{"rendered":"\r\n<p>Bruk feriene p\u00e5 nye venner, musikk, l\u00e5tskriving og band!<\/p>\r\n\r\n\r\n\r\n<p>Bli med p\u00e5 en uke fylt med l\u00e5tskriving, band\u00f8velser, konserter og nye vennskap! LOUD! jentenes bandleir er for jenter, transpersoner og ikke-bin\u00e6re mellom 11-17* \u00e5r som har lyst til \u00e5 bruke ferien p\u00e5 musikk. Leiren passer b\u00e5de for de som har spilt f\u00f8r, og de som har lyst \u00e5 pr\u00f8ve seg p\u00e5 noe helt nytt! Du f\u00e5r nye venner, ditt helt egne band, og masse nye opplevelser!<\/p>\r\n<p>AKKS Trondheim arrangerer LOUD! Bandcamp i h\u00f8stferien, du finner lokale dagleirer i alle AKKS byer. I tillegg kan du melde deg p\u00e5 nasjonal leir i sommerferien. For info og p\u00e5melding til den nasjonal sommerleiren bes\u00f8k <a href=\"https:\/\/www.loudcamp.com\/\">loudcamp.com<\/a><\/p>\r\n<p>Er du interessert i \u00e5 jobbe p\u00e5 LOUD eller v\u00e6re frivillig? Ta kontakt med oss lokalt p\u00e5 trondheim@akks.no, eller bes\u00f8k <a href=\"https:\/\/www.loudcamp.com\/\">loudcamp.com<\/a><\/p>\r\n\r\n\r\n\r\n\r\n\r\n<p>*aldersgrensene varierer litt mellom de forskjellige LOUD-leirene.<\/p>\r\n","protected":false},"excerpt":{"rendered":"<p>Ferietilbud for jenter, ikke-bin\u00e6re og transungdom<\/p>\n","protected":false},"author":7,"featured_media":630,"parent":0,"menu_order":0,"comment_status":"closed","ping_status":"closed","template":"","meta":[],"_links":{"self":[{"href":"https:\/\/akks.no\/trondheim\/wp-json\/wp\/v2\/pages\/883"}],"collection":[{"href":"https:\/\/akks.no\/trondheim\/wp-json\/wp\/v2\/pages"}],"about":[{"href":"https:\/\/akks.no\/trondheim\/wp-json\/wp\/v2\/types\/page"}],"author":[{"embeddable":true,"href":"https:\/\/akks.no\/trondheim\/wp-json\/wp\/v2\/users\/7"}],"replies":[{"embeddable":true,"href":"https:\/\/akks.no\/trondheim\/wp-json\/wp\/v2\/comments?post=883"}],"version-history":[{"count":8,"href":"https:\/\/akks.no\/trondheim\/wp-json\/wp\/v2\/pages\/883\/revisions"}],"predecessor-version":[{"id":1980,"href":"https:\/\/akks.no\/trondheim\/wp-json\/wp\/v2\/pages\/883\/revisions\/1980"}],"wp:featuredmedia":[{"embeddable":true,"href":"https:\/\/akks.no\/trondheim\/wp-json\/wp\/v2\/media\/630"}],"wp:attachment":[{"href":"https:\/\/akks.no\/trondheim\/wp-json\/wp\/v2\/media?parent=883"}],"curies":[{"name":"wp","href":"https:\/\/api.w.org\/{rel}","templated":true}]}}