{"id":794,"date":"2019-10-17T11:16:33","date_gmt":"2019-10-17T09:16:33","guid":{"rendered":"http:\/\/akks.no\/trondheim\/?page_id=794"},"modified":"2025-08-13T15:14:08","modified_gmt":"2025-08-13T13:14:08","slug":"uflakks","status":"publish","type":"page","link":"https:\/\/akks.no\/trondheim\/uflakks\/","title":{"rendered":"UFLAKKS"},"content":{"rendered":"<p>UFLAKKS er en konsertserie av og for ungdommer. I dag best\u00e5r arrang\u00f8rgruppa av 5 medlemmer i alderen 14-19 \u00e5r, som aktivt leter etter ny, spennende musikk og arrangerer rusfrie konserter med fri eller U18-aldersgrense. Vi har plass til flere medlemmer!<\/p>\n<p>Vil du vite mer om UFLAKKS? Kom, da vel! Vi spanderer mat:) Lurer du p\u00e5 n\u00e5r neste UFLAKKS-m\u00f8te er, \u00a0eller vil komme i kontakt med oss for mer informasjon? Send oss en DM p\u00e5 Instagram @uflakkstrondheim eller en mail p\u00e5 trondheim@uflakks.no<\/p>\n<p>F\u00f8lg oss p\u00e5 <a href=\"https:\/\/www.facebook.com\/uflakkstrondheim\">Facebook<\/a> og <a href=\"https:\/\/www.instagram.com\/uflakkstrondheim\/\">Instagram<\/a>!<\/p>\n<p>M\u00e5let med UFLAKKS er \u00e5 bidra til at ny, norsk musikk av h\u00f8y kvalitet gj\u00f8res tilgjengelig for alle og vi \u00f8nsker \u00e5 utvikle kompetanse p\u00e5 konsertarrangering, booking og promotering. UFLAKKS driver AV ungdom FOR ungdom. Hvem vet bedre hva ungdom h\u00f8rer p\u00e5 enn ungdommen selv?<\/p>\n<p><strong>Vil du ogs\u00e5 arrangere konserter? Fyll ut s\u00f8knadsskjemaet nedenfor, eller send oss en mail til trondheim@uflakks.no<\/strong><\/p>\n<p>Vi \u00f8nsker at ungdom skal f\u00e5 oppleve konserter av like h\u00f8y kvalitet og like stor bredde som voksne. Vi mener at ungdom under 18 fortjener et sted de kan komme og se sitt yndlingsband i rusfrie og trygge omgivelser. Konsertserien skal v\u00e6re en trygg, men spennende og artig, arena for unge under 18 \u00e5r. Alle konserter har fri eller \u00f8vre aldersgrense, det serveres aldri alkohol p\u00e5 disse arrangementene, vi setter inn ekstra vakthold, konsertbillettene er rimelige og starttidspunktet er tidligere enn normalt.<\/p>\n<p><strong>Kort om UFLAKKS:<\/strong><\/p>\n<p><img loading=\"lazy\" class=\"size-medium wp-image-795 alignleft\" src=\"http:\/\/akks.no\/trondheim\/files\/2019\/10\/UFLAKKSlogo-300x160.jpg\" alt=\"\" width=\"300\" height=\"160\" srcset=\"https:\/\/akks.no\/trondheim\/files\/2019\/10\/UFLAKKSlogo-300x160.jpg 300w, https:\/\/akks.no\/trondheim\/files\/2019\/10\/UFLAKKSlogo-768x410.jpg 768w, https:\/\/akks.no\/trondheim\/files\/2019\/10\/UFLAKKSlogo-1024x546.jpg 1024w, https:\/\/akks.no\/trondheim\/files\/2019\/10\/UFLAKKSlogo-600x320.jpg 600w, https:\/\/akks.no\/trondheim\/files\/2019\/10\/UFLAKKSlogo.jpg 1200w\" sizes=\"(max-width: 300px) 100vw, 300px\" \/>UFLAKKS ble dannet i 2013 etter AKKS Bergen var med p\u00e5 en innspills konferanse i regi av Norske Konsertarrang\u00f8rer og Brak, der en gjeng ungdommer ytret \u00f8nske om a\u030a bedre konserttilbudet for ungdom, samt at de \u00f8nsket a\u030a l\u00e6re hvordan man arrangerer konserter selv. AKKS Bergen tok \u00f8nsket pa\u030a alvor og inviterte ungdommene med i planleggingsfasen av det som skulle utvikle seg til a\u030a bli UFLAKKS. I 2016 startet UFLAKKS opp i Stavanger. Olavshallen har tidligere hatt en U18 konsertserie kalt Trass U18, og har blant annet hatt Cezinando, Amanda Delara og Honningbarna. UFLAKKS Trondheim ble startet i mars 2020 og arrangerer ca 3 konserter i halv\u00e5ret p\u00e5 ulike scener i byen.<\/p>\n<p>Prosjektleder for UFLAKKS er Camilla Harvey Sky (tlf. 99361211)<br \/>\nmail: arrangement@trondheim.akks.no<\/p>\n<p>UFLAKKS Trondheim st\u00f8ttes av Norsk kulturr\u00e5d, Trondheim kommune, NKA Frifond og Tr\u00f8ndelag fylkeskommune. Tusen takk!<\/p>\n<div class=\"cognito\"><script src=\"https:\/\/services.cognitoforms.com\/s\/FXOEPohW70GFEHFUfr-M2Q\"><\/script><br \/>\n<script>Cognito.load(\"forms\", { id: \"5\" });<\/script><\/div>\n","protected":false},"excerpt":{"rendered":"<p>UFLAKKS Trondheim er en ungdomsarrang\u00f8rgruppe som arrangerer konserter for ungdom &#8211; av ungdom.<\/p>\n","protected":false},"author":7,"featured_media":2098,"parent":0,"menu_order":0,"comment_status":"closed","ping_status":"closed","template":"","meta":[],"_links":{"self":[{"href":"https:\/\/akks.no\/trondheim\/wp-json\/wp\/v2\/pages\/794"}],"collection":[{"href":"https:\/\/akks.no\/trondheim\/wp-json\/wp\/v2\/pages"}],"about":[{"href":"https:\/\/akks.no\/trondheim\/wp-json\/wp\/v2\/types\/page"}],"author":[{"embeddable":true,"href":"https:\/\/akks.no\/trondheim\/wp-json\/wp\/v2\/users\/7"}],"replies":[{"embeddable":true,"href":"https:\/\/akks.no\/trondheim\/wp-json\/wp\/v2\/comments?post=794"}],"version-history":[{"count":35,"href":"https:\/\/akks.no\/trondheim\/wp-json\/wp\/v2\/pages\/794\/revisions"}],"predecessor-version":[{"id":2446,"href":"https:\/\/akks.no\/trondheim\/wp-json\/wp\/v2\/pages\/794\/revisions\/2446"}],"wp:featuredmedia":[{"embeddable":true,"href":"https:\/\/akks.no\/trondheim\/wp-json\/wp\/v2\/media\/2098"}],"wp:attachment":[{"href":"https:\/\/akks.no\/trondheim\/wp-json\/wp\/v2\/media?parent=794"}],"curies":[{"name":"wp","href":"https:\/\/api.w.org\/{rel}","templated":true}]}}