{"id":690,"date":"2019-05-20T11:39:53","date_gmt":"2019-05-20T09:39:53","guid":{"rendered":"http:\/\/akks-no.staging.wordpress.idium.no\/trondheim\/?page_id=690"},"modified":"2026-02-26T15:33:11","modified_gmt":"2026-02-26T14:33:11","slug":"instruktorer","status":"publish","type":"page","link":"https:\/\/akks.no\/trondheim\/instruktorer\/","title":{"rendered":"Instrukt\u00f8rer"},"content":{"rendered":"<p><img loading=\"lazy\" class=\"wp-image-1457 alignleft\" src=\"http:\/\/akks.no\/trondheim\/files\/2021\/08\/GitarKarin.jpeg\" alt=\"\" width=\"305\" height=\"203\" srcset=\"https:\/\/akks.no\/trondheim\/files\/2021\/08\/GitarKarin.jpeg 1080w, https:\/\/akks.no\/trondheim\/files\/2021\/08\/GitarKarin-300x200.jpeg 300w, https:\/\/akks.no\/trondheim\/files\/2021\/08\/GitarKarin-1024x683.jpeg 1024w, https:\/\/akks.no\/trondheim\/files\/2021\/08\/GitarKarin-768x512.jpeg 768w, https:\/\/akks.no\/trondheim\/files\/2021\/08\/GitarKarin-720x480.jpeg 720w, https:\/\/akks.no\/trondheim\/files\/2021\/08\/GitarKarin-600x400.jpeg 600w\" sizes=\"(max-width: 305px) 100vw, 305px\" \/><\/p>\n<p><strong>Karin Baadsvik: Gitar<\/strong><\/p>\n<div>Karin har en bachelor i musikkteknologi ved NTNU, og har spilt gitar i over sju \u00e5r.<\/div>\n<div>Hun er bandleder i to band og skriver l\u00e5ter i favorittsjangrene disco, indie, fusion og soul samtidig som hun lever av \u00e5 spille p\u00e5 utesteder og events.<\/div>\n<div>Hun liker funky rytmespill og jazzakkorder, og spiller like gjerne fingerspill p\u00e5 kassegitar som med plekter p\u00e5 el-gitar.<\/div>\n<p>&nbsp;<\/p>\n<p>&nbsp;<\/p>\n<p style=\"text-align: left;\"><strong><img loading=\"lazy\" class=\"wp-image-2292 alignleft\" src=\"http:\/\/akks.no\/trondheim\/files\/2025\/01\/ADa-bilde.jpg\" alt=\"\" width=\"299\" height=\"298\" srcset=\"https:\/\/akks.no\/trondheim\/files\/2025\/01\/ADa-bilde.jpg 960w, https:\/\/akks.no\/trondheim\/files\/2025\/01\/ADa-bilde-300x300.jpg 300w, https:\/\/akks.no\/trondheim\/files\/2025\/01\/ADa-bilde-150x150.jpg 150w, https:\/\/akks.no\/trondheim\/files\/2025\/01\/ADa-bilde-768x766.jpg 768w, https:\/\/akks.no\/trondheim\/files\/2025\/01\/ADa-bilde-600x599.jpg 600w, https:\/\/akks.no\/trondheim\/files\/2025\/01\/ADa-bilde-100x100.jpg 100w\" sizes=\"(max-width: 299px) 100vw, 299px\" \/><\/strong><\/p>\n<p style=\"text-align: left;\"><strong>Ada Veie-Rosvoll: Bass<\/strong><\/p>\n<p>Ada er en aktiv musiker og er aktuell med bandet Klepto, og spiller mye punk og alternativ rock, men og popul\u00e6rmusikk og rytmisk musikk som jazz og funk. Hun har erfaring b\u00e5de fra musikkmilj\u00f8et og studioinnspilling, og studerer fortiden ved Tr\u00f8ndertun og har videre planer om \u00e5 ta lektorutdanning og bli musikkl\u00e6rer. N\u00e5r hun ikke er opptatt med band og spille konserter liker hun \u00e5 holde p\u00e5 med grafisk design og kunst.<\/p>\n<p>&nbsp;<\/p>\n<p>&nbsp;<\/p>\n<p>&nbsp;<\/p>\n<p>&nbsp;<\/p>\n<p><img loading=\"lazy\" class=\"alignleft wp-image-1453 size-medium\" src=\"http:\/\/akks.no\/trondheim\/files\/2021\/08\/Portrett-217x300.jpg\" alt=\"\" width=\"217\" height=\"300\" srcset=\"https:\/\/akks.no\/trondheim\/files\/2021\/08\/Portrett-217x300.jpg 217w, https:\/\/akks.no\/trondheim\/files\/2021\/08\/Portrett-740x1024.jpg 740w, https:\/\/akks.no\/trondheim\/files\/2021\/08\/Portrett-768x1063.jpg 768w, https:\/\/akks.no\/trondheim\/files\/2021\/08\/Portrett-1110x1536.jpg 1110w, https:\/\/akks.no\/trondheim\/files\/2021\/08\/Portrett-1479x2048.jpg 1479w, https:\/\/akks.no\/trondheim\/files\/2021\/08\/Portrett-600x831.jpg 600w, https:\/\/akks.no\/trondheim\/files\/2021\/08\/Portrett-scaled.jpg 1849w\" sizes=\"(max-width: 217px) 100vw, 217px\" \/><\/p>\n<p><strong>Anita Haglund: Vokal<\/strong><\/p>\n<p>Anita Haglund er ein allsidig musikar med r\u00f8ter i ulike formar for rytmisk musikk. Ho studerer for tida master\u00a0i Musikkvitskap ved NTNU med vokal som hovudinstrument. Tidlegare har ho g\u00e5tt musikklinje ved Firda vgs og Tr\u00f8ndertun Folkeh\u00f8gskule. Ho har scene- og studioerfaring\u00a0med ulike konstellasjonar, hovudsakleg rockebandet T\u00f6ddla. I tillegg er ho ogs\u00e5 l\u00e5tskriver.<\/p>\n<p>&nbsp;<\/p>\n<p>&nbsp;<\/p>\n<p>&nbsp;<\/p>\n<p>&nbsp;<\/p>\n<p>&nbsp;<\/p>\n<p style=\"text-align: left;\"><strong><img loading=\"lazy\" class=\"wp-image-2291 alignleft\" src=\"http:\/\/akks.no\/trondheim\/files\/2025\/01\/TyvenHeatFebruary-65-scaled.jpg\" alt=\"\" width=\"292\" height=\"389\" srcset=\"https:\/\/akks.no\/trondheim\/files\/2025\/01\/TyvenHeatFebruary-65-scaled.jpg 1922w, https:\/\/akks.no\/trondheim\/files\/2025\/01\/TyvenHeatFebruary-65-225x300.jpg 225w, https:\/\/akks.no\/trondheim\/files\/2025\/01\/TyvenHeatFebruary-65-769x1024.jpg 769w, https:\/\/akks.no\/trondheim\/files\/2025\/01\/TyvenHeatFebruary-65-768x1023.jpg 768w, https:\/\/akks.no\/trondheim\/files\/2025\/01\/TyvenHeatFebruary-65-1153x1536.jpg 1153w, https:\/\/akks.no\/trondheim\/files\/2025\/01\/TyvenHeatFebruary-65-1538x2048.jpg 1538w, https:\/\/akks.no\/trondheim\/files\/2025\/01\/TyvenHeatFebruary-65-600x799.jpg 600w\" sizes=\"(max-width: 292px) 100vw, 292px\" \/><\/strong><\/p>\n<p style=\"text-align: left;\"><strong>Fay Al-Shamkawy: DJ<\/strong><\/p>\n<p style=\"text-align: left;\">Fay har spilt p\u00e5 steder som Tyven og Lokal, og er 1\/3 av teamet bak DJ-konseptet &laquo;Give Me A Break&raquo;. Hun spesialiserer seg i house og techhouse, og blander inn elementer fra latin, afro og hip-hop, noe som skaper en energisk og unik lyd.<\/p>\n<p>&nbsp;<\/p>\n<p>&nbsp;<\/p>\n<p>&nbsp;<\/p>\n<p>&nbsp;<\/p>\n<p>&nbsp;<\/p>\n<p>&nbsp;<\/p>\n<p>&nbsp;<\/p>\n<p><img loading=\"lazy\" class=\"alignleft wp-image-2028 size-medium\" src=\"http:\/\/akks.no\/trondheim\/files\/2024\/05\/Sondre-profil-2160-x-2160-300x300.jpg\" alt=\"\" width=\"300\" height=\"300\" srcset=\"https:\/\/akks.no\/trondheim\/files\/2024\/05\/Sondre-profil-2160-x-2160-300x300.jpg 300w, https:\/\/akks.no\/trondheim\/files\/2024\/05\/Sondre-profil-2160-x-2160-1024x1024.jpg 1024w, https:\/\/akks.no\/trondheim\/files\/2024\/05\/Sondre-profil-2160-x-2160-150x150.jpg 150w, https:\/\/akks.no\/trondheim\/files\/2024\/05\/Sondre-profil-2160-x-2160-768x768.jpg 768w, https:\/\/akks.no\/trondheim\/files\/2024\/05\/Sondre-profil-2160-x-2160-1536x1536.jpg 1536w, https:\/\/akks.no\/trondheim\/files\/2024\/05\/Sondre-profil-2160-x-2160-2048x2048.jpg 2048w, https:\/\/akks.no\/trondheim\/files\/2024\/05\/Sondre-profil-2160-x-2160-600x600.jpg 600w, https:\/\/akks.no\/trondheim\/files\/2024\/05\/Sondre-profil-2160-x-2160-100x100.jpg 100w\" sizes=\"(max-width: 300px) 100vw, 300px\" \/><\/p>\n<p><strong>Sondre S\u00f8rensen Br\u00f8nstad: Trommer<\/strong><\/p>\n<p>En musikant med f\u00f8tter innenfor de fleste stilarter, men med hovedfokus p\u00e5 popul\u00e6rmusikk av det hardere slaget. Trommeslager i bandene STORM, T\u00f6ddla, Gnukk og Fargeblind og skrikespesialist i d\u00f8dsjazz-bandet Agabas. Driver for \u00f8yeblikket \u00e5 bli ferdig med en mastergrad innenfor Musikkvitenskap p\u00e5 NTNU Trondheim og er ofte ute \u00e5 spiller p\u00e5 konserter og festivaler. God erfaring i studio som innleid trommeslager og med egne musikalske prosjekt. Alltid klar for \u00e5 nerde trommer, musikk og v\u00e6ret.<\/p>\n<p>&nbsp;<\/p>\n<p>&nbsp;<\/p>\n<p>&nbsp;<\/p>\n<p><strong><img loading=\"lazy\" class=\"wp-image-2275 alignleft\" src=\"http:\/\/akks.no\/trondheim\/files\/2024\/12\/Jonas-piano-edit-1-scaled.jpg\" alt=\"\" width=\"285\" height=\"238\" srcset=\"https:\/\/akks.no\/trondheim\/files\/2024\/12\/Jonas-piano-edit-1-scaled.jpg 2560w, https:\/\/akks.no\/trondheim\/files\/2024\/12\/Jonas-piano-edit-1-300x250.jpg 300w, https:\/\/akks.no\/trondheim\/files\/2024\/12\/Jonas-piano-edit-1-1024x855.jpg 1024w, https:\/\/akks.no\/trondheim\/files\/2024\/12\/Jonas-piano-edit-1-768x641.jpg 768w, https:\/\/akks.no\/trondheim\/files\/2024\/12\/Jonas-piano-edit-1-1536x1282.jpg 1536w, https:\/\/akks.no\/trondheim\/files\/2024\/12\/Jonas-piano-edit-1-2048x1710.jpg 2048w, https:\/\/akks.no\/trondheim\/files\/2024\/12\/Jonas-piano-edit-1-600x501.jpg 600w\" sizes=\"(max-width: 285px) 100vw, 285px\" \/><\/strong><\/p>\n<p><strong>Jonas Bjordal: band <\/strong><\/p>\n<p>Jonas er en allsidig musiker med lang erfaring fra \u00e5 spille og instruere band, samt behersker ulike sjangre, alt fra pop til rock og metal. Han spiller til vanlig gitar og keyboard. Han studerer master i musikkteknologi ved NTNU og produserer b\u00e5de musikk for seg selv og andre. I tillegg er han bandleder ukentlig p\u00e5 SNAKKS &#8211; \u00e5pen m\u00f8teplass, hvor han brenner for oppl\u00e6ring i musikk for alle.<\/p>\n<p>&nbsp;<\/p>\n<p>&nbsp;<\/p>\n<p><strong><img loading=\"lazy\" class=\"alignleft wp-image-2606 size-medium\" src=\"http:\/\/akks.no\/trondheim\/files\/2026\/01\/KuleErlend-269x300.jpg\" alt=\"\" width=\"269\" height=\"300\" srcset=\"https:\/\/akks.no\/trondheim\/files\/2026\/01\/KuleErlend-269x300.jpg 269w, https:\/\/akks.no\/trondheim\/files\/2026\/01\/KuleErlend-768x857.jpg 768w, https:\/\/akks.no\/trondheim\/files\/2026\/01\/KuleErlend-600x670.jpg 600w, https:\/\/akks.no\/trondheim\/files\/2026\/01\/KuleErlend.jpg 828w\" sizes=\"(max-width: 269px) 100vw, 269px\" \/><\/strong><\/p>\n<p><strong>Erlend K. H\u00f8ier: Keyboard<\/strong><\/p>\n<p style=\"text-align: left;\">Erlend har fra tidlig alder hatt en lidenskap for musikk. Han spiller i dag i band og utrykker seg hovedsakelig gjennom en blanding av ulike rock sjangere, deriblant alt-rock og post-punk. Han kan gi veiledning for i bruk av synthesizere, rhodes eller orgel, og har piano som sitt hovedinstrument. I det siste har han fokusert mye p\u00e5 improvisert musikk, og han har v\u00e6rt deltager og vertskap ved flere arrangement og konserter med improvisert musikk i sentrum.<\/p>\n<p>&nbsp;<\/p>\n<p>&nbsp;<\/p>\n<p>&nbsp;<\/p>\n<p>&nbsp;<\/p>\n<p style=\"text-align: left;\"><strong><img loading=\"lazy\" class=\"alignleft wp-image-2567 size-medium\" src=\"http:\/\/akks.no\/trondheim\/files\/2026\/01\/C2F4C1DB-D240-453A-A782-7A0AF40E2F22-300x300.jpeg\" alt=\"\" width=\"300\" height=\"300\" srcset=\"https:\/\/akks.no\/trondheim\/files\/2026\/01\/C2F4C1DB-D240-453A-A782-7A0AF40E2F22-300x300.jpeg 300w, https:\/\/akks.no\/trondheim\/files\/2026\/01\/C2F4C1DB-D240-453A-A782-7A0AF40E2F22-150x150.jpeg 150w, https:\/\/akks.no\/trondheim\/files\/2026\/01\/C2F4C1DB-D240-453A-A782-7A0AF40E2F22-768x765.jpeg 768w, https:\/\/akks.no\/trondheim\/files\/2026\/01\/C2F4C1DB-D240-453A-A782-7A0AF40E2F22-600x598.jpeg 600w, https:\/\/akks.no\/trondheim\/files\/2026\/01\/C2F4C1DB-D240-453A-A782-7A0AF40E2F22-100x100.jpeg 100w, https:\/\/akks.no\/trondheim\/files\/2026\/01\/C2F4C1DB-D240-453A-A782-7A0AF40E2F22.jpeg 883w\" sizes=\"(max-width: 300px) 100vw, 300px\" \/><\/strong><\/p>\n<p><strong>Robin Synn\u00f8ve Solem: Musikkproduksjon og l\u00e5tskriving<\/strong><\/p>\n<p>Robin Synn\u00f8ve er aktiv musiker, og har utdanning fra jazzlinja p\u00e5 Leeds Conservatoire i England som bassist. Men da hun kom tilbake til Norge pga covid i 2020, bestemte hun seg for \u00e5 legge jazzen p\u00e5 hylla og l\u00e6re seg \u00e5 produsere egen musikk. Siden da har hun produsert og gitt ut l\u00e5ter under flere pseudonymer i alt fra ambient lydlandskap og tunge beats, til singer\/songwriter folk pop og nyligst ei indie-rock plate med bandet sitt Archer.<\/p>\n<p>Hun er opptatt av \u00e5 vise at man kan gj\u00f8re absolutt hva man vil uten at man n\u00f8dvendigvis trenger en lang utdanning f\u00f8r man begynner \u00e5 ta i ting, uansett om det er \u00e5 produsere musikk eller spille p\u00e5 scene.<\/p>\n<p>&nbsp;<\/p>\n<p>&nbsp;<\/p>\n<p><strong>I tillegg til v\u00e5re faste instrumentalinstrukt\u00f8rer har vi en rekke kursholdere p\u00e5 \u00f8vrige kurs gjennom \u00e5ret.\u00a0<\/strong><\/p>\n","protected":false},"excerpt":{"rendered":"<p>Karin Baadsvik: Gitar Karin har en bachelor i musikkteknologi ved NTNU, og har spilt gitar i over sju \u00e5r. Hun er bandleder i to band og skriver l\u00e5ter i favorittsjangrene disco, indie, fusion og soul samtidig som hun lever av \u00e5 spille p\u00e5 utesteder og events. Hun liker funky rytmespill og jazzakkorder, og spiller like [&hellip;]<\/p>\n","protected":false},"author":7,"featured_media":498,"parent":0,"menu_order":0,"comment_status":"closed","ping_status":"closed","template":"","meta":[],"_links":{"self":[{"href":"https:\/\/akks.no\/trondheim\/wp-json\/wp\/v2\/pages\/690"}],"collection":[{"href":"https:\/\/akks.no\/trondheim\/wp-json\/wp\/v2\/pages"}],"about":[{"href":"https:\/\/akks.no\/trondheim\/wp-json\/wp\/v2\/types\/page"}],"author":[{"embeddable":true,"href":"https:\/\/akks.no\/trondheim\/wp-json\/wp\/v2\/users\/7"}],"replies":[{"embeddable":true,"href":"https:\/\/akks.no\/trondheim\/wp-json\/wp\/v2\/comments?post=690"}],"version-history":[{"count":45,"href":"https:\/\/akks.no\/trondheim\/wp-json\/wp\/v2\/pages\/690\/revisions"}],"predecessor-version":[{"id":2623,"href":"https:\/\/akks.no\/trondheim\/wp-json\/wp\/v2\/pages\/690\/revisions\/2623"}],"wp:featuredmedia":[{"embeddable":true,"href":"https:\/\/akks.no\/trondheim\/wp-json\/wp\/v2\/media\/498"}],"wp:attachment":[{"href":"https:\/\/akks.no\/trondheim\/wp-json\/wp\/v2\/media?parent=690"}],"curies":[{"name":"wp","href":"https:\/\/api.w.org\/{rel}","templated":true}]}}