{"id":439,"date":"2019-05-10T09:57:08","date_gmt":"2019-05-10T07:57:08","guid":{"rendered":"http:\/\/akks-no.staging.wordpress.idium.no\/trondheim\/?page_id=439"},"modified":"2026-01-05T15:47:52","modified_gmt":"2026-01-05T14:47:52","slug":"dj","status":"publish","type":"page","link":"https:\/\/akks.no\/trondheim\/dj\/","title":{"rendered":"DJ-kurs"},"content":{"rendered":"<p><strong>Vi har b\u00e5de en-til-en og gruppekurs, med varighet p\u00e5 6-12 uker per semester. P\u00e5melding for alle kurs finner du <a href=\"https:\/\/akks.no\/trondheim\/pameldingsskjema-kurs\/\">her<\/a>.<\/strong><\/p>\n<p>P\u00e5 dette kurset trenger du ingen forkunnskap, men l\u00e6rer alt du trenger for \u00e5 sette fyr p\u00e5 dansegulvet. P\u00e5 kurset l\u00e6rer du alt om grunnleggende utstyr, b\u00e5de p\u00e5 mikser og cd\/vinylspillere. Du l\u00e6rer om musikk og tempo, eller BPM, og om drop-mikse (hvordan \u00abfade\u00bb en l\u00e5t inn i den neste) og hvordan man beat-mikser. I tillegg f\u00e5r du smarte tips og triks for \u00e5 sikre maksimal hoftevrikking hos de du spiller for!<\/p>\n<p>Kurset er \u00e5pent for alle over 13 \u00e5r, men ungdom under 26, og jenter vil bli prioritert.<\/p>\n<p>Du m\u00e5 stille med PC og headset, resten av utstyret stiller vi med. Dersom du ikke har tilgang p\u00e5 PC og headset, ta kontakt s\u00e5 f\u00e5r du l\u00e5ne av oss.<\/p>\n<p>N\u00e5r: onsdager kl 17 &#8211; 19.00. Kurset varer i 6 uker med oppstart i uke 5 og 15 for v\u00e5rsemesteret 2026.<\/p>\n<p>Hvor: Buranhus musikksenter, Gamle Kongevei 30<\/p>\n<p><strong>AKKS-stipend:<br \/>\n<\/strong>Vi \u00f8nsker ikke at \u00f8konomi skal st\u00e5 i veien for \u00e5 delta p\u00e5 undervisning og kurs. Derfor kan du som har begrenset \u00f8konomi f\u00e5 helt eller delvis redusert deltakeravgift p\u00e5 AKKS-stipend. Velg billettypen som passer best for deg i p\u00e5meldingskjema om du har behov for dette. Tilbudet gjelder alle under 26 \u00e5r. Mottakere av AKKS-stipend m\u00e5 ha gyldig AKKS-medlemskap (koster 50kr pr kalender\u00e5r).<\/p>\n<hr \/>\n<p><strong>Instrukt\u00f8r: Fay Al-shamkawy\u00a0<\/strong><\/p>\n<p><img loading=\"lazy\" class=\"alignnone wp-image-2291 alignleft\" src=\"http:\/\/akks.no\/trondheim\/files\/2025\/01\/TyvenHeatFebruary-65-scaled.jpg\" alt=\"\" width=\"352\" height=\"468\" srcset=\"https:\/\/akks.no\/trondheim\/files\/2025\/01\/TyvenHeatFebruary-65-scaled.jpg 1922w, https:\/\/akks.no\/trondheim\/files\/2025\/01\/TyvenHeatFebruary-65-225x300.jpg 225w, https:\/\/akks.no\/trondheim\/files\/2025\/01\/TyvenHeatFebruary-65-769x1024.jpg 769w, https:\/\/akks.no\/trondheim\/files\/2025\/01\/TyvenHeatFebruary-65-768x1023.jpg 768w, https:\/\/akks.no\/trondheim\/files\/2025\/01\/TyvenHeatFebruary-65-1153x1536.jpg 1153w, https:\/\/akks.no\/trondheim\/files\/2025\/01\/TyvenHeatFebruary-65-1538x2048.jpg 1538w, https:\/\/akks.no\/trondheim\/files\/2025\/01\/TyvenHeatFebruary-65-600x799.jpg 600w\" sizes=\"(max-width: 352px) 100vw, 352px\" \/>Fay har spilt p\u00e5 steder som Tyven og Lokal, og er 1\/3 av teamet bak DJ-konseptet \u00abGive Me A Break\u00bb. Hun spesialiserer seg i house og techhouse, og blander inn elementer fra latin, afro og hip-hop, noe som skaper en energisk og unik lyd.<\/p>\n<p>&nbsp;<\/p>\n<div id=\"checkin_registration\"><\/div>\n<p>&nbsp;<\/p>\n<p>&nbsp;<\/p>\n<p>&nbsp;<\/p>\n<p>&nbsp;<\/p>\n<p>&nbsp;<\/p>\n<p>&nbsp;<\/p>\n<p>&nbsp;<\/p>\n<p>&nbsp;<\/p>\n<p><script src=\"https:\/\/registration.checkin.no\/registration.loader.js\" data-event-id=\"196548\" async><\/script><\/p>\n","protected":false},"excerpt":{"rendered":"<p>Nytt DJ-kurs starter april 2025!<\/p>\n","protected":false},"author":7,"featured_media":1794,"parent":0,"menu_order":0,"comment_status":"closed","ping_status":"closed","template":"","meta":[],"_links":{"self":[{"href":"https:\/\/akks.no\/trondheim\/wp-json\/wp\/v2\/pages\/439"}],"collection":[{"href":"https:\/\/akks.no\/trondheim\/wp-json\/wp\/v2\/pages"}],"about":[{"href":"https:\/\/akks.no\/trondheim\/wp-json\/wp\/v2\/types\/page"}],"author":[{"embeddable":true,"href":"https:\/\/akks.no\/trondheim\/wp-json\/wp\/v2\/users\/7"}],"replies":[{"embeddable":true,"href":"https:\/\/akks.no\/trondheim\/wp-json\/wp\/v2\/comments?post=439"}],"version-history":[{"count":39,"href":"https:\/\/akks.no\/trondheim\/wp-json\/wp\/v2\/pages\/439\/revisions"}],"predecessor-version":[{"id":2556,"href":"https:\/\/akks.no\/trondheim\/wp-json\/wp\/v2\/pages\/439\/revisions\/2556"}],"wp:featuredmedia":[{"embeddable":true,"href":"https:\/\/akks.no\/trondheim\/wp-json\/wp\/v2\/media\/1794"}],"wp:attachment":[{"href":"https:\/\/akks.no\/trondheim\/wp-json\/wp\/v2\/media?parent=439"}],"curies":[{"name":"wp","href":"https:\/\/api.w.org\/{rel}","templated":true}]}}