{"id":433,"date":"2019-05-10T09:55:41","date_gmt":"2019-05-10T07:55:41","guid":{"rendered":"http:\/\/akks-no.staging.wordpress.idium.no\/trondheim\/?page_id=433"},"modified":"2026-01-26T13:37:28","modified_gmt":"2026-01-26T12:37:28","slug":"keyboard","status":"publish","type":"page","link":"https:\/\/akks.no\/trondheim\/keyboard\/","title":{"rendered":"Keyboard"},"content":{"rendered":"<p><strong>Vi har b\u00e5de en-til-en og gruppekurs, med varighet p\u00e5 6-12 uker per semester. P\u00e5melding for alle kurs finner du <a href=\"https:\/\/akks.no\/trondheim\/pameldingsskjema-kurs\/\">her<\/a>.<\/strong><\/p>\n<p>AKKS keyboardkurs passer for alt fra nybegynnere til mer erfarne spillere. Piano og keyboard er et godt utgangspunkt for \u00e5 kunne spille og bedre forst\u00e5 musikk og hvilke bestanddeler den best\u00e5r av. Pianoet er et utrolig allsidig instrument da det b\u00e5de er rytmisk og melodi\u00f8st forankret. Elektrisk piano eller keyboard har dessuten ofte tilleggsfunksjoner, slik som klang og andre effekter som gir enda flere muligheter.<\/p>\n<p>Hovedfokuset i kurset blir \u00e5 jobbe med akkorder og besifring, gjerne til egne \u00f8nskel\u00e5ter. Du vil ogs\u00e5 f\u00e5 innf\u00f8ring i spilleteknikk, stiler og ulike skalaer. I tillegg vil vi snakke om hvordan ulik formidling av melodi og rytme kan f\u00e5 frem ulike stemninger, og hvilke m\u00e5ter man kan akkompagnere en melodi p\u00e5. Vi vil ogs\u00e5 jobbe mye med formidling og improvisasjon.<\/p>\n<p>Fokuset ligger p\u00e5 trivsel og mestring, og v\u00e5r instrukt\u00f8r tilpasser undervisningen til hver enkelt. M\u00e5let er \u00e5 ha det g\u00f8y og utvikle seg gjennom kreativitet.<\/p>\n<p><strong>AKKS-stipend:<br \/>\n<\/strong>Vi \u00f8nsker ikke at \u00f8konomi skal st\u00e5 i veien for \u00e5 delta p\u00e5 undervisning og kurs. Derfor kan du som har begrenset \u00f8konomi f\u00e5 helt eller delvis redusert deltakeravgift p\u00e5 AKKS-stipend. Velg billettypen som passer best for deg i p\u00e5meldingskjema om du har behov for dette. Tilbudet gjelder alle under 26 \u00e5r. Mottakere av AKKS-stipend m\u00e5 ha gyldig AKKS-medlemskap (koster 50kr pr kalender\u00e5r).<\/p>\n<hr \/>\n<p><strong><img loading=\"lazy\" class=\"alignleft wp-image-2606 size-medium\" src=\"http:\/\/akks.no\/trondheim\/files\/2026\/01\/KuleErlend-269x300.jpg\" alt=\"\" width=\"269\" height=\"300\" srcset=\"https:\/\/akks.no\/trondheim\/files\/2026\/01\/KuleErlend-269x300.jpg 269w, https:\/\/akks.no\/trondheim\/files\/2026\/01\/KuleErlend-768x857.jpg 768w, https:\/\/akks.no\/trondheim\/files\/2026\/01\/KuleErlend-600x670.jpg 600w, https:\/\/akks.no\/trondheim\/files\/2026\/01\/KuleErlend.jpg 828w\" sizes=\"(max-width: 269px) 100vw, 269px\" \/><\/strong><\/p>\n<p><strong>Instrukt\u00f8r:<\/strong><strong> Erlend K. H\u00f8ier<\/strong><\/p>\n<p>Erlend har fra tidlig alder hatt en lidenskap for musikk. Han spiller i dag i band og utrykker seg hovedsakelig gjennom en blanding av ulike rock sjangere, deriblant alt-rock og post-punk. Han kan gi veiledning for i bruk av synthesizere, rhodes eller orgel, og har piano som sitt hovedinstrument. I det siste har han fokusert mye p\u00e5 improvisert musikk, og han har v\u00e6rt deltager og vertskap ved flere arrangement og konserter med improvisert musikk i sentrum.<\/p>\n<p>&nbsp;<\/p>\n<div id=\"checkin_registration\"><\/div>\n<p>&nbsp;<\/p>\n<p><script src=\"https:\/\/registration.checkin.no\/registration.loader.js\" data-event-id=\"213570\" async><\/script><\/p>\n","protected":false},"excerpt":{"rendered":"<p>Vi har b\u00e5de en-til-en og gruppekurs, med varighet p\u00e5 6-12 uker per semester. P\u00e5melding for alle kurs finner du her. AKKS keyboardkurs passer for alt fra nybegynnere til mer erfarne spillere. Piano og keyboard er et godt utgangspunkt for \u00e5 kunne spille og bedre forst\u00e5 musikk og hvilke bestanddeler den best\u00e5r av. Pianoet er et [&hellip;]<\/p>\n","protected":false},"author":7,"featured_media":657,"parent":0,"menu_order":0,"comment_status":"closed","ping_status":"closed","template":"","meta":[],"_links":{"self":[{"href":"https:\/\/akks.no\/trondheim\/wp-json\/wp\/v2\/pages\/433"}],"collection":[{"href":"https:\/\/akks.no\/trondheim\/wp-json\/wp\/v2\/pages"}],"about":[{"href":"https:\/\/akks.no\/trondheim\/wp-json\/wp\/v2\/types\/page"}],"author":[{"embeddable":true,"href":"https:\/\/akks.no\/trondheim\/wp-json\/wp\/v2\/users\/7"}],"replies":[{"embeddable":true,"href":"https:\/\/akks.no\/trondheim\/wp-json\/wp\/v2\/comments?post=433"}],"version-history":[{"count":47,"href":"https:\/\/akks.no\/trondheim\/wp-json\/wp\/v2\/pages\/433\/revisions"}],"predecessor-version":[{"id":2609,"href":"https:\/\/akks.no\/trondheim\/wp-json\/wp\/v2\/pages\/433\/revisions\/2609"}],"wp:featuredmedia":[{"embeddable":true,"href":"https:\/\/akks.no\/trondheim\/wp-json\/wp\/v2\/media\/657"}],"wp:attachment":[{"href":"https:\/\/akks.no\/trondheim\/wp-json\/wp\/v2\/media?parent=433"}],"curies":[{"name":"wp","href":"https:\/\/api.w.org\/{rel}","templated":true}]}}