{"id":429,"date":"2019-05-10T09:54:57","date_gmt":"2019-05-10T07:54:57","guid":{"rendered":"http:\/\/akks-no.staging.wordpress.idium.no\/trondheim\/?page_id=429"},"modified":"2026-01-05T15:21:26","modified_gmt":"2026-01-05T14:21:26","slug":"vokal","status":"publish","type":"page","link":"https:\/\/akks.no\/trondheim\/vokal\/","title":{"rendered":"Vokalkurs"},"content":{"rendered":"<p><strong>Vi har b\u00e5de en-til-en og gruppekurs, med varighet p\u00e5 6-12 uker per semester. P\u00e5melding for alle kurs finner du <a href=\"https:\/\/akks.no\/trondheim\/pameldingsskjema-kurs\/\">her<\/a>.<\/strong><\/p>\n<p>AKKS vokalkurs tar for seg alle aspekter ved \u00e5 drive med sang. Vi jobber med sangteknikk; pust, intonasjon, frasering og forskjellige metoder for de ulike sjangerne. Det blir ogs\u00e5 fokus p\u00e5 melodi, rytme, tekstformidling og hvordan man kan bruke dette i en live setting, b\u00e5de med og uten band. Kurset vektlegger ogs\u00e5 bygging av selvtillit og trygghet, og vi jobber med hvordan \u00e5 komme seg over mentale sperrer p\u00e5 best mulig m\u00e5te slik at man kan n\u00e5 de m\u00e5lene man setter seg. Her er alt fra nybegynner til viderekommen velkommen, og det blir satt opp et l\u00f8p tilpasset ditt niv\u00e5!<\/p>\n<p><strong>AKKS-stipend:<br \/>\n<\/strong>Vi \u00f8nsker ikke at \u00f8konomi skal st\u00e5 i veien for \u00e5 delta p\u00e5 undervisning og kurs. Derfor kan du som har begrenset \u00f8konomi f\u00e5 helt eller delvis redusert deltakeravgift p\u00e5 AKKS-stipend. Velg billettypen som passer best for deg i p\u00e5meldingskjema om du har behov for dette. Tilbudet gjelder alle under 26 \u00e5r. Mottakere av AKKS-stipend m\u00e5 ha gyldig AKKS-medlemskap (koster 50kr pr kalender\u00e5r).<\/p>\n<hr \/>\n<p><strong>Instrukt\u00f8r: Anita Haglund<\/strong><\/p>\n<p><img loading=\"lazy\" class=\"wp-image-1453 alignleft\" src=\"http:\/\/akks.no\/trondheim\/files\/2021\/08\/Portrett-scaled.jpg\" alt=\"\" width=\"221\" height=\"306\" srcset=\"https:\/\/akks.no\/trondheim\/files\/2021\/08\/Portrett-scaled.jpg 1849w, https:\/\/akks.no\/trondheim\/files\/2021\/08\/Portrett-217x300.jpg 217w, https:\/\/akks.no\/trondheim\/files\/2021\/08\/Portrett-740x1024.jpg 740w, https:\/\/akks.no\/trondheim\/files\/2021\/08\/Portrett-768x1063.jpg 768w, https:\/\/akks.no\/trondheim\/files\/2021\/08\/Portrett-1110x1536.jpg 1110w, https:\/\/akks.no\/trondheim\/files\/2021\/08\/Portrett-1479x2048.jpg 1479w, https:\/\/akks.no\/trondheim\/files\/2021\/08\/Portrett-600x831.jpg 600w\" sizes=\"(max-width: 221px) 100vw, 221px\" \/><\/p>\n<p>Anita Haglund er ein allsidig musikar med r\u00f8ter i ulike formar for rytmisk musikk. Ho studerer for tida master\u00a0i Musikkvitskap ved NTNU med vokal som hovudinstrument. Tidlegare har ho g\u00e5tt musikklinje ved Firda vgs og Tr\u00f8ndertun Folkeh\u00f8gskule. Ho har scene- og studioerfaring\u00a0med ulike konstellasjonar, hovudsakleg rockebandet T\u00f6ddla. I tillegg er ho ogs\u00e5 l\u00e5tskriver.<\/p>\n<p>&nbsp;<\/p>\n<p>&nbsp;<\/p>\n<p>&nbsp;<\/p>\n<p>&nbsp;<\/p>\n<div id=\"checkin_registration\"><\/div>\n<p>&nbsp;<\/p>\n<p><script src=\"https:\/\/registration.checkin.no\/registration.loader.js\" data-event-id=\"212867\" async><\/script><\/p>\n","protected":false},"excerpt":{"rendered":"<p>Vi har b\u00e5de en-til-en og gruppekurs, med varighet p\u00e5 6-12 uker per semester. P\u00e5melding for alle kurs finner du her. AKKS vokalkurs tar for seg alle aspekter ved \u00e5 drive med sang. Vi jobber med sangteknikk; pust, intonasjon, frasering og forskjellige metoder for de ulike sjangerne. Det blir ogs\u00e5 fokus p\u00e5 melodi, rytme, tekstformidling og [&hellip;]<\/p>\n","protected":false},"author":7,"featured_media":570,"parent":0,"menu_order":0,"comment_status":"closed","ping_status":"closed","template":"","meta":[],"_links":{"self":[{"href":"https:\/\/akks.no\/trondheim\/wp-json\/wp\/v2\/pages\/429"}],"collection":[{"href":"https:\/\/akks.no\/trondheim\/wp-json\/wp\/v2\/pages"}],"about":[{"href":"https:\/\/akks.no\/trondheim\/wp-json\/wp\/v2\/types\/page"}],"author":[{"embeddable":true,"href":"https:\/\/akks.no\/trondheim\/wp-json\/wp\/v2\/users\/7"}],"replies":[{"embeddable":true,"href":"https:\/\/akks.no\/trondheim\/wp-json\/wp\/v2\/comments?post=429"}],"version-history":[{"count":44,"href":"https:\/\/akks.no\/trondheim\/wp-json\/wp\/v2\/pages\/429\/revisions"}],"predecessor-version":[{"id":2542,"href":"https:\/\/akks.no\/trondheim\/wp-json\/wp\/v2\/pages\/429\/revisions\/2542"}],"wp:featuredmedia":[{"embeddable":true,"href":"https:\/\/akks.no\/trondheim\/wp-json\/wp\/v2\/media\/570"}],"wp:attachment":[{"href":"https:\/\/akks.no\/trondheim\/wp-json\/wp\/v2\/media?parent=429"}],"curies":[{"name":"wp","href":"https:\/\/api.w.org\/{rel}","templated":true}]}}