{"id":427,"date":"2019-05-10T09:54:38","date_gmt":"2019-05-10T07:54:38","guid":{"rendered":"http:\/\/akks-no.staging.wordpress.idium.no\/trondheim\/?page_id=427"},"modified":"2026-01-05T15:08:57","modified_gmt":"2026-01-05T14:08:57","slug":"gitar","status":"publish","type":"page","link":"https:\/\/akks.no\/trondheim\/gitar\/","title":{"rendered":"Gitarkurs"},"content":{"rendered":"<p><strong>Vi har b\u00e5de en-til-en og gruppekurs, med varighet p\u00e5 6-12 uker per semester. P\u00e5melding for alle kurs finner du <a href=\"https:\/\/akks.no\/trondheim\/pameldingsskjema-kurs\/\">her<\/a>.<\/strong><\/p>\n<p>Undervisningen blir tilpasset hver enkelt elevs behov og nysgjerrighet. Hovedfokuset vil ligge p\u00e5 \u00e5 l\u00e6re seg grunnleggende gitar. Med dette menes alt fra \u00e5 stemme gitaren, til \u00e5 l\u00e6re grunnleggende akkorder, barregrep og til \u00e5 spille mer avansert fingerspill. P\u00e5 viderekommende niv\u00e5 videreutvikles ferdighetene. Eleven m\u00e5 gjerne komme med \u00f8nsker og innspill underveis.<\/p>\n<p><strong>AKKS-stipend:<br \/>\n<\/strong>Vi \u00f8nsker ikke at \u00f8konomi skal st\u00e5 i veien for \u00e5 delta p\u00e5 undervisning og kurs. Derfor kan du som har begrenset \u00f8konomi f\u00e5 helt eller delvis redusert deltakeravgift p\u00e5 AKKS-stipend. Velg billettypen som passer best for deg i p\u00e5meldingskjema om du har behov for dette. Tilbudet gjelder alle under 26 \u00e5r. Mottakere av AKKS-stipend m\u00e5 ha gyldig AKKS-medlemskap (koster 50kr pr kalender\u00e5r).<\/p>\n<hr \/>\n<p><strong>Instrukt\u00f8r: Karin Baadsvik<\/strong><\/p>\n<p><img loading=\"lazy\" class=\"wp-image-1457 alignleft\" src=\"http:\/\/akks.no\/trondheim\/files\/2021\/08\/GitarKarin.jpeg\" alt=\"\" width=\"341\" height=\"227\" srcset=\"https:\/\/akks.no\/trondheim\/files\/2021\/08\/GitarKarin.jpeg 1080w, https:\/\/akks.no\/trondheim\/files\/2021\/08\/GitarKarin-300x200.jpeg 300w, https:\/\/akks.no\/trondheim\/files\/2021\/08\/GitarKarin-1024x683.jpeg 1024w, https:\/\/akks.no\/trondheim\/files\/2021\/08\/GitarKarin-768x512.jpeg 768w, https:\/\/akks.no\/trondheim\/files\/2021\/08\/GitarKarin-720x480.jpeg 720w, https:\/\/akks.no\/trondheim\/files\/2021\/08\/GitarKarin-600x400.jpeg 600w\" sizes=\"(max-width: 341px) 100vw, 341px\" \/><\/p>\n<div><\/div>\n<div>Karin har en bachelor i musikkteknologi ved NTNU, og har spilt gitar i over ni \u00e5r.<\/div>\n<div>Hun er bandleder i to band, blant annet Nea &amp; the Regulars og skriver l\u00e5ter i favorittsjangrene disco, indie, fusion og soul samtidig som hun lever av \u00e5 spille p\u00e5 utesteder og events.<\/div>\n<div><\/div>\n<div>Hun liker funky rytmespill og jazzakkorder, og spiller like gjerne fingerspill p\u00e5 kassegitar som med plekter p\u00e5 el-gitar.<\/div>\n<p>&nbsp;<\/p>\n<div id=\"checkin_registration\"><\/div>\n<div>P\u00e5melding for gitarkurs v\u00e5ren 2026 (en-til-en):<\/div>\n<p><script src=\"https:\/\/registration.checkin.no\/registration.loader.js\" data-event-id=\"212854\" async><\/script><\/p>\n<p>P\u00e5melding for gitarkurs v\u00e5ren 2026 (gruppe):<\/p>\n<p><script src=\"https:\/\/registration.checkin.no\/registration.loader.js\" data-event-id=\"186468\" async><\/script><\/p>\n","protected":false},"excerpt":{"rendered":"<p>Vi har b\u00e5de en-til-en og gruppekurs, med varighet p\u00e5 6-12 uker per semester. P\u00e5melding for alle kurs finner du her. Undervisningen blir tilpasset hver enkelt elevs behov og nysgjerrighet. Hovedfokuset vil ligge p\u00e5 \u00e5 l\u00e6re seg grunnleggende gitar. Med dette menes alt fra \u00e5 stemme gitaren, til \u00e5 l\u00e6re grunnleggende akkorder, barregrep og til \u00e5 [&hellip;]<\/p>\n","protected":false},"author":7,"featured_media":1081,"parent":0,"menu_order":0,"comment_status":"closed","ping_status":"closed","template":"","meta":[],"_links":{"self":[{"href":"https:\/\/akks.no\/trondheim\/wp-json\/wp\/v2\/pages\/427"}],"collection":[{"href":"https:\/\/akks.no\/trondheim\/wp-json\/wp\/v2\/pages"}],"about":[{"href":"https:\/\/akks.no\/trondheim\/wp-json\/wp\/v2\/types\/page"}],"author":[{"embeddable":true,"href":"https:\/\/akks.no\/trondheim\/wp-json\/wp\/v2\/users\/7"}],"replies":[{"embeddable":true,"href":"https:\/\/akks.no\/trondheim\/wp-json\/wp\/v2\/comments?post=427"}],"version-history":[{"count":46,"href":"https:\/\/akks.no\/trondheim\/wp-json\/wp\/v2\/pages\/427\/revisions"}],"predecessor-version":[{"id":2539,"href":"https:\/\/akks.no\/trondheim\/wp-json\/wp\/v2\/pages\/427\/revisions\/2539"}],"wp:featuredmedia":[{"embeddable":true,"href":"https:\/\/akks.no\/trondheim\/wp-json\/wp\/v2\/media\/1081"}],"wp:attachment":[{"href":"https:\/\/akks.no\/trondheim\/wp-json\/wp\/v2\/media?parent=427"}],"curies":[{"name":"wp","href":"https:\/\/api.w.org\/{rel}","templated":true}]}}