{"id":423,"date":"2019-05-10T09:51:18","date_gmt":"2019-05-10T07:51:18","guid":{"rendered":"http:\/\/akks-no.staging.wordpress.idium.no\/trondheim\/?page_id=423"},"modified":"2026-01-05T15:28:17","modified_gmt":"2026-01-05T14:28:17","slug":"trommer","status":"publish","type":"page","link":"https:\/\/akks.no\/trondheim\/trommer\/","title":{"rendered":"Trommekurs"},"content":{"rendered":"<p><strong>Vi har b\u00e5de en-til-en og gruppekurs, med varighet p\u00e5 6-12 uker per semester. P\u00e5melding for alle kurs finner du <a href=\"https:\/\/akks.no\/trondheim\/pameldingsskjema-kurs\/\">her<\/a>.<\/strong><\/p>\n<p>Trommekursene v\u00e5re er fokusert p\u00e5 individet og innholdet vil v\u00e6re lagt opp deretter. Du kommer til \u00e5 l\u00e6re om koordinasjon, spilleteknikk og det mentale bak \u00e5 v\u00e6re selve ryggraden i et samspill. Du vil l\u00e6re kjennetegn i forskjellige sjangre og hvordan man improviserer. Dette kurset handler om \u00e5 mestre forskjellige &laquo;grooves&raquo; og finurligheter. M\u00e5let er \u00e5 l\u00e6re de store og sm\u00e5 tingene ved et stort og sammensatt instrument.<\/p>\n<p><strong>AKKS-stipend:<br \/>\n<\/strong>Vi \u00f8nsker ikke at \u00f8konomi skal st\u00e5 i veien for \u00e5 delta p\u00e5 undervisning og kurs. Derfor kan du som har begrenset \u00f8konomi f\u00e5 helt eller delvis redusert deltakeravgift p\u00e5 AKKS-stipend. Velg billettypen som passer best for deg i p\u00e5meldingskjema om du har behov for dette. Tilbudet gjelder alle under 26 \u00e5r. Mottakere av AKKS-stipend m\u00e5 ha gyldig AKKS-medlemskap (koster 50kr pr kalender\u00e5r).<\/p>\n<hr \/>\n<p><strong>Instrukt\u00f8r<\/strong><strong>: Sondre S\u00f8rensen Br\u00f8nstad<\/strong><\/p>\n<p>En musiker med f\u00f8tter innenfor de fleste stilarter, men med hovedfokus p\u00e5 popul\u00e6rmusikk av det hardere slaget. Trommeslager i bandene STORM, T\u00f6ddla, Gnukk og Fargeblind og skrikespesialist i d\u00f8dsjazz-bandet Agabas. Driver for \u00f8yeblikket \u00e5 bli ferdig med en mastergrad innenfor Musikkvitenskap p\u00e5 NTNU Trondheim og er ofte ute \u00e5 spiller p\u00e5 konserter og festivaler. God erfaring i studio som innleid trommeslager og med egne musikalske prosjekt. Alltid klar for \u00e5 nerde trommer, musikk og v\u00e6ret.<\/p>\n<div id=\"checkin_registration\"><\/div>\n<p><script src=\"https:\/\/registration.checkin.no\/registration.loader.js\" data-event-id=\"195939\" async><\/script><br \/>\n&nbsp;<\/p>\n","protected":false},"excerpt":{"rendered":"<p>Vi har b\u00e5de en-til-en og gruppekurs, med varighet p\u00e5 6-12 uker per semester. P\u00e5melding for alle kurs finner du her. Trommekursene v\u00e5re er fokusert p\u00e5 individet og innholdet vil v\u00e6re lagt opp deretter. Du kommer til \u00e5 l\u00e6re om koordinasjon, spilleteknikk og det mentale bak \u00e5 v\u00e6re selve ryggraden i et samspill. Du vil l\u00e6re [&hellip;]<\/p>\n","protected":false},"author":7,"featured_media":494,"parent":0,"menu_order":0,"comment_status":"closed","ping_status":"closed","template":"","meta":[],"_links":{"self":[{"href":"https:\/\/akks.no\/trondheim\/wp-json\/wp\/v2\/pages\/423"}],"collection":[{"href":"https:\/\/akks.no\/trondheim\/wp-json\/wp\/v2\/pages"}],"about":[{"href":"https:\/\/akks.no\/trondheim\/wp-json\/wp\/v2\/types\/page"}],"author":[{"embeddable":true,"href":"https:\/\/akks.no\/trondheim\/wp-json\/wp\/v2\/users\/7"}],"replies":[{"embeddable":true,"href":"https:\/\/akks.no\/trondheim\/wp-json\/wp\/v2\/comments?post=423"}],"version-history":[{"count":51,"href":"https:\/\/akks.no\/trondheim\/wp-json\/wp\/v2\/pages\/423\/revisions"}],"predecessor-version":[{"id":2548,"href":"https:\/\/akks.no\/trondheim\/wp-json\/wp\/v2\/pages\/423\/revisions\/2548"}],"wp:featuredmedia":[{"embeddable":true,"href":"https:\/\/akks.no\/trondheim\/wp-json\/wp\/v2\/media\/494"}],"wp:attachment":[{"href":"https:\/\/akks.no\/trondheim\/wp-json\/wp\/v2\/media?parent=423"}],"curies":[{"name":"wp","href":"https:\/\/api.w.org\/{rel}","templated":true}]}}