{"id":39,"date":"2017-10-06T14:57:27","date_gmt":"2017-10-06T12:57:27","guid":{"rendered":"http:\/\/akks-no.staging.wordpress.idium.no\/oslo\/?page_id=39"},"modified":"2026-04-14T13:50:44","modified_gmt":"2026-04-14T11:50:44","slug":"om-oss","status":"publish","type":"page","link":"https:\/\/akks.no\/trondheim\/om-oss\/","title":{"rendered":"Om oss"},"content":{"rendered":"<p><strong>AKKS er en frivillig musikkorganisasjon som jobber for likestilling innenfor feltet rytmisk musikk.\u00a0V\u00e5rt m\u00e5l er \u00e5 rekruttere, motivere og synliggj\u00f8re kvinner i alle ledd av musikklivet.<\/strong><\/p>\n<p><strong>V\u00e5r kjerneaktivitet er musikkoppl\u00e6ring, \u00f8vingslokaler<\/strong><strong>\u00a0og konserter.<\/strong><\/p>\n<p>AKKS ble startet p\u00e5 Blitz i Oslo i 1982, og AKKS Trondheim ble grunnlagt i 1994. I dag har vi avdelinger i Bergen, Kristiansand, Oslo, Stavanger i tillegg til Trondheim.<\/p>\n<p>AKKS Trondheim har sitt virke p\u00e5 Buranhus Musikksenter, Gamle Kongevei 30. Her har vi tre fullt utstyrte \u00f8vingslokaler, tre kurslokaler og kontor.<\/p>\n<p><strong>Hvorfor gj\u00f8r vi dette:<\/strong><\/p>\n<p>Kun 20% av GramArts, TONO og NOPAs medlemmer er kvinner (2016) og bare 23 av de 100 mest spilte norske ut\u00f8verne p\u00e5 norsk radio var kvinner (2015). I norske orkestre er andelen repertoar fra kvinnelige opphavere 0,0055% (2013) og p\u00e5 34 \u00e5r er det kun 4 kvinner som har blitt k\u00e5ret til \u00c5rets Spellemann. \u2028Flertallet blant barn og unge velger kj\u00f8nnstradisjonelt, og det kommer tydelig frem i musikklivet der valg av instrument f\u00f8lger kj\u00f8nn. 9 av 10 som spiller fl\u00f8yte, er jenter, mens det er motsatt p\u00e5 slagverk. (NRK\/Kulturskolene) \u2028En fersk unders\u00f8kelse ved utvalgte universiteter og musikkh\u00f8yskoler i Norden viser en meget lav andel kvinner p\u00e5 alle niv\u00e5 i karrierestigen der kvinner utgjorde hhv 18 og 31% av professorene\/dosentene og f\u00f8rsteamanuensene\/f\u00f8rstelektorer.<\/p>\n<p>Kulturfeltet, og s\u00e6rlig musikkfeltet er kj\u00f8nnsdelt. S\u00e6rlig er skjevhetene i kj\u00f8nnsfordeling blant maktposisjoner store. Dette blir problematisk n\u00e5r de med definisjonsmakt kun representere en del av befolkningen.\u2028 Det er s\u00e6rlig i kulturfeltet at verdier, idealer og normer produseres \u2013 og reproduseres, og det er viktig for hele samfunnet at alle f\u00e5r slippe til.<\/p>\n<p>\u00d8nsker du \u00e5 st\u00f8tte v\u00e5rt arbeid? Bli medlem i #akksfamilien du ogs\u00e5!<\/p>\n<p><a href=\"https:\/\/akks.no\/trondheim\/vedtekter-akks-trondheim\/?preview_id=893&amp;preview_nonce=aa2f581d94&amp;_thumbnail_id=1222&amp;preview=true\">AKKS Trondheims vedtekter finner du her<\/a><\/p>\n<p><strong>Kontakt oss:<\/strong><\/p>\n<p>AKKS Trondheim<br \/>\nGamle kongevei 30<br \/>\n7068 Trondheim<\/p>\n<p>E-post: trondheim@akks.no<br \/>\nTelefon: 97 63 12 65<\/p>\n<p>Kontortid: man-tors 09.00-15.00<\/p>\n<p><script src=\"https:\/\/assets.mailmojo.no\/sdk.js\" data-token=\"tbDZTT63sRwXkMch4tQaFUUZ09L7gP\" async><\/script><\/p>\n","protected":false},"excerpt":{"rendered":"<p>AKKS er en frivillig musikkorganisasjon som jobber for likestilling innenfor feltet rytmisk musikk.\u00a0V\u00e5rt m\u00e5l er \u00e5 rekruttere, motivere og synliggj\u00f8re kvinner i alle ledd av musikklivet. V\u00e5r kjerneaktivitet er musikkoppl\u00e6ring, \u00f8vingslokaler\u00a0og konserter. AKKS ble startet p\u00e5 Blitz i Oslo i 1982, og AKKS Trondheim ble grunnlagt i 1994. I dag har vi avdelinger i Bergen, [&hellip;]<\/p>\n","protected":false},"author":1,"featured_media":699,"parent":0,"menu_order":0,"comment_status":"closed","ping_status":"closed","template":"","meta":[],"_links":{"self":[{"href":"https:\/\/akks.no\/trondheim\/wp-json\/wp\/v2\/pages\/39"}],"collection":[{"href":"https:\/\/akks.no\/trondheim\/wp-json\/wp\/v2\/pages"}],"about":[{"href":"https:\/\/akks.no\/trondheim\/wp-json\/wp\/v2\/types\/page"}],"author":[{"embeddable":true,"href":"https:\/\/akks.no\/trondheim\/wp-json\/wp\/v2\/users\/1"}],"replies":[{"embeddable":true,"href":"https:\/\/akks.no\/trondheim\/wp-json\/wp\/v2\/comments?post=39"}],"version-history":[{"count":17,"href":"https:\/\/akks.no\/trondheim\/wp-json\/wp\/v2\/pages\/39\/revisions"}],"predecessor-version":[{"id":2672,"href":"https:\/\/akks.no\/trondheim\/wp-json\/wp\/v2\/pages\/39\/revisions\/2672"}],"wp:featuredmedia":[{"embeddable":true,"href":"https:\/\/akks.no\/trondheim\/wp-json\/wp\/v2\/media\/699"}],"wp:attachment":[{"href":"https:\/\/akks.no\/trondheim\/wp-json\/wp\/v2\/media?parent=39"}],"curies":[{"name":"wp","href":"https:\/\/api.w.org\/{rel}","templated":true}]}}