{"id":35,"date":"2017-10-06T14:55:55","date_gmt":"2017-10-06T12:55:55","guid":{"rendered":"http:\/\/akks-no.staging.wordpress.idium.no\/oslo\/?page_id=35"},"modified":"2026-03-30T12:55:26","modified_gmt":"2026-03-30T10:55:26","slug":"kurs","status":"publish","type":"page","link":"https:\/\/akks.no\/trondheim\/kurs\/","title":{"rendered":"Kurs"},"content":{"rendered":"<p>AKKS Trondheim arrangerer en rekke musikkrelaterte kurs og workshops. Vi tilbyr semesterbaserte kurs i alle bandinstrument, samt band, DJ og musikkproduksjon. Hver sommer og h\u00f8stferie har vi ferietilbud for barn og unge og vi tilstreber alltid \u00e5 kunne tilby kurs til redusert eller ingen kostnad for de som trenger det.<\/p>\n<p>P\u00e5 v\u00e5re kurs st\u00e5r mestring og spilleglede i fokus, og v\u00e5re instrukt\u00f8rer skaper trygge l\u00e6ringsmilj\u00f8 for kreativ utfoldelse og sosialt samspill. V\u00e5re kurs er \u00e5pne for alle, men v\u00e5rt hovedfokus og prioritet er kvinner, transpersoner og ikke-bin\u00e6re.<\/p>\n<p>Instrumentkursene v\u00e5re har fire runder med 6 ukers kurs i \u00e5ret, hvor man i starten av semesteret kan melde seg p\u00e5 enten 6 eller 12 uker, eller midtveis kan melde seg p\u00e5 6 uker. Vi har oppstart i m\u00e5nedsskiftet januar\/februar, mars\/april, september og oktober\/november, og du kan velge mellom enten gruppekurs eller en-til-en undervisning.<\/p>\n<p>Neste oppstart er i april 2026. P\u00e5melding er \u00e5pen, og g\u00e5r l\u00f8pende frem til p\u00e5meldingsfrist 1-2 uker f\u00f8r oppstart. Kursene foreg\u00e5r p\u00e5 Buranhus p\u00e5 Lademoen.<\/p>\n<p><strong>En-til-en kurs<\/strong>: Best\u00e5r av undervisning med kun deg og instrukt\u00f8r. Fra 7 \u00e5r og oppover.<\/p>\n<p><strong>Gruppekurs<\/strong>: Best\u00e5r av grupper p\u00e5 3-6 deltakere som sammen l\u00e6rer seg \u00e5 f.eks synge eller spille gitar. Sm\u00e5 grupper s\u00f8rger for god individuell oppf\u00f8lging, samt samspill og sosialt p\u00e5fyll.<\/p>\n<p><strong>AKKS-stipendet:<br \/>\n<\/strong>Vi \u00f8nsker ikke at \u00f8konomi skal st\u00e5 i veien for \u00e5 delta p\u00e5 undervisning og kurs. Derfor kan du som har begrenset \u00f8konomi f\u00e5 helt eller delvis redusert deltakeravgift p\u00e5 AKKS-stipend. Kryss av for dette i p\u00e5meldingskjema og skriv en kort begrunnelse. Tilbudet gjelder alle kursdeltakere under 26 \u00e5r og forutser gyldig AKKS-medlemskap (50kr pr kalender\u00e5r).<\/p>\n<p>V\u00e5re kurs er st\u00f8ttet av Trondheim Kommune, KOMP og Frifond.<\/p>\n","protected":false},"excerpt":{"rendered":"<p>Nye instrument-, vokal-, band, DJ- og musikkproduksjonskurs starter i januar 2026. Meld deg p\u00e5 n\u00e5!<\/p>\n","protected":false},"author":1,"featured_media":1406,"parent":0,"menu_order":0,"comment_status":"closed","ping_status":"closed","template":"","meta":[],"_links":{"self":[{"href":"https:\/\/akks.no\/trondheim\/wp-json\/wp\/v2\/pages\/35"}],"collection":[{"href":"https:\/\/akks.no\/trondheim\/wp-json\/wp\/v2\/pages"}],"about":[{"href":"https:\/\/akks.no\/trondheim\/wp-json\/wp\/v2\/types\/page"}],"author":[{"embeddable":true,"href":"https:\/\/akks.no\/trondheim\/wp-json\/wp\/v2\/users\/1"}],"replies":[{"embeddable":true,"href":"https:\/\/akks.no\/trondheim\/wp-json\/wp\/v2\/comments?post=35"}],"version-history":[{"count":30,"href":"https:\/\/akks.no\/trondheim\/wp-json\/wp\/v2\/pages\/35\/revisions"}],"predecessor-version":[{"id":2644,"href":"https:\/\/akks.no\/trondheim\/wp-json\/wp\/v2\/pages\/35\/revisions\/2644"}],"wp:featuredmedia":[{"embeddable":true,"href":"https:\/\/akks.no\/trondheim\/wp-json\/wp\/v2\/media\/1406"}],"wp:attachment":[{"href":"https:\/\/akks.no\/trondheim\/wp-json\/wp\/v2\/media?parent=35"}],"curies":[{"name":"wp","href":"https:\/\/api.w.org\/{rel}","templated":true}]}}