{"id":2660,"date":"2026-04-01T15:48:04","date_gmt":"2026-04-01T13:48:04","guid":{"rendered":"https:\/\/akks.no\/trondheim\/?page_id=2660"},"modified":"2026-04-01T15:57:26","modified_gmt":"2026-04-01T13:57:26","slug":"hangout-pa-buranhus","status":"publish","type":"page","link":"https:\/\/akks.no\/trondheim\/prosjekter\/hangout-pa-buranhus\/","title":{"rendered":"Hangout p\u00e5 Buranhus"},"content":{"rendered":"<p class=\"query-text-line ng-star-inserted\">Buran bibliotek holder stengt for oppussing fram til v\u00e5ren 2027. I denne perioden flytter deler av aktiviteten inn hos AKKS Trondheim p\u00e5 Buranhus, slik at nabolaget fortsatt har en \u00e5pen m\u00f8teplass for barn, ungdom og barnefamilier.<\/p>\n<p class=\"query-text-line ng-star-inserted\">Mens biblioteket bygges ut for \u00e5 gi plass til st\u00f8rre barneavdeling, studieplasser og flerbrukssoner, har vi etablert et samarbeid for \u00e5 sikre et godt lokaltilbud i n\u00e6rmilj\u00f8et.<\/p>\n<h2 class=\"query-text-line ng-star-inserted\">En \u00e5pen m\u00f8teplass p\u00e5 Buranhus<\/h2>\n<p class=\"query-text-line ng-star-inserted\">Selv om de ordin\u00e6re bibliotekfunksjonene (som utl\u00e5n og innlevering) er satt p\u00e5 pause ved denne avdelingen, vil Buranhus fungere som en sosial arena i ukedagene.<\/p>\n<p class=\"query-text-line ng-star-inserted\">Ansatte fra biblioteket vil v\u00e6re fysisk til stede p\u00e5 Buranhus hver mandag og torsdag. De \u00f8vrige dagene er det ansatte fra AKKS som drifter huset.<\/p>\n<h2 class=\"query-text-line ng-star-inserted\">\u00c5pningstider og program p\u00e5 Buranhus<\/h2>\n<p class=\"query-text-line ng-star-inserted\"><strong>Mandag:<\/strong> Biblioteket har \u00e5pent 14:00-19:00<\/p>\n<p class=\"query-text-line ng-star-inserted\"><strong>Tirsdag:<\/strong> AKKS har \u00e5pent 14:00-18:00<\/p>\n<p class=\"query-text-line ng-star-inserted\"><strong>Onsdag:<\/strong> AKKS har \u00e5pent 14:00-18:00<\/p>\n<p class=\"query-text-line ng-star-inserted\"><strong>Torsdag:<\/strong> Biblioteket har \u00e5pent 14:00-19:00<\/p>\n<p class=\"query-text-line ng-star-inserted\"><strong>Fredag:<\/strong> SNAKKS \u00e5pen m\u00f8teplass 14:00-18:00<\/p>\n<p>&nbsp;<\/p>\n<p class=\"query-text-line ng-star-inserted\"><strong>Biblioteket:<\/strong> Her kan du lese b\u00f8ker og aviser, spille spill, game og f\u00e5 leksehjelp etter skolen.<\/p>\n<p class=\"query-text-line ng-star-inserted\"><strong>AKKS:<\/strong> Huset er \u00e5pent med tilgang til instrumenter, DJ-utstyr, studio og \u00f8vingsrom. Kom og spill, lag musikk, \u00f8v eller v\u00e6r kreativ \u2013 eller bare heng med oss.<\/p>\n<p class=\"query-text-line ng-star-inserted\"><strong>SNAKKS:<\/strong> \u00c5pen m\u00f8teplass for ungdom (14\u201320 \u00e5r) som er interessert i musikk. Spill i band, jam, lag musikk, pr\u00f8v DJ-utstyr eller bli med p\u00e5 workshops. Instrukt\u00f8rer er til stede \u2013 og det er gratis pizza!<\/p>\n","protected":false},"excerpt":{"rendered":"<p>Buran bibliotek holder stengt for oppussing fram til v\u00e5ren 2027. I denne perioden flytter deler av aktiviteten inn hos AKKS Trondheim p\u00e5 Buranhus, slik at nabolaget fortsatt har en \u00e5pen m\u00f8teplass for barn, ungdom og barnefamilier. Mens biblioteket bygges ut for \u00e5 gi plass til st\u00f8rre barneavdeling, studieplasser og flerbrukssoner, har vi etablert et samarbeid [&hellip;]<\/p>\n","protected":false},"author":7,"featured_media":2661,"parent":107,"menu_order":0,"comment_status":"closed","ping_status":"closed","template":"","meta":[],"_links":{"self":[{"href":"https:\/\/akks.no\/trondheim\/wp-json\/wp\/v2\/pages\/2660"}],"collection":[{"href":"https:\/\/akks.no\/trondheim\/wp-json\/wp\/v2\/pages"}],"about":[{"href":"https:\/\/akks.no\/trondheim\/wp-json\/wp\/v2\/types\/page"}],"author":[{"embeddable":true,"href":"https:\/\/akks.no\/trondheim\/wp-json\/wp\/v2\/users\/7"}],"replies":[{"embeddable":true,"href":"https:\/\/akks.no\/trondheim\/wp-json\/wp\/v2\/comments?post=2660"}],"version-history":[{"count":3,"href":"https:\/\/akks.no\/trondheim\/wp-json\/wp\/v2\/pages\/2660\/revisions"}],"predecessor-version":[{"id":2666,"href":"https:\/\/akks.no\/trondheim\/wp-json\/wp\/v2\/pages\/2660\/revisions\/2666"}],"up":[{"embeddable":true,"href":"https:\/\/akks.no\/trondheim\/wp-json\/wp\/v2\/pages\/107"}],"wp:featuredmedia":[{"embeddable":true,"href":"https:\/\/akks.no\/trondheim\/wp-json\/wp\/v2\/media\/2661"}],"wp:attachment":[{"href":"https:\/\/akks.no\/trondheim\/wp-json\/wp\/v2\/media?parent=2660"}],"curies":[{"name":"wp","href":"https:\/\/api.w.org\/{rel}","templated":true}]}}