{"id":2453,"date":"2025-08-25T13:37:30","date_gmt":"2025-08-25T11:37:30","guid":{"rendered":"https:\/\/akks.no\/trondheim\/?page_id=2453"},"modified":"2025-08-25T14:40:34","modified_gmt":"2025-08-25T12:40:34","slug":"snakks-smash-turnering","status":"publish","type":"page","link":"https:\/\/akks.no\/trondheim\/snakks-apen-moteplass\/snakks-smash-turnering\/","title":{"rendered":"SNAKKS &#8211; Smash turnering!"},"content":{"rendered":"<p>16. mai og 13. juni hadde vi \u00e5rets andre og tredje turnering i Smash Ultimate p\u00e5 SNAKKS! Det var godt oppm\u00f8te og de fleste deltok p\u00e5 turneringen, p\u00e5 tross av at ikke alle hadde spilt Smash f\u00f8r. Det resulterte i mange spennende matcher!<\/p>\n<p>&nbsp;<\/p>\n<p><img loading=\"lazy\" class=\"alignnone wp-image-2456\" src=\"http:\/\/akks.no\/trondheim\/files\/2025\/08\/AKKS-Gaming20-scaled.jpg\" alt=\"\" width=\"829\" height=\"553\" srcset=\"https:\/\/akks.no\/trondheim\/files\/2025\/08\/AKKS-Gaming20-scaled.jpg 2560w, https:\/\/akks.no\/trondheim\/files\/2025\/08\/AKKS-Gaming20-300x200.jpg 300w, https:\/\/akks.no\/trondheim\/files\/2025\/08\/AKKS-Gaming20-1024x683.jpg 1024w, https:\/\/akks.no\/trondheim\/files\/2025\/08\/AKKS-Gaming20-768x512.jpg 768w, https:\/\/akks.no\/trondheim\/files\/2025\/08\/AKKS-Gaming20-1536x1025.jpg 1536w, https:\/\/akks.no\/trondheim\/files\/2025\/08\/AKKS-Gaming20-2048x1367.jpg 2048w, https:\/\/akks.no\/trondheim\/files\/2025\/08\/AKKS-Gaming20-720x480.jpg 720w, https:\/\/akks.no\/trondheim\/files\/2025\/08\/AKKS-Gaming20-600x400.jpg 600w\" sizes=\"(max-width: 829px) 100vw, 829px\" \/><\/p>\n<p><img loading=\"lazy\" class=\"alignnone wp-image-2459\" src=\"http:\/\/akks.no\/trondheim\/files\/2025\/08\/AKKS-Gaming18-scaled.jpg\" alt=\"\" width=\"863\" height=\"576\" srcset=\"https:\/\/akks.no\/trondheim\/files\/2025\/08\/AKKS-Gaming18-scaled.jpg 2560w, https:\/\/akks.no\/trondheim\/files\/2025\/08\/AKKS-Gaming18-300x200.jpg 300w, https:\/\/akks.no\/trondheim\/files\/2025\/08\/AKKS-Gaming18-1024x683.jpg 1024w, https:\/\/akks.no\/trondheim\/files\/2025\/08\/AKKS-Gaming18-768x512.jpg 768w, https:\/\/akks.no\/trondheim\/files\/2025\/08\/AKKS-Gaming18-1536x1025.jpg 1536w, https:\/\/akks.no\/trondheim\/files\/2025\/08\/AKKS-Gaming18-2048x1367.jpg 2048w, https:\/\/akks.no\/trondheim\/files\/2025\/08\/AKKS-Gaming18-720x480.jpg 720w, https:\/\/akks.no\/trondheim\/files\/2025\/08\/AKKS-Gaming18-600x400.jpg 600w\" sizes=\"(max-width: 863px) 100vw, 863px\" \/><\/p>\n<p>Det ble en knepen seier p\u00e5 Ashe, men Koji sin Kazuya var farlig n\u00e6re \u00e5 vinne, til heiarop og full jublen i salen, og stemningen blant publikum var elektrisk.<\/p>\n<div class=\"entry-content-asset\">\n    <iframe loading=\"lazy\" title=\"SUS #3 - Turnering i Smash Ultimate p\u00e5 SNAKKS\" width=\"500\" height=\"281\" src=\"https:\/\/www.youtube.com\/embed\/xgW95fjB2vI?feature=oembed\" frameborder=\"0\" allow=\"accelerometer; autoplay; clipboard-write; encrypted-media; gyroscope; picture-in-picture; web-share\" referrerpolicy=\"strict-origin-when-cross-origin\" allowfullscreen><\/iframe><\/div>\n<p>video av stream fra turnering med kommentator Jonas \ud83d\ude42<\/p>\n","protected":false},"excerpt":{"rendered":"<p>16. mai og 13. juni hadde vi \u00e5rets andre og tredje turnering i Smash Ultimate p\u00e5 SNAKKS! Det var godt oppm\u00f8te og de fleste deltok p\u00e5 turneringen, p\u00e5 tross av at ikke alle hadde spilt Smash f\u00f8r. Det resulterte i mange spennende matcher! &nbsp; Det ble en knepen seier p\u00e5 Ashe, men Koji sin Kazuya [&hellip;]<\/p>\n","protected":false},"author":7,"featured_media":2454,"parent":1834,"menu_order":0,"comment_status":"closed","ping_status":"closed","template":"","meta":[],"_links":{"self":[{"href":"https:\/\/akks.no\/trondheim\/wp-json\/wp\/v2\/pages\/2453"}],"collection":[{"href":"https:\/\/akks.no\/trondheim\/wp-json\/wp\/v2\/pages"}],"about":[{"href":"https:\/\/akks.no\/trondheim\/wp-json\/wp\/v2\/types\/page"}],"author":[{"embeddable":true,"href":"https:\/\/akks.no\/trondheim\/wp-json\/wp\/v2\/users\/7"}],"replies":[{"embeddable":true,"href":"https:\/\/akks.no\/trondheim\/wp-json\/wp\/v2\/comments?post=2453"}],"version-history":[{"count":6,"href":"https:\/\/akks.no\/trondheim\/wp-json\/wp\/v2\/pages\/2453\/revisions"}],"predecessor-version":[{"id":2466,"href":"https:\/\/akks.no\/trondheim\/wp-json\/wp\/v2\/pages\/2453\/revisions\/2466"}],"up":[{"embeddable":true,"href":"https:\/\/akks.no\/trondheim\/wp-json\/wp\/v2\/pages\/1834"}],"wp:featuredmedia":[{"embeddable":true,"href":"https:\/\/akks.no\/trondheim\/wp-json\/wp\/v2\/media\/2454"}],"wp:attachment":[{"href":"https:\/\/akks.no\/trondheim\/wp-json\/wp\/v2\/media?parent=2453"}],"curies":[{"name":"wp","href":"https:\/\/api.w.org\/{rel}","templated":true}]}}