{"id":2310,"date":"2025-01-25T18:12:21","date_gmt":"2025-01-25T17:12:21","guid":{"rendered":"https:\/\/akks.no\/trondheim\/?page_id=2310"},"modified":"2026-01-22T13:54:36","modified_gmt":"2026-01-22T12:54:36","slug":"loud-songs-vinterferien","status":"publish","type":"page","link":"https:\/\/akks.no\/trondheim\/loud-bandleir\/loud-songs-vinterferien\/","title":{"rendered":"LOUD songs! Vinterferien"},"content":{"rendered":"<p><strong>Bruk vinterferien til \u00e5 bli kjent med nye mennesker, l\u00e6r \u00e5 skrive, spille inn og produsere egen l\u00e5t i studio og p\u00e5 egen pc!<\/strong><\/p>\n<p>LOUD songs! er en l\u00e5tskrivercamp som arrangeres for jenter, ikke-bin\u00e6re og transpersoner i alderen 13-26 \u00e5r p\u00e5 dagtid i vinterferien p\u00e5 Buranhus. Leiren krever ingen forkunnskaper, og deltakerne blir veiledet av dyktige instrukt\u00f8rer med erfaring fra musikklivet i Trondheim. I l\u00f8pet av uken har vi l\u00e5tskrive-sessions ulike workshops med innspilling og musikkproduksjon, og du blir kjent med andre musikkinteresserte. Vi avslutter uken med \u00e5 h\u00f8re p\u00e5 hverandres musikk og l\u00e6re hvordan en kan gi ut musikk p\u00e5 ulike plattformer.<\/p>\n<p><b>P\u00e5 LOUD songs vil du oppleve f\u00f8lgende:<br \/>\n<\/b>Leiren passer b\u00e5de for helt nybegynnere, og er ogs\u00e5 like g\u00f8y for de som har drevet med l\u00e5tskriving og musikkproduksjon fra f\u00f8r av. Vi har alt som trengs av utstyr, men om du har egen laptop du vil jobbe p\u00e5 og musikkprogram du foretrekker \u00e5 bruke, s\u00e5 gjerne ta med det! Eget headset eller \u00f8repropper kan og taes med, evt. f\u00e5r du l\u00e5ne headsett.<\/p>\n<p>Vi starter uken med \u00e5 bli kjent, f\u00f8r vi setter i gang med l\u00e5tskriving. Her f\u00e5r alle deltakerne pr\u00f8ve seg p\u00e5 \u00e5 skrive tekst og sette melodi\/finne akkorder, enten i grupper eller individuelt. Neste del av campen best\u00e5r av \u00e5 l\u00e6re litt grunnleggende om innspilling og produksjon i studio, hvor resten av tiden brukes p\u00e5 \u00e5 spille inn og produsere en l\u00e5t.<\/p>\n<p>V\u00e5re dyktige instrukt\u00f8rer vil veilede og guide dere gjennom hele uken i b\u00e5de l\u00e5tskriving, innspilling og musikkproduksjon. Songcampen gir deg et dypdykk inn i musikkverdenen og du vil blant annet l\u00e6re om l\u00e5tskriving, hvordan bruke utstyr og musikkprogram til \u00e5 f\u00e5 frem din musikalske id\u00e9 og gj\u00f8re en bra innspilling og produksjon. Du f\u00e5r og l\u00e6re litt om artistutvikling, og hvordan artister og produsenter jobber, fra idestadiet til et ferdig produkt, og f\u00e5r innblikk i hva en slik prosess best\u00e5r av. Du kan og f\u00e5 hjelp med \u00e5 skrive egen artistbio og beskrive hva slags musikk og sjanger l\u00e5ten din kan tilh\u00f8re, ogs\u00e5 hva slags utstyr en trenger for \u00e5 fortsette \u00e5 spille inn og produsere egen musikk. Vi gir og hjelp til \u00e5 s\u00f8ke frifondmidler til innkj\u00f8p av musikkutstyr som musikkinnspillings-program, mikrofon og lydkort. Og ikke minst blir du kjent med mange nye musikkinteresserte jenter! Vi gleder oss til en sosial og musikalsk uke!<\/p>\n<p><strong>Utstyr tilgjengelig til bruk p\u00e5 kurset:<br \/>\n<\/strong>Ableton Live Suite 11 (5 stasjoner), Logic X 5 stasjoner, Shure SM7B, headsett, Scarlett focusrite 3rd gen Melodyne pitch corrector software og Native Instruments Kontakt Virtual software instruments\/sample library, Midi keyboard Arturia MKII 5 stk, 2 sett h\u00f8yttalere\/monitorer, 1 stk Theremin, 1stk Moog Minilogue<\/p>\n<p>&nbsp;<\/p>\n<p><strong>Pris: 1200<\/strong>,- Inkluderer lunsj alle dager (forutsetter AKKS-medlemskap, som koster 50kr pr kalender\u00e5r).<b><\/b><\/p>\n<p><strong><em>Vi har ogs\u00e5 AKKS-stipend, dvs. at du kan f\u00e5 helt eller delvis redusert kursavgift p\u00e5 alle v\u00e5re kurs.<\/em><\/strong><\/p>\n<p><strong>Tid:\u00a0<\/strong>Uke 8\/vinterferien: 16.-19. februar 2026<br \/>\n<strong>Sted:\u00a0<\/strong>Buranhus Musikksenter<\/p>\n<p>Kurset er st\u00f8ttet av Norsk musikkr\u00e5d Frifond<\/p>\n<p><em>Kort om LOUD:<\/em> LOUD er en workshop som arrangeres over hele lander i regi av AKKS og JM Norway. LOUD er for jenter og ikke-bin\u00e6re mellom 11 og 17 \u00e5r. I l\u00f8pet av noen dager f\u00e5r deltakerne pr\u00f8ve seg p\u00e5 l\u00e5tskriving, l\u00e6re \u00e5 spille inn og produsere musikk i studio med musikkprogram og treffe andre musikkinteresserte og danne nye vennskap. LOUD jobber for \u00e5 skape selvtillit, samhold og musikkinteresse. Leiren passer b\u00e5de for deltakere som kan litt fra f\u00f8r, men og de som har lyst \u00e5 pr\u00f8ve seg p\u00e5 noe helt nytt! AKKS Trondheim arrangerer LOUD songs! i vinterferien i 2025, men du har ogs\u00e5 mulighet til \u00e5 delta p\u00e5 andre LOUD camper der ungdom fra hele landet deltar. Les mer om den nasjonale LOUD leiren<\/p>\n<div id=\"checkin_registration\"><\/div>\n<p><script src=\"https:\/\/registration.checkin.no\/registration.loader.js\" data-event-id=\"173430\" async><\/script><\/p>\n","protected":false},"excerpt":{"rendered":"<p>P\u00e5melding til LOUD! Songs 2026 er \u00e5pen!<\/p>\n","protected":false},"author":7,"featured_media":2603,"parent":883,"menu_order":0,"comment_status":"closed","ping_status":"closed","template":"","meta":[],"_links":{"self":[{"href":"https:\/\/akks.no\/trondheim\/wp-json\/wp\/v2\/pages\/2310"}],"collection":[{"href":"https:\/\/akks.no\/trondheim\/wp-json\/wp\/v2\/pages"}],"about":[{"href":"https:\/\/akks.no\/trondheim\/wp-json\/wp\/v2\/types\/page"}],"author":[{"embeddable":true,"href":"https:\/\/akks.no\/trondheim\/wp-json\/wp\/v2\/users\/7"}],"replies":[{"embeddable":true,"href":"https:\/\/akks.no\/trondheim\/wp-json\/wp\/v2\/comments?post=2310"}],"version-history":[{"count":10,"href":"https:\/\/akks.no\/trondheim\/wp-json\/wp\/v2\/pages\/2310\/revisions"}],"predecessor-version":[{"id":2604,"href":"https:\/\/akks.no\/trondheim\/wp-json\/wp\/v2\/pages\/2310\/revisions\/2604"}],"up":[{"embeddable":true,"href":"https:\/\/akks.no\/trondheim\/wp-json\/wp\/v2\/pages\/883"}],"wp:featuredmedia":[{"embeddable":true,"href":"https:\/\/akks.no\/trondheim\/wp-json\/wp\/v2\/media\/2603"}],"wp:attachment":[{"href":"https:\/\/akks.no\/trondheim\/wp-json\/wp\/v2\/media?parent=2310"}],"curies":[{"name":"wp","href":"https:\/\/api.w.org\/{rel}","templated":true}]}}