{"id":1948,"date":"2024-04-02T03:58:35","date_gmt":"2024-04-02T01:58:35","guid":{"rendered":"https:\/\/akks.no\/trondheim\/?page_id=1948"},"modified":"2025-08-25T14:38:51","modified_gmt":"2025-08-25T12:38:51","slug":"konserter-2","status":"publish","type":"page","link":"https:\/\/akks.no\/trondheim\/snakks-apen-moteplass\/konserter-2\/","title":{"rendered":"Konserter med SNAKKS-band!"},"content":{"rendered":"<h2 style=\"text-align: center;\"><\/h2>\n<p><img loading=\"lazy\" class=\"alignnone size-full wp-image-1949\" src=\"http:\/\/akks.no\/trondheim\/files\/2024\/04\/bandbilde-konserten-scaled.jpg\" alt=\"\" width=\"2560\" height=\"1708\" srcset=\"https:\/\/akks.no\/trondheim\/files\/2024\/04\/bandbilde-konserten-scaled.jpg 2560w, https:\/\/akks.no\/trondheim\/files\/2024\/04\/bandbilde-konserten-300x200.jpg 300w, https:\/\/akks.no\/trondheim\/files\/2024\/04\/bandbilde-konserten-1024x683.jpg 1024w, https:\/\/akks.no\/trondheim\/files\/2024\/04\/bandbilde-konserten-768x512.jpg 768w, https:\/\/akks.no\/trondheim\/files\/2024\/04\/bandbilde-konserten-1536x1025.jpg 1536w, https:\/\/akks.no\/trondheim\/files\/2024\/04\/bandbilde-konserten-2048x1367.jpg 2048w, https:\/\/akks.no\/trondheim\/files\/2024\/04\/bandbilde-konserten-720x480.jpg 720w, https:\/\/akks.no\/trondheim\/files\/2024\/04\/bandbilde-konserten-600x400.jpg 600w\" sizes=\"(max-width: 2560px) 100vw, 2560px\" \/><\/p>\n<p><em>La baguette rouge<\/em> markerer kvinnedagen med 8. mars konsert p\u00e5 Rosendal Kaf\u00e9<\/p>\n<p><img loading=\"lazy\" class=\"alignnone size-full wp-image-1950\" src=\"http:\/\/akks.no\/trondheim\/files\/2024\/04\/Purely-green-scaled.jpg\" alt=\"\" width=\"2560\" height=\"1708\" srcset=\"https:\/\/akks.no\/trondheim\/files\/2024\/04\/Purely-green-scaled.jpg 2560w, https:\/\/akks.no\/trondheim\/files\/2024\/04\/Purely-green-300x200.jpg 300w, https:\/\/akks.no\/trondheim\/files\/2024\/04\/Purely-green-1024x683.jpg 1024w, https:\/\/akks.no\/trondheim\/files\/2024\/04\/Purely-green-768x512.jpg 768w, https:\/\/akks.no\/trondheim\/files\/2024\/04\/Purely-green-1536x1025.jpg 1536w, https:\/\/akks.no\/trondheim\/files\/2024\/04\/Purely-green-2048x1367.jpg 2048w, https:\/\/akks.no\/trondheim\/files\/2024\/04\/Purely-green-720x480.jpg 720w, https:\/\/akks.no\/trondheim\/files\/2024\/04\/Purely-green-600x400.jpg 600w\" sizes=\"(max-width: 2560px) 100vw, 2560px\" \/><\/p>\n<p style=\"text-align: left;\"><em>Purely Green p\u00e5 Rosendal Teater<\/em><\/p>\n<p>&nbsp;<\/p>\n<p><img loading=\"lazy\" class=\"alignnone size-full wp-image-1942\" src=\"http:\/\/akks.no\/trondheim\/files\/2024\/04\/Huskonsert-AKKS-redusert-fil-size-scaled.jpg\" alt=\"\" width=\"2560\" height=\"1708\" srcset=\"https:\/\/akks.no\/trondheim\/files\/2024\/04\/Huskonsert-AKKS-redusert-fil-size-scaled.jpg 2560w, https:\/\/akks.no\/trondheim\/files\/2024\/04\/Huskonsert-AKKS-redusert-fil-size-300x200.jpg 300w, https:\/\/akks.no\/trondheim\/files\/2024\/04\/Huskonsert-AKKS-redusert-fil-size-1024x683.jpg 1024w, https:\/\/akks.no\/trondheim\/files\/2024\/04\/Huskonsert-AKKS-redusert-fil-size-768x512.jpg 768w, https:\/\/akks.no\/trondheim\/files\/2024\/04\/Huskonsert-AKKS-redusert-fil-size-1536x1025.jpg 1536w, https:\/\/akks.no\/trondheim\/files\/2024\/04\/Huskonsert-AKKS-redusert-fil-size-2048x1367.jpg 2048w, https:\/\/akks.no\/trondheim\/files\/2024\/04\/Huskonsert-AKKS-redusert-fil-size-720x480.jpg 720w, https:\/\/akks.no\/trondheim\/files\/2024\/04\/Huskonsert-AKKS-redusert-fil-size-600x400.jpg 600w\" sizes=\"(max-width: 2560px) 100vw, 2560px\" \/><\/p>\n<p>AKKS-konsert 21 mars p\u00e5 Buranhus!<\/p>\n","protected":false},"excerpt":{"rendered":"<p>Mange band har tilh\u00f8righet til SNAKKS og jammer jevnlig hos oss! Her kan du se noen av konsertene som SNAKKS-band har v\u00e6rt med p\u00e5!<\/p>\n","protected":false},"author":7,"featured_media":1949,"parent":1834,"menu_order":0,"comment_status":"closed","ping_status":"closed","template":"","meta":[],"_links":{"self":[{"href":"https:\/\/akks.no\/trondheim\/wp-json\/wp\/v2\/pages\/1948"}],"collection":[{"href":"https:\/\/akks.no\/trondheim\/wp-json\/wp\/v2\/pages"}],"about":[{"href":"https:\/\/akks.no\/trondheim\/wp-json\/wp\/v2\/types\/page"}],"author":[{"embeddable":true,"href":"https:\/\/akks.no\/trondheim\/wp-json\/wp\/v2\/users\/7"}],"replies":[{"embeddable":true,"href":"https:\/\/akks.no\/trondheim\/wp-json\/wp\/v2\/comments?post=1948"}],"version-history":[{"count":3,"href":"https:\/\/akks.no\/trondheim\/wp-json\/wp\/v2\/pages\/1948\/revisions"}],"predecessor-version":[{"id":2464,"href":"https:\/\/akks.no\/trondheim\/wp-json\/wp\/v2\/pages\/1948\/revisions\/2464"}],"up":[{"embeddable":true,"href":"https:\/\/akks.no\/trondheim\/wp-json\/wp\/v2\/pages\/1834"}],"wp:featuredmedia":[{"embeddable":true,"href":"https:\/\/akks.no\/trondheim\/wp-json\/wp\/v2\/media\/1949"}],"wp:attachment":[{"href":"https:\/\/akks.no\/trondheim\/wp-json\/wp\/v2\/media?parent=1948"}],"curies":[{"name":"wp","href":"https:\/\/api.w.org\/{rel}","templated":true}]}}