{"id":1946,"date":"2024-04-02T03:48:50","date_gmt":"2024-04-02T01:48:50","guid":{"rendered":"https:\/\/akks.no\/trondheim\/?page_id=1946"},"modified":"2025-08-25T14:34:33","modified_gmt":"2025-08-25T12:34:33","slug":"snakks-nytt","status":"publish","type":"page","link":"https:\/\/akks.no\/trondheim\/snakks-apen-moteplass\/snakks-nytt\/","title":{"rendered":"SNAKKS &#8211; hvilke aktiviteter foreg\u00e5r p\u00e5 huset?"},"content":{"rendered":"<h2><strong>SNAKKS-podcasten<\/strong><\/h2>\n<p><img loading=\"lazy\" class=\"alignnone wp-image-1954\" src=\"http:\/\/akks.no\/trondheim\/files\/2024\/04\/Snakks-podcast-4-yay.png\" alt=\"\" width=\"554\" height=\"369\" srcset=\"https:\/\/akks.no\/trondheim\/files\/2024\/04\/Snakks-podcast-4-yay.png 1454w, https:\/\/akks.no\/trondheim\/files\/2024\/04\/Snakks-podcast-4-yay-300x200.png 300w, https:\/\/akks.no\/trondheim\/files\/2024\/04\/Snakks-podcast-4-yay-1024x682.png 1024w, https:\/\/akks.no\/trondheim\/files\/2024\/04\/Snakks-podcast-4-yay-768x512.png 768w, https:\/\/akks.no\/trondheim\/files\/2024\/04\/Snakks-podcast-4-yay-720x480.png 720w, https:\/\/akks.no\/trondheim\/files\/2024\/04\/Snakks-podcast-4-yay-600x400.png 600w\" sizes=\"(max-width: 554px) 100vw, 554px\" \/><\/p>\n<p>Til n\u00e5 har vi jobbet med \u00e5 spille inn og produsere \u00e5pningsvignetten og musikken til Snakks-podcasten, samt planlegge ulike temaer som vi vil diskutere.<\/p>\n<p><strong>Episode 1<\/strong> ble spilt inn 3. februar og hadde premiere 23. april i fjor og kan ses p\u00e5 v\u00e5r Youtube-kanal her:<\/p>\n<p><a href=\"https:\/\/www.youtube.com\/watch?v=qp063QaaETg&amp;ab_channel=SNAKKSTrondheim\">https:\/\/www.youtube.com\/watch?v=qp063QaaETg&amp;ab_channel=SNAKKSTrondheim<\/a><\/p>\n<p><img loading=\"lazy\" class=\"alignnone wp-image-1955\" src=\"http:\/\/akks.no\/trondheim\/files\/2024\/04\/snakkssnakks-podcast-yay.png\" alt=\"\" width=\"554\" height=\"369\" srcset=\"https:\/\/akks.no\/trondheim\/files\/2024\/04\/snakkssnakks-podcast-yay.png 1454w, https:\/\/akks.no\/trondheim\/files\/2024\/04\/snakkssnakks-podcast-yay-300x200.png 300w, https:\/\/akks.no\/trondheim\/files\/2024\/04\/snakkssnakks-podcast-yay-1024x682.png 1024w, https:\/\/akks.no\/trondheim\/files\/2024\/04\/snakkssnakks-podcast-yay-768x512.png 768w, https:\/\/akks.no\/trondheim\/files\/2024\/04\/snakkssnakks-podcast-yay-720x480.png 720w, https:\/\/akks.no\/trondheim\/files\/2024\/04\/snakkssnakks-podcast-yay-600x400.png 600w\" sizes=\"(max-width: 554px) 100vw, 554px\" \/><\/p>\n<p>Episode 1 markerte startskuddet for v\u00e5r podcast og innspillingen tok hele 2 timer! I regien hadde vi Hannah, som fikk litt av en jobb med \u00e5 lede oss gjennom en rekke tema som var blitt etterspurt. Blant annet hva folk liker \u00e5 spise p\u00e5 pizzaen, ytringsfrihet, dialekter, frukt, spise kiwi med skall, sitron og lakris, food crimes til det \u00e5 spille i band, Purely Green, hva slags musikk vi liker \u00e5 h\u00f8re p\u00e5, serier, kj\u00f8nnsbalanse og forventninger i musikkverden, samt forbilder og masse mer. Ikke minst snakker vi om oppstarten av SNAKKS Trondheim og idemyldrer forslag til g\u00f8yale ting vi vil gj\u00f8re de neste fredagene p\u00e5 SNAKKS av workshops og aktiviteter. Episoden avsluttes med \u00e5 gj\u00f8re oss noen tanker om hvorfor folk trives p\u00e5 SNAKKS, hva som er fordelen med \u00e5 ha en slik m\u00f8teplass og ikke minst hvordan folk har m\u00f8ttes her og blitt venner.<\/p>\n<p><strong>Episode 2<\/strong> ble startet planlagt og spilt inn 13. oktober. Denne gangen hadde vi l\u00e6rt fra sist, og satte en tidsbegrensning p\u00e5 innspillingen til \u00e5 pr\u00f8ve \u00e5 holde samtalen til maks 30 min. Episoden er n\u00e5 ferdig bearbeidet og klar for \u00e5 slippes, s\u00e5 f\u00f8lg med! Denne gangen var det Hedvig som ledet an, og det var s\u00e6rlig ett tema som vekket stort engasjement blant ungdommene, nemlig buss. F\u00f8lg med p\u00e5 kanalene v\u00e5re for \u00e5 f\u00e5 med deg dette!<\/p>\n<p>&nbsp;<\/p>\n<p><img loading=\"lazy\" class=\"wp-image-1957 aligncenter\" src=\"http:\/\/akks.no\/trondheim\/files\/2024\/04\/kitchen-gang-film-scaled.jpg\" alt=\"\" width=\"800\" height=\"534\" srcset=\"https:\/\/akks.no\/trondheim\/files\/2024\/04\/kitchen-gang-film-scaled.jpg 2560w, https:\/\/akks.no\/trondheim\/files\/2024\/04\/kitchen-gang-film-300x200.jpg 300w, https:\/\/akks.no\/trondheim\/files\/2024\/04\/kitchen-gang-film-1024x683.jpg 1024w, https:\/\/akks.no\/trondheim\/files\/2024\/04\/kitchen-gang-film-768x512.jpg 768w, https:\/\/akks.no\/trondheim\/files\/2024\/04\/kitchen-gang-film-1536x1025.jpg 1536w, https:\/\/akks.no\/trondheim\/files\/2024\/04\/kitchen-gang-film-2048x1367.jpg 2048w, https:\/\/akks.no\/trondheim\/files\/2024\/04\/kitchen-gang-film-720x480.jpg 720w, https:\/\/akks.no\/trondheim\/files\/2024\/04\/kitchen-gang-film-600x400.jpg 600w\" sizes=\"(max-width: 800px) 100vw, 800px\" \/><\/p>\n<h3 style=\"text-align: center;\"><strong>Film-innspilling p\u00e5 gang!<\/strong><\/h3>\n<p>I kulissene og i gangene p\u00e5 SNAKKS foreg\u00e5r det n\u00e5 fortiden ivrig idemyldring og planlegging rundt innspillingen av en kortfilm, hvor vi p\u00e5 SNAKKS tolker Stranger Things. Serien har en hel tirade av karakter-galleri, noe som passer ypperlig med v\u00e5r stadig \u00f8kende antall SNAKKS-ere, s\u00e5 det er lite som tyder p\u00e5 at det blir et problem \u00e5 finne rolle til de som \u00f8nsker \u00e5 innta en. Forel\u00f8pig jobbes det med manus og storyboard. Noen av SNAKKSerne har dessuten erfaring fra teater og musikal, s\u00e5 dette blir helt sikkert bra! Planen er og \u00e5 spille inn egen musikk som er inspirert av musikken i Stranger Things, s\u00e5 vi gleder oss til \u00e5 se resultatet!<\/p>\n<p><img loading=\"lazy\" class=\"wp-image-1956 aligncenter\" src=\"http:\/\/akks.no\/trondheim\/files\/2024\/04\/KLimpre1-scaled.jpg\" alt=\"\" width=\"598\" height=\"399\" srcset=\"https:\/\/akks.no\/trondheim\/files\/2024\/04\/KLimpre1-scaled.jpg 2560w, https:\/\/akks.no\/trondheim\/files\/2024\/04\/KLimpre1-300x200.jpg 300w, https:\/\/akks.no\/trondheim\/files\/2024\/04\/KLimpre1-1024x683.jpg 1024w, https:\/\/akks.no\/trondheim\/files\/2024\/04\/KLimpre1-768x512.jpg 768w, https:\/\/akks.no\/trondheim\/files\/2024\/04\/KLimpre1-1536x1025.jpg 1536w, https:\/\/akks.no\/trondheim\/files\/2024\/04\/KLimpre1-2048x1367.jpg 2048w, https:\/\/akks.no\/trondheim\/files\/2024\/04\/KLimpre1-720x480.jpg 720w, https:\/\/akks.no\/trondheim\/files\/2024\/04\/KLimpre1-600x400.jpg 600w\" sizes=\"(max-width: 598px) 100vw, 598px\" \/><\/p>\n<h2 style=\"text-align: center;\"><strong>SNAKKS-l\u00e5t og studio<\/strong><\/h2>\n<p>Vi har og et prosjekt hvor vi fors\u00f8ker \u00e5 lage en felles-l\u00e5t til SNAKKS i studio. Hvis du er interessert i musikk, innspilling og produksjon, s\u00e5 er det bare \u00e5 slenge seg p\u00e5! Stikkord er mystisk, utenomjordisk, spaca, goofy, energisk. Her er det bare \u00e5 komme med ideer!<\/p>\n<p><img loading=\"lazy\" class=\"wp-image-1958 aligncenter\" src=\"http:\/\/akks.no\/trondheim\/files\/2024\/04\/Kpop8-liepa-maika-signe-mina-scaled.jpg\" alt=\"\" width=\"725\" height=\"483\" srcset=\"https:\/\/akks.no\/trondheim\/files\/2024\/04\/Kpop8-liepa-maika-signe-mina-scaled.jpg 2560w, https:\/\/akks.no\/trondheim\/files\/2024\/04\/Kpop8-liepa-maika-signe-mina-300x200.jpg 300w, https:\/\/akks.no\/trondheim\/files\/2024\/04\/Kpop8-liepa-maika-signe-mina-1024x683.jpg 1024w, https:\/\/akks.no\/trondheim\/files\/2024\/04\/Kpop8-liepa-maika-signe-mina-768x512.jpg 768w, https:\/\/akks.no\/trondheim\/files\/2024\/04\/Kpop8-liepa-maika-signe-mina-1536x1025.jpg 1536w, https:\/\/akks.no\/trondheim\/files\/2024\/04\/Kpop8-liepa-maika-signe-mina-2048x1367.jpg 2048w, https:\/\/akks.no\/trondheim\/files\/2024\/04\/Kpop8-liepa-maika-signe-mina-720x480.jpg 720w, https:\/\/akks.no\/trondheim\/files\/2024\/04\/Kpop8-liepa-maika-signe-mina-600x400.jpg 600w\" sizes=\"(max-width: 725px) 100vw, 725px\" \/><\/p>\n","protected":false},"excerpt":{"rendered":"<p>Er du interessert i media, lage podcast, filminnspilling, lage musikk video eller annet slags SNAKKS-content? SNAKKS har blant annet en egen podcast som du kan lese mer om her! \u00d8nsker du \u00e5 v\u00e6re med og bidra til media s\u00e5 er det bare \u00e5 ta kontakt!<\/p>\n","protected":false},"author":7,"featured_media":1954,"parent":1834,"menu_order":0,"comment_status":"closed","ping_status":"closed","template":"","meta":[],"_links":{"self":[{"href":"https:\/\/akks.no\/trondheim\/wp-json\/wp\/v2\/pages\/1946"}],"collection":[{"href":"https:\/\/akks.no\/trondheim\/wp-json\/wp\/v2\/pages"}],"about":[{"href":"https:\/\/akks.no\/trondheim\/wp-json\/wp\/v2\/types\/page"}],"author":[{"embeddable":true,"href":"https:\/\/akks.no\/trondheim\/wp-json\/wp\/v2\/users\/7"}],"replies":[{"embeddable":true,"href":"https:\/\/akks.no\/trondheim\/wp-json\/wp\/v2\/comments?post=1946"}],"version-history":[{"count":5,"href":"https:\/\/akks.no\/trondheim\/wp-json\/wp\/v2\/pages\/1946\/revisions"}],"predecessor-version":[{"id":2463,"href":"https:\/\/akks.no\/trondheim\/wp-json\/wp\/v2\/pages\/1946\/revisions\/2463"}],"up":[{"embeddable":true,"href":"https:\/\/akks.no\/trondheim\/wp-json\/wp\/v2\/pages\/1834"}],"wp:featuredmedia":[{"embeddable":true,"href":"https:\/\/akks.no\/trondheim\/wp-json\/wp\/v2\/media\/1954"}],"wp:attachment":[{"href":"https:\/\/akks.no\/trondheim\/wp-json\/wp\/v2\/media?parent=1946"}],"curies":[{"name":"wp","href":"https:\/\/api.w.org\/{rel}","templated":true}]}}