{"id":1941,"date":"2024-04-02T03:24:42","date_gmt":"2024-04-02T01:24:42","guid":{"rendered":"https:\/\/akks.no\/trondheim\/?page_id=1941"},"modified":"2026-03-30T14:37:10","modified_gmt":"2026-03-30T12:37:10","slug":"apen-scene","status":"publish","type":"page","link":"https:\/\/akks.no\/trondheim\/snakks-apen-moteplass\/apen-scene\/","title":{"rendered":"\u00c5pen Scene p\u00e5 SNAKKS"},"content":{"rendered":"<p>F\u00f8rste fredag hver m\u00e5ned arrangerer SNAKKS \u00c5pen Scene! Her kan alle f\u00e5 pr\u00f8vd seg p\u00e5 en trygg scene, enten de har en ferdig l\u00e5t, har med seg band eller kommer alene og bare har lyst til \u00e5 teste en l\u00e5t og \u00f8ve seg p\u00e5 \u00e5 spille p\u00e5 en scene. Vi stiller med instrument og band samt bra publikum! P\u00e5 SNAKKS jobber vi for at alle skal ha det bra og f\u00f8le seg komfortabel nok til \u00e5 pr\u00f8ve ut nye ting. Vi st\u00f8tter og hjelper hverandre.<\/p>\n<p>M\u00e5let med dette konseptet er at det skal v\u00e6re s\u00e5 lav terskel som mulig for \u00e5 vise frem noe eller hive seg uti! Du beh\u00f8ver heller ikke kunne noe fra f\u00f8r for \u00e5 teste ut en l\u00e5t. Vi stiller med evt. backingband om det trengs s\u00e5 her er det bare \u00e5 melde interesse! Som alltid stiller vi og med gratis mat og snacks! Og det er bare \u00e5 ta med en venn eller flere!<\/p>\n<p><img loading=\"lazy\" class=\"wp-image-1943 aligncenter\" src=\"http:\/\/akks.no\/trondheim\/files\/2024\/04\/bandhelegjengen-kult-lys-scaled.jpg\" alt=\"\" width=\"732\" height=\"489\" srcset=\"https:\/\/akks.no\/trondheim\/files\/2024\/04\/bandhelegjengen-kult-lys-scaled.jpg 2560w, https:\/\/akks.no\/trondheim\/files\/2024\/04\/bandhelegjengen-kult-lys-300x200.jpg 300w, https:\/\/akks.no\/trondheim\/files\/2024\/04\/bandhelegjengen-kult-lys-1024x683.jpg 1024w, https:\/\/akks.no\/trondheim\/files\/2024\/04\/bandhelegjengen-kult-lys-768x512.jpg 768w, https:\/\/akks.no\/trondheim\/files\/2024\/04\/bandhelegjengen-kult-lys-1536x1025.jpg 1536w, https:\/\/akks.no\/trondheim\/files\/2024\/04\/bandhelegjengen-kult-lys-2048x1367.jpg 2048w, https:\/\/akks.no\/trondheim\/files\/2024\/04\/bandhelegjengen-kult-lys-720x480.jpg 720w, https:\/\/akks.no\/trondheim\/files\/2024\/04\/bandhelegjengen-kult-lys-600x400.jpg 600w\" sizes=\"(max-width: 732px) 100vw, 732px\" \/><\/p>\n<h2 style=\"text-align: center;\"><strong>Datoer for SNAKKS \u00c5pen Scene 2026:<\/strong><\/h2>\n<p style=\"text-align: center;\"><strong>6. februar<\/strong><\/p>\n<p style=\"text-align: center;\"><strong>6. mars<\/strong><\/p>\n<p style=\"text-align: center;\"><strong>10. april<\/strong><\/p>\n<p style=\"text-align: center;\"><strong>8. mai<\/strong><\/p>\n<p style=\"text-align: center;\"><strong>5. juni<\/strong><\/p>\n<p style=\"text-align: center;\">&#8211;<\/p>\n<p style=\"text-align: center;\"><strong>6. november<\/strong><\/p>\n<p style=\"text-align: center;\"><strong>4. desember<\/strong><\/p>\n<p>&nbsp;<\/p>\n","protected":false},"excerpt":{"rendered":"<p>SNAKKS arrangerer \u00c5pen Scene! F\u00f8rste fredag i m\u00e5neden! Her kan alle f\u00e5 pr\u00f8vd seg enten du er helt ny eller kan litt fra f\u00f8r. Vi \u00e5pner scenen 16-18!<\/p>\n","protected":false},"author":7,"featured_media":1942,"parent":1834,"menu_order":0,"comment_status":"closed","ping_status":"closed","template":"","meta":[],"_links":{"self":[{"href":"https:\/\/akks.no\/trondheim\/wp-json\/wp\/v2\/pages\/1941"}],"collection":[{"href":"https:\/\/akks.no\/trondheim\/wp-json\/wp\/v2\/pages"}],"about":[{"href":"https:\/\/akks.no\/trondheim\/wp-json\/wp\/v2\/types\/page"}],"author":[{"embeddable":true,"href":"https:\/\/akks.no\/trondheim\/wp-json\/wp\/v2\/users\/7"}],"replies":[{"embeddable":true,"href":"https:\/\/akks.no\/trondheim\/wp-json\/wp\/v2\/comments?post=1941"}],"version-history":[{"count":6,"href":"https:\/\/akks.no\/trondheim\/wp-json\/wp\/v2\/pages\/1941\/revisions"}],"predecessor-version":[{"id":2646,"href":"https:\/\/akks.no\/trondheim\/wp-json\/wp\/v2\/pages\/1941\/revisions\/2646"}],"up":[{"embeddable":true,"href":"https:\/\/akks.no\/trondheim\/wp-json\/wp\/v2\/pages\/1834"}],"wp:featuredmedia":[{"embeddable":true,"href":"https:\/\/akks.no\/trondheim\/wp-json\/wp\/v2\/media\/1942"}],"wp:attachment":[{"href":"https:\/\/akks.no\/trondheim\/wp-json\/wp\/v2\/media?parent=1941"}],"curies":[{"name":"wp","href":"https:\/\/api.w.org\/{rel}","templated":true}]}}