{"id":1931,"date":"2024-04-02T02:43:35","date_gmt":"2024-04-02T00:43:35","guid":{"rendered":"https:\/\/akks.no\/trondheim\/?page_id=1931"},"modified":"2025-08-25T14:35:15","modified_gmt":"2025-08-25T12:35:15","slug":"snakks-instruktorene","status":"publish","type":"page","link":"https:\/\/akks.no\/trondheim\/snakks-apen-moteplass\/snakks-instruktorene\/","title":{"rendered":"SNAKKS instrukt\u00f8rene"},"content":{"rendered":"<p><strong><img loading=\"lazy\" class=\"alignnone wp-image-480 alignleft\" src=\"http:\/\/akks.no\/trondheim\/files\/2019\/05\/Jenny.jpg\" alt=\"\" width=\"492\" height=\"378\" srcset=\"https:\/\/akks.no\/trondheim\/files\/2019\/05\/Jenny.jpg 4737w, https:\/\/akks.no\/trondheim\/files\/2019\/05\/Jenny-300x231.jpg 300w, https:\/\/akks.no\/trondheim\/files\/2019\/05\/Jenny-768x591.jpg 768w, https:\/\/akks.no\/trondheim\/files\/2019\/05\/Jenny-1024x788.jpg 1024w, https:\/\/akks.no\/trondheim\/files\/2019\/05\/Jenny-600x462.jpg 600w\" sizes=\"(max-width: 492px) 100vw, 492px\" \/>Jenny Brandal <\/strong>er prosjektleder og instrukt\u00f8r for SNAKKS Trondheim. Hun er fra Trondheim og har en master i musikkteknologi ved NTNU. Hun er artist, produsent og l\u00e5tskriver, og elsker \u00e5 spille alle slags instrumenter, men er s\u00e6rlig glad i trommer og vokal. Hun har bakgrunn som pianist og har interesse for musikkteori og analyse av musikk. Til vanlig er og hun instrukt\u00f8r for musikkproduksjon, piano, LOUD, bandcamper og k-pop-kurs. I tillegg er hun glad i teknologi, roboter, tegning, foto, oppfinnelser, spill og Japan, samt det \u00e5 bli kjent med nye folk! Jenny digger alle slags spinnville ideer og har gjerne flere prosjekter i sving! Fun fact: elsker boba-te!<\/p>\n<p>&nbsp;<\/p>\n<p><img loading=\"lazy\" class=\"wp-image-1933 alignleft\" src=\"http:\/\/akks.no\/trondheim\/files\/2024\/04\/Jonas-Bjordal-bilde-scaled.jpg\" alt=\"\" width=\"488\" height=\"528\" srcset=\"https:\/\/akks.no\/trondheim\/files\/2024\/04\/Jonas-Bjordal-bilde-scaled.jpg 2365w, https:\/\/akks.no\/trondheim\/files\/2024\/04\/Jonas-Bjordal-bilde-277x300.jpg 277w, https:\/\/akks.no\/trondheim\/files\/2024\/04\/Jonas-Bjordal-bilde-946x1024.jpg 946w, https:\/\/akks.no\/trondheim\/files\/2024\/04\/Jonas-Bjordal-bilde-768x831.jpg 768w, https:\/\/akks.no\/trondheim\/files\/2024\/04\/Jonas-Bjordal-bilde-1419x1536.jpg 1419w, https:\/\/akks.no\/trondheim\/files\/2024\/04\/Jonas-Bjordal-bilde-1892x2048.jpg 1892w, https:\/\/akks.no\/trondheim\/files\/2024\/04\/Jonas-Bjordal-bilde-600x649.jpg 600w\" sizes=\"(max-width: 488px) 100vw, 488px\" \/><\/p>\n<p>&nbsp;<\/p>\n<p>&nbsp;<\/p>\n<p>&nbsp;<\/p>\n<p><strong>Jonas Bjordal<\/strong> er bandleder og instrukt\u00f8r for SNAKKS Trondheim. Han er opprinnelig fra Bergen og har en bachelor i musikkteknologi ved NTNU. Han spiller f\u00f8rst og fremst gitar, men er en allsidig musiker og kan de fleste instrument. Han har og mye erfaring og interesse for \u00e5 skrive og produsere l\u00e5ter, samt gi oppl\u00e6ring og tilpasse l\u00e5ter og musikk til ulike niv\u00e5 s\u00e5 alle kan delta i samspill. Ellers er han interessert i trening, og har mye erfaring med b\u00e5de profesjonell coaching av ut\u00f8vere i blant annet e-sport, samt underholdning og streaming. I tillegg jobber han som studio-musiker og har bidratt med gitar p\u00e5 blant annet l\u00e5ten &laquo;Want&raquo; av k-pop artisten Taemin. Fun fact: Jonas har konkurrert i e-sport og var p\u00e5 et tidspunkt nummer to beste ut\u00f8ver i Norge i Super Smash Ultimate Bros. Han spiller karakteren Link.<\/p>\n","protected":false},"excerpt":{"rendered":"<p>SNAKKS \u00e5pen m\u00f8teplass drives av prosjektleder Jenny Brandal, samt bandleder Jonas Bjordal. I tillegg har vi innimellom bes\u00f8k av dyktige workshop-holdere og andre instrukt\u00f8rer!<\/p>\n","protected":false},"author":7,"featured_media":1933,"parent":1834,"menu_order":0,"comment_status":"closed","ping_status":"closed","template":"","meta":[],"_links":{"self":[{"href":"https:\/\/akks.no\/trondheim\/wp-json\/wp\/v2\/pages\/1931"}],"collection":[{"href":"https:\/\/akks.no\/trondheim\/wp-json\/wp\/v2\/pages"}],"about":[{"href":"https:\/\/akks.no\/trondheim\/wp-json\/wp\/v2\/types\/page"}],"author":[{"embeddable":true,"href":"https:\/\/akks.no\/trondheim\/wp-json\/wp\/v2\/users\/7"}],"replies":[{"embeddable":true,"href":"https:\/\/akks.no\/trondheim\/wp-json\/wp\/v2\/comments?post=1931"}],"version-history":[{"count":3,"href":"https:\/\/akks.no\/trondheim\/wp-json\/wp\/v2\/pages\/1931\/revisions"}],"predecessor-version":[{"id":2032,"href":"https:\/\/akks.no\/trondheim\/wp-json\/wp\/v2\/pages\/1931\/revisions\/2032"}],"up":[{"embeddable":true,"href":"https:\/\/akks.no\/trondheim\/wp-json\/wp\/v2\/pages\/1834"}],"wp:featuredmedia":[{"embeddable":true,"href":"https:\/\/akks.no\/trondheim\/wp-json\/wp\/v2\/media\/1933"}],"wp:attachment":[{"href":"https:\/\/akks.no\/trondheim\/wp-json\/wp\/v2\/media?parent=1931"}],"curies":[{"name":"wp","href":"https:\/\/api.w.org\/{rel}","templated":true}]}}