{"id":1857,"date":"2023-11-13T13:21:45","date_gmt":"2023-11-13T12:21:45","guid":{"rendered":"https:\/\/akks.no\/trondheim\/?page_id=1857"},"modified":"2026-04-16T13:09:11","modified_gmt":"2026-04-16T11:09:11","slug":"nyhetsbrev","status":"publish","type":"page","link":"https:\/\/akks.no\/trondheim\/nyhetsbrev\/","title":{"rendered":"V\u00e5rt nyhetsbrev"},"content":{"rendered":"<p><img loading=\"lazy\" class=\"alignnone size-full wp-image-2676\" src=\"http:\/\/akks.no\/trondheim\/files\/2026\/04\/facebookheader.jpg\" alt=\"\" width=\"851\" height=\"315\" srcset=\"https:\/\/akks.no\/trondheim\/files\/2026\/04\/facebookheader.jpg 851w, https:\/\/akks.no\/trondheim\/files\/2026\/04\/facebookheader-300x111.jpg 300w, https:\/\/akks.no\/trondheim\/files\/2026\/04\/facebookheader-768x284.jpg 768w, https:\/\/akks.no\/trondheim\/files\/2026\/04\/facebookheader-600x222.jpg 600w\" sizes=\"(max-width: 851px) 100vw, 851px\" \/><\/p>\n<p><b data-path-to-node=\"4,0\" data-index-in-node=\"0\">Hold deg oppdatert p\u00e5 aktiviteter hos oss!<\/b> \u2728<\/p>\n<p>Gjennom nyhetsbrevet v\u00e5rt holder du deg orientert om hva som skjer i AKKS Trondheim og p\u00e5 Buranhus. <strong>Dette er en enkel m\u00e5te \u00e5 f\u00e5 med seg informasjon om:<\/strong><\/p>\n<p data-path-to-node=\"1,0,0\"><b data-path-to-node=\"1,0,0\" data-index-in-node=\"0\">Kurs og workshops:<\/b> Vi sender ut informasjon og lenker til p\u00e5melding i forkant av oppstart til kurs og workshops.<\/p>\n<p data-path-to-node=\"1,1,0\"><b data-path-to-node=\"1,1,0\" data-index-in-node=\"0\">Arrangementer:<\/b> Hold deg orientert om datoer for konserter, prosjekter og sosiale happenings som skjer p\u00e5 AKKS.<\/p>\n<p data-path-to-node=\"1,2,0\"><b data-path-to-node=\"1,2,0\" data-index-in-node=\"0\">Nyheter fra AKKS Trondheim:<\/b> Hold deg oppdatert p\u00e5 hva som r\u00f8rer seg i organisasjonen og f\u00e5 med deg eventuell viktig informasjon.<\/p>\n<p data-path-to-node=\"1,2,0\">Meld deg p\u00e5 her!<\/p>\n<style type=\"text\/css\">\n\t.mailmojo label {<br \/>\t\tdisplay: block;<br \/>\t\tmargin-bottom: 5px;<br \/>\t}<br \/>\t.mailmojo input[type=email],<br \/>\t.mailmojo input[type=text],<br \/>\t.mailmojo select {<br \/>\t\tmax-width: 250px;<br \/>\t\twidth: 100%;<br \/>\t}<br \/>\t.mailmojo .field {<br \/>\t\tmargin-bottom: 10px;<br \/>\t}<br \/><\/style>\n<form class=\"mailmojo\" action=\"https:\/\/akks-1.mailmojo.no\/39035\/s\" method=\"post\">\n<div class=\"field\"><label for=\"mm-email\">E-postadresse:<\/label><br \/>\n<input id=\"mm-email\" name=\"email\" size=\"25\" type=\"email\" \/><\/div>\n<div class=\"field\"><label for=\"mm-name\">Navn:<\/label><br \/>\n<input id=\"mm-name\" name=\"name\" size=\"25\" type=\"text\" \/><\/div>\n<div><input name=\"tagsadditional\" type=\"hidden\" value=\"Nettside\" \/><br \/>\n<button name=\"submit\" type=\"submit\">Meld meg p\u00e5<\/button><\/div>\n<\/form>\n<p>&nbsp;<\/p>\n<p><em>Du kan n\u00e5r som helst melde deg av ved \u00e5 trykke p\u00e5 avmeldingslenken i bunnteksten p\u00e5 et nyhetsbrev du mottar fra oss, eller ved \u00e5 sende oss en mail p\u00e5 trondheim@akks.no. For v\u00e5re retningslinjer om personvern, vennligst bes\u00f8k v\u00e5r hjemmeside.<\/em><\/p>\n","protected":false},"excerpt":{"rendered":"<p>Hold deg oppdatert p\u00e5 aktiviteter hos oss! \u2728 Gjennom nyhetsbrevet v\u00e5rt holder du deg orientert om hva som skjer i AKKS Trondheim og p\u00e5 Buranhus. Dette er en enkel m\u00e5te \u00e5 f\u00e5 med seg informasjon om: Kurs og workshops: Vi sender ut informasjon og lenker til p\u00e5melding i forkant av oppstart til kurs og workshops. [&hellip;]<\/p>\n","protected":false},"author":7,"featured_media":0,"parent":0,"menu_order":0,"comment_status":"closed","ping_status":"closed","template":"","meta":[],"_links":{"self":[{"href":"https:\/\/akks.no\/trondheim\/wp-json\/wp\/v2\/pages\/1857"}],"collection":[{"href":"https:\/\/akks.no\/trondheim\/wp-json\/wp\/v2\/pages"}],"about":[{"href":"https:\/\/akks.no\/trondheim\/wp-json\/wp\/v2\/types\/page"}],"author":[{"embeddable":true,"href":"https:\/\/akks.no\/trondheim\/wp-json\/wp\/v2\/users\/7"}],"replies":[{"embeddable":true,"href":"https:\/\/akks.no\/trondheim\/wp-json\/wp\/v2\/comments?post=1857"}],"version-history":[{"count":14,"href":"https:\/\/akks.no\/trondheim\/wp-json\/wp\/v2\/pages\/1857\/revisions"}],"predecessor-version":[{"id":2684,"href":"https:\/\/akks.no\/trondheim\/wp-json\/wp\/v2\/pages\/1857\/revisions\/2684"}],"wp:attachment":[{"href":"https:\/\/akks.no\/trondheim\/wp-json\/wp\/v2\/media?parent=1857"}],"curies":[{"name":"wp","href":"https:\/\/api.w.org\/{rel}","templated":true}]}}