{"id":1834,"date":"2023-10-31T11:21:37","date_gmt":"2023-10-31T10:21:37","guid":{"rendered":"https:\/\/akks.no\/trondheim\/?page_id=1834"},"modified":"2025-10-06T13:52:45","modified_gmt":"2025-10-06T11:52:45","slug":"snakks-apen-moteplass","status":"publish","type":"page","link":"https:\/\/akks.no\/trondheim\/snakks-apen-moteplass\/","title":{"rendered":"SNAKKS \u00e5pen m\u00f8teplass"},"content":{"rendered":"<p><span class=\"x1xsqp64 xiy17q3 x1o6pynw x19co3pv xdj266r xcwd3tp xat24cr x39eecv x2b8uid\" data-testid=\"emoji\"><span class=\"xexx8yu xn5pp95 x18d9i69 x2fxd7x x1yqt14a x1bhl96m\">\ud83c\udf38<\/span><\/span>Kunne du tenkt deg \u00e5 spille i band, jamme og v\u00e6re kreativ?<\/p>\n<p><span class=\"x1xsqp64 xiy17q3 x1o6pynw x19co3pv xdj266r xcwd3tp xat24cr x39eecv x2b8uid\" data-testid=\"emoji\"><span class=\"xexx8yu xn5pp95 x18d9i69 x2fxd7x x1yqt14a x1bhl96m\">\ud83c\udf38<\/span><\/span>Har du ideer til aktiviteter og prosjekter eller vil du bare henge, bli kjent og spise gratis mat?<\/p>\n<p><span class=\"x1xsqp64 xiy17q3 x1o6pynw x19co3pv xdj266r xcwd3tp xat24cr x39eecv x2b8uid\" data-testid=\"emoji\"><span class=\"xexx8yu xn5pp95 x18d9i69 x2fxd7x x1yqt14a x1bhl96m\">\ud83c\udf38<\/span><\/span>Vil du v\u00e6re en del av et inkluderende, ikke-diskriminerende rusfritt milj\u00f8?<\/p>\n<p>M\u00f8t opp p\u00e5 SNAKKS!<\/p>\n<p>Hver fredag kl 14-18 \u00e5pner Buranhus og du f\u00e5r full tilgang til \u00f8vingsrom, instrument, musikkproduksjonsutstyr, DJ-utstyr og masse annet g\u00f8y. Vi har instrukt\u00f8rer p\u00e5 plass hver fredag s\u00e5 her har du mulighet til \u00e5 l\u00e6re noe nytt eller f\u00e5 tips til \u00e5 utvikle deg videre. Vi har ogs\u00e5 jevnlige workshops innen musikk.<\/p>\n<p>Vi oppfordrer spesielt jenter, ikke-bin\u00e6re og transungdom til \u00e5 ta kontakt.<\/p>\n<p>For mer info sjekk ut instagrammen v\u00e5r: <a href=\"https:\/\/www.instagram.com\/snakks.trondheim\/\">instagram.com\/snakks.trondheim<\/a><\/p>\n<p>Vi er og p\u00e5 <a href=\"https:\/\/www.snapchat.com\/add\/snakkstrondheim?share_id=qJEBgtCRv7A&amp;locale=nb-NO\">Snapchat<\/a> og <a href=\"http:\/\/tiktok.com\/@snakkstrondheim\">Tiktok<\/a> med taggen snakkstrondheim!<\/p>\n<p>&nbsp;<\/p>\n<p>Sp\u00f8rsm\u00e5l? Ta kontakt med prosjektleder Jenny Brandal p\u00e5 snakks.trondheim@akks.no eller tlf 40464425<\/p>\n<p>SNAKKS er st\u00f8ttet av Bufdir<\/p>\n<p><img loading=\"lazy\" class=\"wp-image-1839 aligncenter\" src=\"http:\/\/akks.no\/trondheim\/files\/2023\/10\/SNAKKSbilde1.png\" alt=\"\" width=\"958\" height=\"637\" srcset=\"https:\/\/akks.no\/trondheim\/files\/2023\/10\/SNAKKSbilde1.png 1428w, https:\/\/akks.no\/trondheim\/files\/2023\/10\/SNAKKSbilde1-300x200.png 300w, https:\/\/akks.no\/trondheim\/files\/2023\/10\/SNAKKSbilde1-1024x681.png 1024w, https:\/\/akks.no\/trondheim\/files\/2023\/10\/SNAKKSbilde1-768x511.png 768w, https:\/\/akks.no\/trondheim\/files\/2023\/10\/SNAKKSbilde1-720x480.png 720w, https:\/\/akks.no\/trondheim\/files\/2023\/10\/SNAKKSbilde1-600x399.png 600w\" sizes=\"(max-width: 958px) 100vw, 958px\" \/> <img loading=\"lazy\" class=\"wp-image-1837 aligncenter\" src=\"http:\/\/akks.no\/trondheim\/files\/2023\/10\/Lstudio.png\" alt=\"\" width=\"957\" height=\"636\" srcset=\"https:\/\/akks.no\/trondheim\/files\/2023\/10\/Lstudio.png 1432w, https:\/\/akks.no\/trondheim\/files\/2023\/10\/Lstudio-300x199.png 300w, https:\/\/akks.no\/trondheim\/files\/2023\/10\/Lstudio-1024x680.png 1024w, https:\/\/akks.no\/trondheim\/files\/2023\/10\/Lstudio-768x510.png 768w, https:\/\/akks.no\/trondheim\/files\/2023\/10\/Lstudio-600x398.png 600w\" sizes=\"(max-width: 957px) 100vw, 957px\" \/> <img loading=\"lazy\" class=\"wp-image-1838 aligncenter\" src=\"http:\/\/akks.no\/trondheim\/files\/2023\/10\/SNAKKS2222-scaled.jpg\" alt=\"\" width=\"958\" height=\"639\" srcset=\"https:\/\/akks.no\/trondheim\/files\/2023\/10\/SNAKKS2222-scaled.jpg 2560w, https:\/\/akks.no\/trondheim\/files\/2023\/10\/SNAKKS2222-300x200.jpg 300w, https:\/\/akks.no\/trondheim\/files\/2023\/10\/SNAKKS2222-1024x683.jpg 1024w, https:\/\/akks.no\/trondheim\/files\/2023\/10\/SNAKKS2222-768x512.jpg 768w, https:\/\/akks.no\/trondheim\/files\/2023\/10\/SNAKKS2222-1536x1025.jpg 1536w, https:\/\/akks.no\/trondheim\/files\/2023\/10\/SNAKKS2222-2048x1367.jpg 2048w, https:\/\/akks.no\/trondheim\/files\/2023\/10\/SNAKKS2222-720x480.jpg 720w, https:\/\/akks.no\/trondheim\/files\/2023\/10\/SNAKKS2222-600x400.jpg 600w\" sizes=\"(max-width: 958px) 100vw, 958px\" \/> <img loading=\"lazy\" class=\"wp-image-1840 aligncenter\" src=\"http:\/\/akks.no\/trondheim\/files\/2023\/10\/SNAKKSbilde2.png\" alt=\"\" width=\"960\" height=\"639\" srcset=\"https:\/\/akks.no\/trondheim\/files\/2023\/10\/SNAKKSbilde2.png 1432w, https:\/\/akks.no\/trondheim\/files\/2023\/10\/SNAKKSbilde2-300x200.png 300w, https:\/\/akks.no\/trondheim\/files\/2023\/10\/SNAKKSbilde2-1024x681.png 1024w, https:\/\/akks.no\/trondheim\/files\/2023\/10\/SNAKKSbilde2-768x511.png 768w, https:\/\/akks.no\/trondheim\/files\/2023\/10\/SNAKKSbilde2-720x480.png 720w, https:\/\/akks.no\/trondheim\/files\/2023\/10\/SNAKKSbilde2-600x399.png 600w\" sizes=\"(max-width: 960px) 100vw, 960px\" \/><\/p>\n","protected":false},"excerpt":{"rendered":"<p>Er du mellom 14 og 20 \u00e5r og interessert i musikk? Kom p\u00e5 SNAKKS, v\u00e5r \u00e5pne m\u00f8teplass for ungdom.<\/p>\n","protected":false},"author":7,"featured_media":1843,"parent":0,"menu_order":0,"comment_status":"closed","ping_status":"closed","template":"","meta":[],"_links":{"self":[{"href":"https:\/\/akks.no\/trondheim\/wp-json\/wp\/v2\/pages\/1834"}],"collection":[{"href":"https:\/\/akks.no\/trondheim\/wp-json\/wp\/v2\/pages"}],"about":[{"href":"https:\/\/akks.no\/trondheim\/wp-json\/wp\/v2\/types\/page"}],"author":[{"embeddable":true,"href":"https:\/\/akks.no\/trondheim\/wp-json\/wp\/v2\/users\/7"}],"replies":[{"embeddable":true,"href":"https:\/\/akks.no\/trondheim\/wp-json\/wp\/v2\/comments?post=1834"}],"version-history":[{"count":7,"href":"https:\/\/akks.no\/trondheim\/wp-json\/wp\/v2\/pages\/1834\/revisions"}],"predecessor-version":[{"id":2511,"href":"https:\/\/akks.no\/trondheim\/wp-json\/wp\/v2\/pages\/1834\/revisions\/2511"}],"wp:featuredmedia":[{"embeddable":true,"href":"https:\/\/akks.no\/trondheim\/wp-json\/wp\/v2\/media\/1843"}],"wp:attachment":[{"href":"https:\/\/akks.no\/trondheim\/wp-json\/wp\/v2\/media?parent=1834"}],"curies":[{"name":"wp","href":"https:\/\/api.w.org\/{rel}","templated":true}]}}