{"id":1823,"date":"2023-10-10T11:00:29","date_gmt":"2023-10-10T09:00:29","guid":{"rendered":"https:\/\/akks.no\/trondheim\/?page_id=1823"},"modified":"2026-01-26T15:12:59","modified_gmt":"2026-01-26T14:12:59","slug":"ung-delegat","status":"publish","type":"page","link":"https:\/\/akks.no\/trondheim\/ung-delegat\/","title":{"rendered":"Calling UNG"},"content":{"rendered":"<div class=\"css-231\" data-automation-id=\"questionSubTitle\">\n<p>Fra 29. til 31. januar arrangeres Trondheim Calling nok en gang, med et imponerende musikkprogram og et spennende konferansetilbud for musikere, bransjefolk og publikum. Gjennom Calling UNG f\u00e5r de under 20 \u00e5r muligheten til \u00e5 delta p\u00e5 denne fantastiske festivalen.<\/p>\n<p>Calling UNG er et gratis tilbud for unge som dr\u00f8mmer om \u00e5 jobbe med musikk, eller som er nysgjerrige p\u00e5 hvordan musikkbransjen fungerer. Det kreves ingen forkunnskaper eller erfaring for \u00e5 delta. Calling UNG skjer l\u00f8rdag 31. januar 2026, p\u00e5 Radisson Blu Royal Garden og Kultursenteret ISAK.<\/p>\n<p><strong>Deltakelse p\u00e5 Calling UNG inneb\u00e6rer:<\/strong><\/p>\n<ul class=\"wp-block-list\">\n<li>Gratis konferanseprogram p\u00e5 Radisson Blu Royal Garden i sentrum l\u00f8rdag 31. Januar.<\/li>\n<li>Felles middag f\u00f8r konsertene starter p\u00e5 ISAK.<\/li>\n<li>For p\u00e5meldte over 18 \u00e5r: Delegatpass (som gir tilgang til hele konferanseprogrammet og alle konsertene) og eget konferanseprogram.<\/li>\n<li>For p\u00e5meldte under 18 \u00e5r: Eget konferanseprogram og tilgang til Trondheim Calling sine konserter p\u00e5 ISAK p\u00e5 l\u00f8rdagen.<\/li>\n<\/ul>\n<p>For \u00e5 kvalifisere til Calling UNG m\u00e5 du v\u00e6re mellom 15 og 19 \u00e5r gammel. Det er en fordel \u00e5 v\u00e6re interessert i musikk. Dersom du bor utenfor Trondheim kan du fremdeles s\u00f8ke.<\/p>\n<p>Calling UNG arrangeres i samarbeid med <a href=\"https:\/\/trondheimcalling.no\/\">Trondheim Calling<\/a> og <a tabindex=\"0\" href=\"https:\/\/isak.no\/\" target=\"_blank\" rel=\"noopener noreferrer\">Kultursenteret ISAK<\/a><\/p>\n<\/div>\n<p>&nbsp;<\/p>\n<h2 id=\"QuestionId_rbcab328135654d65b83a78053445de6c\" class=\"-a-198\"><span style=\"color: #008000;\"><a style=\"color: #008000;\" href=\"https:\/\/docs.google.com\/forms\/d\/e\/1FAIpQLSfYw-N-pYDLyfXCTf18Ob6f2eHSMk2f8nF9Nru-z3QGpDTN9w\/viewform?usp=dialog\"><strong>P\u00e5melding her &gt;&gt;&gt;&gt;<\/strong><\/a><\/span><\/h2>\n<p>&nbsp;<\/p>\n<div id=\"QuestionId_rbcab328135654d65b83a78053445de6c\" class=\"-a-198\">\n<div class=\"css-231\" data-automation-id=\"questionSubTitle\">\n<p><strong>Program:\u00a0<\/strong><\/p>\n<table width=\"453\">\n<tbody>\n<tr>\n<td width=\"187\">12:00 \u2013 12:45<\/td>\n<td width=\"266\">Bli kjent og forberedelser til dagen<\/td>\n<\/tr>\n<tr>\n<td width=\"187\">13:00 \u2013 13:45<\/td>\n<td width=\"266\">Hvordan kommer man seg inn i musikkbransjen?<\/td>\n<\/tr>\n<tr>\n<td width=\"187\">14:00 \u2013 14:45<\/td>\n<td width=\"266\">Musikkontorets lyttepanel<\/td>\n<\/tr>\n<tr>\n<td width=\"187\">15:00 \u2013 16:00<\/td>\n<td width=\"266\">Hvordan ikke tape penger<\/td>\n<\/tr>\n<tr>\n<td width=\"187\">16:00 \u2013 16:30<\/td>\n<td width=\"266\">G\u00e5 i samlet flokk til ISAK<\/td>\n<\/tr>\n<tr>\n<td width=\"187\">16:45 &#8211; 17.40<\/td>\n<td width=\"266\">Felles middag<\/td>\n<\/tr>\n<tr>\n<td width=\"187\">17:40 &#8211; 18.00<\/td>\n<td width=\"266\">Omvisning p\u00e5 ISAK<\/td>\n<\/tr>\n<tr>\n<td width=\"187\">18:00<\/td>\n<td width=\"266\">Konsert: Amaida.<\/td>\n<\/tr>\n<tr>\n<td width=\"187\">19:15<\/td>\n<td width=\"266\">Konsert: Drak\u00e5nis<\/td>\n<\/tr>\n<tr>\n<td width=\"187\">20:30<\/td>\n<td width=\"266\">Konsert: Rigla<\/td>\n<\/tr>\n<\/tbody>\n<\/table>\n<h3><\/h3>\n<\/div>\n<\/div>\n<h3><\/h3>\n<p>&nbsp;<\/p>\n<p>&nbsp;<\/p>\n<div id=\"QuestionId_rbcab328135654d65b83a78053445de6c\" class=\"-a-198\">\n<div class=\"css-231\" data-automation-id=\"questionSubTitle\">\n<h3 class=\"wp-block-heading\">Bli kjent og forberedelser til dagen<\/h3>\n<p>12:00 \u2013 12:45<\/p>\n<p>Vi starter dagen med \u00e5 bli kjent med hverandre og gj\u00f8re oss klare for dagen!<\/p>\n<p>&nbsp;<\/p>\n<\/div>\n<\/div>\n<div id=\"QuestionId_rbcab328135654d65b83a78053445de6c\" class=\"-a-198\">\n<div class=\"css-231\" data-automation-id=\"questionSubTitle\">\n<h3 class=\"wp-block-heading\">Hvordan kommer man seg inn i musikkbransjen?<\/h3>\n<p><img loading=\"lazy\" class=\"wp-image-2616 alignleft\" src=\"http:\/\/akks.no\/trondheim\/files\/2026\/01\/Hvordan-kommer-man-seg-inn-i-musikkbransjen.png\" alt=\"\" width=\"255\" height=\"318\" srcset=\"https:\/\/akks.no\/trondheim\/files\/2026\/01\/Hvordan-kommer-man-seg-inn-i-musikkbransjen.png 4500w, https:\/\/akks.no\/trondheim\/files\/2026\/01\/Hvordan-kommer-man-seg-inn-i-musikkbransjen-240x300.png 240w, https:\/\/akks.no\/trondheim\/files\/2026\/01\/Hvordan-kommer-man-seg-inn-i-musikkbransjen-819x1024.png 819w, https:\/\/akks.no\/trondheim\/files\/2026\/01\/Hvordan-kommer-man-seg-inn-i-musikkbransjen-768x960.png 768w, https:\/\/akks.no\/trondheim\/files\/2026\/01\/Hvordan-kommer-man-seg-inn-i-musikkbransjen-1229x1536.png 1229w, https:\/\/akks.no\/trondheim\/files\/2026\/01\/Hvordan-kommer-man-seg-inn-i-musikkbransjen-1638x2048.png 1638w, https:\/\/akks.no\/trondheim\/files\/2026\/01\/Hvordan-kommer-man-seg-inn-i-musikkbransjen-600x750.png 600w\" sizes=\"(max-width: 255px) 100vw, 255px\" \/>13:00 \u2013 13:45<\/p>\n<p>Hvordan skal man liksom finne ut hva man vil, og hvor man skal? I denne praten f\u00e5r vi fire perspektiv fra fire allsidige personer som har pr\u00f8vd mye, og kommet seg godt inn i det sammensuriumet vi kaller musikkbransjen.<\/p>\n<p>Med:\u00a0<strong>LEAH H\u00c5LAND SOLOMONS<\/strong>,\u00a0<strong>EIVOR WERSLAND<\/strong>,\u00a0<strong>ANDREAS MIGUEL AFSETH<\/strong>,\u00a0<strong>EMMA PUTNAM<\/strong><\/p>\n<p>&nbsp;<\/p>\n<h3><\/h3>\n<h3><\/h3>\n<h3><\/h3>\n<h3><\/h3>\n<h3><\/h3>\n<h3 class=\"wp-block-heading\">Musikkontoret Tempos lyttepanel<\/h3>\n<p><img loading=\"lazy\" class=\"wp-image-2614 alignleft\" src=\"http:\/\/akks.no\/trondheim\/files\/2026\/01\/Musikkontoret-Tempos-lyttepanel.png\" alt=\"\" width=\"248\" height=\"310\" srcset=\"https:\/\/akks.no\/trondheim\/files\/2026\/01\/Musikkontoret-Tempos-lyttepanel.png 4501w, https:\/\/akks.no\/trondheim\/files\/2026\/01\/Musikkontoret-Tempos-lyttepanel-240x300.png 240w, https:\/\/akks.no\/trondheim\/files\/2026\/01\/Musikkontoret-Tempos-lyttepanel-819x1024.png 819w, https:\/\/akks.no\/trondheim\/files\/2026\/01\/Musikkontoret-Tempos-lyttepanel-768x960.png 768w, https:\/\/akks.no\/trondheim\/files\/2026\/01\/Musikkontoret-Tempos-lyttepanel-1229x1536.png 1229w, https:\/\/akks.no\/trondheim\/files\/2026\/01\/Musikkontoret-Tempos-lyttepanel-1638x2048.png 1638w, https:\/\/akks.no\/trondheim\/files\/2026\/01\/Musikkontoret-Tempos-lyttepanel-600x750.png 600w\" sizes=\"(max-width: 248px) 100vw, 248px\" \/>14:00 \u2013 14:45<\/p>\n<p>Noen l\u00e5ter f\u00e5r deg til \u00e5 stoppe opp, selv f\u00f8r de er ferdige \u2013 hva skiller dem fra resten? I\u00a0Musikkontoret Tempos Lyttepanel spiller vi opp noen av Juryens utvalgte sine demoer og setter dem under lupen. Tre erfarne bransjefolk kommer med \u00e6rlig og konkret feedback om hvordan l\u00e5ta og artistprosjeket kan l\u00f8ftes videre.<\/p>\n<p>Med:\u00a0<strong>J\u00d8RGEN NORBY<\/strong>,\u00a0<strong>EMMY SJ\u00d6STR\u00d6M<\/strong>,\u00a0<strong>EDGAR TANDBERG<\/strong>,\u00a0<strong>ANNA NOR S\u00d8RENSEN<\/strong><\/p>\n<p>&nbsp;<\/p>\n<h3><\/h3>\n<h3><\/h3>\n<h3><\/h3>\n<h3><\/h3>\n<h3 class=\"wp-block-heading\">Hvordan ikke tape penger?<\/h3>\n<p>15:15 \u2013 16:00<img loading=\"lazy\" class=\"wp-image-2613 alignleft\" src=\"http:\/\/akks.no\/trondheim\/files\/2026\/01\/Hvordan-ikke-tape-penger.png\" alt=\"\" width=\"247\" height=\"309\" srcset=\"https:\/\/akks.no\/trondheim\/files\/2026\/01\/Hvordan-ikke-tape-penger.png 4500w, https:\/\/akks.no\/trondheim\/files\/2026\/01\/Hvordan-ikke-tape-penger-240x300.png 240w, https:\/\/akks.no\/trondheim\/files\/2026\/01\/Hvordan-ikke-tape-penger-819x1024.png 819w, https:\/\/akks.no\/trondheim\/files\/2026\/01\/Hvordan-ikke-tape-penger-768x960.png 768w, https:\/\/akks.no\/trondheim\/files\/2026\/01\/Hvordan-ikke-tape-penger-1229x1536.png 1229w, https:\/\/akks.no\/trondheim\/files\/2026\/01\/Hvordan-ikke-tape-penger-1638x2048.png 1638w, https:\/\/akks.no\/trondheim\/files\/2026\/01\/Hvordan-ikke-tape-penger-600x750.png 600w\" sizes=\"(max-width: 247px) 100vw, 247px\" \/><\/p>\n<p>Hva m\u00e5 du ha kontroll p\u00e5 for \u00e5 ikke g\u00e5 i minus n\u00e5r du spiller i band eller arrangerer konserter? Stine Mari gir deg en enkel innf\u00f8ring i budsjettering og prosjektstyring, med smarte tips som er lette \u00e5 ta i bruk. Praktisk, nyttig og faktisk ikke s\u00e5 komplisert!<\/p>\n<p>Med:\u00a0<strong>STINE MARI R\u00d8VERDATTER<\/strong><\/p>\n<p>&nbsp;<\/p>\n<p>&nbsp;<\/p>\n<p>&nbsp;<\/p>\n<p>&nbsp;<\/p>\n<p>&nbsp;<\/p>\n<p>P\u00e5 ISAK l\u00f8rdag 31. januar f\u00e5r du sett disse tre konsertene:<\/p>\n<\/div>\n<\/div>\n<p><strong>Amaida.<\/strong><\/p>\n<div id=\"QuestionId_rbcab328135654d65b83a78053445de6c\" class=\"-a-198\">\n<div class=\"css-231\" data-automation-id=\"questionSubTitle\">\n<p>Amaida. er en Oslo-basert kamerunsk-norsk artist, som blander de sjelfulle dybdene av RnB med \u00e6rlige refleksjoner rundt hennes unike reise. Gjennom musikken sin skaper hun et fristed for overtenkende og h\u00f8ysensitive sjeler, og tilbyr et trygt rom for \u00e5 f\u00f8le, reflektere og helbrede. amaida.s inderlige melodier og tekster takler kompleksiteten i menneskelige f\u00f8lelser, og inviterer lyttere til \u00e5 omfavne deres s\u00e5rbarhet og finne tr\u00f8st i musikken.<\/p>\n<p><strong>Drak\u00e5nis<\/strong><\/p>\n<p>De fire unge jentene i Drak\u00e5nis har tatt p\u00e5 seg \u00e5 bl\u00e5se liv i den klassiske norske rocken. Jentene synger p\u00e5 norsk og har et sound med tydelige nikk til \u201cde fire store\u201d, men henter ogs\u00e5 inspirasjon fra nyere band som Razika, Blomst og Honningbarna. Med sitt upolerte emosjonelle uttrykk \u00f8nsker bandet \u00e5 tilf\u00f8re sjangeren ungdommelig spilleglede og feminin kraft.<\/p>\n<p><strong>Rigla<\/strong><\/p>\n<p>Rigla beveger seg i grenselandet mellom tradisjon og nyskapning. Sekstetten blander egenkomponerte l\u00e5ter med frie arrangementer av norske folketoner og har sammen truffet en nerve. Navnet Rigla stammer fra dialektordet riglafengje, som i Sunnm\u00f8rstraktene betyr \u00abust\u00f8\u00bb eller \u00abvaklevoren\u00bb \u2013 noe som gjenspeiler bandets balansegang mellom det skj\u00f8re og det kraftfulle, det tradisjonelle og det nyskapende. Med en unik besetning \u2013 vokal, fele, saksofon, synth, cello, trommer og kontrabass \u2013 har Rigla skapt sin egen sound, der tradisjonsmusikk, jazz og visepop smelter sammen til noe nytt og uforutsigbart.<\/p>\n<\/div>\n<\/div>\n","protected":false},"excerpt":{"rendered":"<p>29.-31. januar 2026 g\u00e5r Trondheim Calling nok en gang av stabelen med et fantastisk musikkprogram og et spennende konferanseprogram for musikere, bransjefolk og publikum. Calling Ung gir deg som er under 20 \u00e5r muligheten til \u00e5 delta p\u00e5 denne fantastiske festivalen, helt gratis!<\/p>\n","protected":false},"author":7,"featured_media":2562,"parent":0,"menu_order":0,"comment_status":"closed","ping_status":"closed","template":"","meta":[],"_links":{"self":[{"href":"https:\/\/akks.no\/trondheim\/wp-json\/wp\/v2\/pages\/1823"}],"collection":[{"href":"https:\/\/akks.no\/trondheim\/wp-json\/wp\/v2\/pages"}],"about":[{"href":"https:\/\/akks.no\/trondheim\/wp-json\/wp\/v2\/types\/page"}],"author":[{"embeddable":true,"href":"https:\/\/akks.no\/trondheim\/wp-json\/wp\/v2\/users\/7"}],"replies":[{"embeddable":true,"href":"https:\/\/akks.no\/trondheim\/wp-json\/wp\/v2\/comments?post=1823"}],"version-history":[{"count":18,"href":"https:\/\/akks.no\/trondheim\/wp-json\/wp\/v2\/pages\/1823\/revisions"}],"predecessor-version":[{"id":2617,"href":"https:\/\/akks.no\/trondheim\/wp-json\/wp\/v2\/pages\/1823\/revisions\/2617"}],"wp:featuredmedia":[{"embeddable":true,"href":"https:\/\/akks.no\/trondheim\/wp-json\/wp\/v2\/media\/2562"}],"wp:attachment":[{"href":"https:\/\/akks.no\/trondheim\/wp-json\/wp\/v2\/media?parent=1823"}],"curies":[{"name":"wp","href":"https:\/\/api.w.org\/{rel}","templated":true}]}}