{"id":1724,"date":"2022-11-28T14:26:50","date_gmt":"2022-11-28T13:26:50","guid":{"rendered":"https:\/\/akks.no\/trondheim\/?page_id=1724"},"modified":"2025-12-18T10:24:15","modified_gmt":"2025-12-18T09:24:15","slug":"pameldingsskjema-kurs","status":"publish","type":"page","link":"https:\/\/akks.no\/trondheim\/pameldingsskjema-kurs\/","title":{"rendered":"P\u00e5meldingsskjema kurs"},"content":{"rendered":"<div id=\"checkin_event_index\"><\/div>\n<p><script>\ndocument.customerId = 13958;\ndocument.calendarConfig = {\n\topenRegistrationModal: true,\n\tview: 'TILE',\n\tshowSearch: true,\n\tshowTopics: true,\n\tshowViewToggle: true,\n\tshowOnlyForm: false,\n\tlanguage: 'nb',\n\ttopics: null,\n\tstyle: {\n\t\tsearchButtonBgColor: 'rgba(28, 43, 57, 1)',\n\t\tsearchButtonTextColor:  'rgba(255, 255, 255, 1)',\n\t\tsearchButtonBorderRadius:  3,\n\t\ttopicBadgeBgColor: 'rgba(85, 96, 106, 1)',\n\t\ttopicBadgeTextColor: 'rgba(255, 255, 255, 1)',\n\t\ttopicBadgeBorderRadius: 3,\n\t\theaderTextColor: 'rgba(28, 43, 57, 1)',\n\t\tbodyTextColor: 'rgba(28, 43, 57, 1)',\n\t\tbackgroundColor: 'rgba(255, 255, 255, 1)',\n\t\teventTileColor: 'rgba(28, 43, 57, 0)'\n\t}\n}\n<\/script><br \/>\n<script async src=\"https:\/\/static.checkin.no\/loaders\/eventindex\/loader.js\"><\/script><\/p>\n","protected":false},"excerpt":{"rendered":"<p>Alle kurs for v\u00e5rsemesteret er \u00e5pen for p\u00e5 melding n\u00e5! Hos oss kan du l\u00e6re \u00e5 spille alle bandinstrumenter og \u00e5 synge, v\u00e6re DJ, spille i band, produsere musikk og skrive l\u00e5ter. Meld deg p\u00e5 n\u00e5!<\/p>\n","protected":false},"author":7,"featured_media":1745,"parent":0,"menu_order":0,"comment_status":"closed","ping_status":"closed","template":"","meta":[],"_links":{"self":[{"href":"https:\/\/akks.no\/trondheim\/wp-json\/wp\/v2\/pages\/1724"}],"collection":[{"href":"https:\/\/akks.no\/trondheim\/wp-json\/wp\/v2\/pages"}],"about":[{"href":"https:\/\/akks.no\/trondheim\/wp-json\/wp\/v2\/types\/page"}],"author":[{"embeddable":true,"href":"https:\/\/akks.no\/trondheim\/wp-json\/wp\/v2\/users\/7"}],"replies":[{"embeddable":true,"href":"https:\/\/akks.no\/trondheim\/wp-json\/wp\/v2\/comments?post=1724"}],"version-history":[{"count":4,"href":"https:\/\/akks.no\/trondheim\/wp-json\/wp\/v2\/pages\/1724\/revisions"}],"predecessor-version":[{"id":2219,"href":"https:\/\/akks.no\/trondheim\/wp-json\/wp\/v2\/pages\/1724\/revisions\/2219"}],"wp:featuredmedia":[{"embeddable":true,"href":"https:\/\/akks.no\/trondheim\/wp-json\/wp\/v2\/media\/1745"}],"wp:attachment":[{"href":"https:\/\/akks.no\/trondheim\/wp-json\/wp\/v2\/media?parent=1724"}],"curies":[{"name":"wp","href":"https:\/\/api.w.org\/{rel}","templated":true}]}}