{"id":1716,"date":"2022-11-28T14:29:45","date_gmt":"2022-11-28T13:29:45","guid":{"rendered":"https:\/\/akks.no\/trondheim\/?page_id=1716"},"modified":"2025-10-06T13:50:14","modified_gmt":"2025-10-06T11:50:14","slug":"gratisplasser-pa-akks-kurs","status":"publish","type":"page","link":"https:\/\/akks.no\/trondheim\/gratisplasser-pa-akks-kurs\/","title":{"rendered":"Gratisplasser p\u00e5 AKKS-kurs"},"content":{"rendered":"<h5><em>Scroll down for information in english.<\/em><\/h5>\n<h5><\/h5>\n<h5><b>Musikkaktivitet for alle<\/b><\/h5>\n<p>AKKS Trondheim \u00f8nsker ikke at \u00f8konomi skal st\u00e5 i veien for deltakelse p\u00e5 v\u00e5re kurs. Vi har derfor et begrenset antall plasser hvor de som er under 26 \u00e5r og der familien har begrenset \u00f8konomi kan f\u00e5 gratis eller redusert kursavgift. For \u00e5 benytte deg av tilbudet krysser du av for at du \u00f8nsker AKKS-stipend i p\u00e5meldingsskjemaet.<\/p>\n<p>Har du sp\u00f8rsm\u00e5l? Ta kontakt med oss p\u00e5 kurs.trondheim@akks.no<\/p>\n<p>&nbsp;<\/p>\n<h4><strong>Music activity for everyone<\/strong><\/h4>\n<p>AKKS Trondheim does not want finances to stand in the way of participation at our courses. We therefore have a limited number of places you can get for free or at a reduced fee if you are under 26 years old and where the family has limited finances. To take sign up for this you select &laquo;AKKS-stipend&raquo; at the registration form when you choose your tickets.<\/p>\n<p>If you have any questions, please contact us at kurs.trondheim@akks.no<\/p>\n","protected":false},"excerpt":{"rendered":"<p>Info om AKKS-stipend\/Information about the AKKS-stipend<\/p>\n","protected":false},"author":7,"featured_media":0,"parent":0,"menu_order":0,"comment_status":"closed","ping_status":"closed","template":"","meta":[],"_links":{"self":[{"href":"https:\/\/akks.no\/trondheim\/wp-json\/wp\/v2\/pages\/1716"}],"collection":[{"href":"https:\/\/akks.no\/trondheim\/wp-json\/wp\/v2\/pages"}],"about":[{"href":"https:\/\/akks.no\/trondheim\/wp-json\/wp\/v2\/types\/page"}],"author":[{"embeddable":true,"href":"https:\/\/akks.no\/trondheim\/wp-json\/wp\/v2\/users\/7"}],"replies":[{"embeddable":true,"href":"https:\/\/akks.no\/trondheim\/wp-json\/wp\/v2\/comments?post=1716"}],"version-history":[{"count":5,"href":"https:\/\/akks.no\/trondheim\/wp-json\/wp\/v2\/pages\/1716\/revisions"}],"predecessor-version":[{"id":2506,"href":"https:\/\/akks.no\/trondheim\/wp-json\/wp\/v2\/pages\/1716\/revisions\/2506"}],"wp:attachment":[{"href":"https:\/\/akks.no\/trondheim\/wp-json\/wp\/v2\/media?parent=1716"}],"curies":[{"name":"wp","href":"https:\/\/api.w.org\/{rel}","templated":true}]}}