{"id":1712,"date":"2022-11-28T14:27:30","date_gmt":"2022-11-28T13:27:30","guid":{"rendered":"https:\/\/akks.no\/trondheim\/?page_id=1712"},"modified":"2025-10-06T13:51:26","modified_gmt":"2025-10-06T11:51:26","slug":"praktisk-info-om-vare-kurs","status":"publish","type":"page","link":"https:\/\/akks.no\/trondheim\/praktisk-info-om-vare-kurs\/","title":{"rendered":"Praktisk info om v\u00e5re kurs"},"content":{"rendered":"<p>Information in English below.<\/p>\n<p>&nbsp;<\/p>\n<p><strong>N\u00e5r og hvor holder vi kurs<br \/>\n<\/strong>AKKS Trondheims ordin\u00e6re kurs har oppstart i februar, mars\/april, september og oktober\/november, og holdes p\u00e5 <a href=\"https:\/\/akks.no\/trondheim\/ovingslokale\/\">Buranhus Musikksenter<\/a>. I tillegg har vi kortere kurs og workshops, med tema som eksempelvis musikkproduksjon, l\u00e5tskriving og konsertproduksjon, som gjerne arrangeres p\u00e5 ulike steder i byen.<\/p>\n<p><strong>For bedre kj\u00f8nnsbalanse i musikklivet<br \/>\n<\/strong>AKKS jobber for bedre kj\u00f8nnsbalanse i musikklivet. Kursene v\u00e5re er \u00e5pne for alle kj\u00f8nn, med unntak av noen utvalgte kortere workshoper og <a href=\"https:\/\/akks.no\/trondheim\/loud\/\">Bandleiren LOUD!<\/a>\u00a0som er for jenter, ikke-bin\u00e6re og transpersoner.<\/p>\n<p><strong>Trygt og motiverende l\u00e6ringsmilj\u00f8 p\u00e5 kurs hos AKKS<br \/>\n<\/strong>For oss i AKKS er det viktig at alle kursdeltakere f\u00e5r en god kursopplevelse og f\u00f8ler seg trygge p\u00e5 kursene v\u00e5re.\u00a0Hos AKKS skal det v\u00e6re rom for \u00e5 pr\u00f8ve seg fram, feile, stille sp\u00f8rsm\u00e5l og vokse. Les mer om hvordan vi jobber med\u00a0<a href=\"https:\/\/akks.no\/trondheim\/laeringsmiljo-pa-akks-kurs\/\">l\u00e6ringsmilj\u00f8et p\u00e5 v\u00e5re kurs her!<\/a><\/p>\n<p><strong>Aldersgrense p\u00e5 kurs<br \/>\n<\/strong>Undervisningen p\u00e5 v\u00e5re ordin\u00e6re kurs er lagt opp som enten gruppekurs eller en-til-en. P\u00e5 en-til-en er nedre aldersgrense 7 \u00e5r. Fra v\u00e5ren 2023 har vi juniorkurs for de mellom 10 &#8211; 12 \u00e5r, ungdomskurs for de mellom 12 og 17 \u00e5r, mens v\u00e5re ordin\u00e6re gruppekurskurs er fra 17 \u00e5r og oppover. Vi har ingen \u00f8vre aldersgrense, men vil prioritere de under 26 \u00e5r, og jenter, ikke-bin\u00e6re og trans-ungdom ved stor p\u00e5gang.<\/p>\n<p><strong>Gruppekurs<br \/>\n<\/strong>P\u00e5 gruppekurs settes det sammen grupper p\u00e5 3-5 deltakere. F\u00f8rste kursdag vil vi bruke tid p\u00e5 \u00e5 bli kjent med hverandre og videre i kurset vil vi ha fokus p\u00e5 skape trygge kursomgivelser. Vi er avhenging av nok p\u00e5meldte for \u00e5 kj\u00f8re kurset. Ved f\u00e5 p\u00e5meldte vil kurset kunne bli avlyst.<\/p>\n<p><strong>Rabatterte og gratis kursplasser<br \/>\n<\/strong>AKKS Trondheim har et begrenset antall plasser (AKKS-stipend) som er gratis eller til redusert pris om man er under 26 \u00e5r og der familien har begrenset \u00f8konomi. Dette alternativet velges n\u00e5r man melder seg p\u00e5 kurset. <a href=\"https:\/\/akks.no\/trondheim\/gratisplasser-pa-akks-kurs\/\">Les mer om ordningen her.<\/a><\/p>\n<p><strong>Betaling<br \/>\n<\/strong>Kursene kan betales ved faktura, vipps eller bankkort. Om du velger faktura, vil fakturaen bli utsendt f\u00f8rste kursdag. Om ikke fakturaen betales innen forfall vil ekstra omkostninger p\u00e5l\u00f8pe. Betales ikke fakturaen vil den bli sendt til inkasso.<\/p>\n<p><strong>Trondheim Kommunes Fritidskort<br \/>\n<\/strong>Hos oss kan du bruke Fritidskortet for \u00e5 betale for kurs. Fritidskortet dekker 2000,- av fritidsaktiviteter i \u00e5ret, som kan brukes for \u00e5 dekke 6 ukers kurs og delfinansiere 12 ukers kurs eller gruppekurs. Opprett en bruker p\u00e5 https:\/\/trondheim.friskus.com. Etter kursets oppstart vil du motta en faktura fra oss p\u00e5 mail som du betaler via fritidskort-kontoen din. For gruppekurs vil det gjenst\u00e5 en egenandel p\u00e5 100-150 kr og 12-ukers kurs gjenst\u00e5r en egenandel p\u00e5 1300kr etter man har brukt Fritidskortet. Egenandelen kan betales med bankkort p\u00e5 friskus eller i egen nettbank.<\/p>\n<p><strong>Vilk\u00e5r<br \/>\n<\/strong>P\u00e5meldingen er bindende. Vi har begrenset med plasser p\u00e5 hvert kurs, og vi har derfor ingen avmeldingsfrist p\u00e5 v\u00e5re kurs. Ved innsendt p\u00e5melding er man bundet til \u00e5 betale kursavgiften. Det vil si at kursavgift m\u00e5 betales selv om kursdeltakeren ikke m\u00f8ter opp til kurset eller slutter p\u00e5 kurset. Les v\u00e5re <a href=\"https:\/\/akks.no\/trondheim\/kurs-pameldingsvilkar-hos-akks-trondheim\/\">P\u00e5meldingsbetingelser 2024<\/a>\u00a0her, og v\u00e5r\u00a0<a href=\"https:\/\/akks.no\/personvernerklaering\/\">personvernerkl\u00e6ring her!<\/a><\/p>\n<p><strong>AKKS-kurs med funksjonsnedsettelser<br \/>\n<\/strong>Har du behov for \u00e5 ha med assistent eller ledsager p\u00e5 kurs, opplys om dette i p\u00e5meldingsskjemaet s\u00e5 kan vi tilrettelegge for dette. Ta gjerne kontakt s\u00e5 kan vi se p\u00e5 hvordan vi kan tilrettelegge for at du kan delta.<\/p>\n<p><strong>Savner du noe i v\u00e5rt kurstilbud eller har sp\u00f8rsm\u00e5l?<br \/>\n<\/strong>Ta kontakt med kursansvarlig Camilla Harvey Sky p\u00e5 kurs.trondheim@akks.no<\/p>\n<p><strong>Les mer om\u00a0<a href=\"https:\/\/akks.no\/trondheim\/kurs\/\">v\u00e5re kurs her<\/a>, eller\u00a0<a href=\"https:\/\/akks.no\/trondheim\/pameldingsskjema-kurs\/\">trykk her<\/a>\u00a0for \u00e5 komme direkte til v\u00e5re p\u00e5meldinger.<\/strong><\/p>\n<p>&nbsp;<\/p>\n<p><strong>English information<\/strong><\/p>\n<p><strong>When and where do we hold courses<br \/>\n<\/strong>AKKS Trondheim&#8217;s regular courses start in February, March\/April, September and October\/November, and are held at <a href=\"https:\/\/akks.no\/trondheim\/ovingslokale\/\">Buranhus Musikksenter<\/a>. In addition, we have shorter courses and workshops, with themes such as music production, songwriting and concert production, which are often arranged at various locations in the city.<\/p>\n<p><strong>For a better gender balance in music life<br \/>\n<\/strong>AKKS works for a better gender balance in music life. Our courses are open to all genders, with the exception of some selected shorter workshops and <a href=\"https:\/\/akks.no\/trondheim\/loud\/\">Bandleiren LOUD!<\/a> which is for girls, non-binary and transgender people.<\/p>\n<p><strong>Safe and motivating learning environment on courses at AKKS<br \/>\n<\/strong>For us at AKKS, it is important that all course participants have a good course experience and feel safe on our courses. At AKKS, there must be room to try things out, make mistakes, ask questions and grow. Read more about how we work with the <a href=\"https:\/\/akks.no\/trondheim\/laeringsmiljo-pa-akks-kurs\/\">learning environment on our courses here!<\/a><\/p>\n<p><strong>Age limit on courses<br \/>\n<\/strong>The teaching on our regular courses is set up as either group courses or one-to-one. On one-to-ones, the minimum age limit is 7 years. From spring 2023, we have junior courses for those between 10 and 12 years of age, youth courses for those between 12 and 17 years of age, while our ordinary group courses are from 17 years of age and upwards. We have no upper age limit, but will prioritize those under the age of 26, and girls, non-binary and trans youth when there is a large influx.<\/p>\n<p><strong>Group course<br \/>\n<\/strong>On group courses, groups of 3-5 participants are put together. On the first day of the course we will spend time getting to know each other and later in the course we will focus on creating a safe course environment. We are dependent on enough registrants to run the course. If there are few registrants, the course may be cancelled.<\/p>\n<p><strong>Discounted and free course places<br \/>\n<\/strong>AKKS Trondheim has a limited number of places that are free or at a reduced price if you are under 26 and where the family has limited finances (AKKS-stipend). This can be selected when registering for the course. <a href=\"https:\/\/akks.no\/trondheim\/gratisplasser-pa-akks-kurs\/\">Read more about the AKKS-stipend here.<\/a><\/p>\n<p><strong>Payment<br \/>\n<\/strong>The courses can be paid by invoice, bank transfer or bank card. If you choose invoice, the invoice will be sent on the first day of the course. If the invoice is not paid by the due date, additional costs will be incurred. If the invoice is not paid, it will be sent to debt collection.<\/p>\n<p><strong>Payment via Trondheim Kommune&#8217;s Fritidskort<br \/>\n<\/strong>You can use the Fritidskort scheme to pay for any of our courses. Fritidskort covers 2000,- a year for tuition or activities for youths aged 13-15 years. This can be used to cover a 6 week course completely, or partially cover a group- or 12 week course. Sign up at https:\/\/trondheim.friskus.com. After the course has started, you will get an invoice via e-mail, which you can pay on your Fritidskort account. For group- and 12 week courses, there will be a remaining cost after you have used the Fritidskort. For group courses this will be around 100-150kr and 12 week courses it will be 1300kr. You can pay the remaining amount using a credit\/debit card on the friskus website, or on your own online banking system.<\/p>\n<p><strong>Terms<br \/>\n<\/strong>Registration is binding. We have limited places on each course, and we therefore have no cancellation deadline for our courses. When registering, you are bound to pay the course fee. This means that the course fee must be paid even if the course participant does not show up for the course or leaves the course. Read our <a href=\"http:\/\/akks.no\/bergen\/files\/2021\/12\/Pameldingsbetingelser-var-2022.docx.pdf\">Enrollment Conditions 2023<\/a> here, and our <a href=\"https:\/\/akks.no\/personvernerklaering\/\">privacy policy here<\/a>!<\/p>\n<p><strong>AKKS course for us with disabilities<br \/>\n<\/strong>If you need to bring an assistant or companion to the course, please let us know about this in the registration form and we can make arrangements for this. Feel free to get in touch and we can see how we can arrange for you to participate.<\/p>\n<p>Are you missing something in our course offer or have questions?<\/p>\n<p>Contact our course manager Camilla Harvey Sky at kurs.trondheim@akks.no<\/p>\n<p>Read more about <a href=\"https:\/\/akks.no\/trondheim\/kurs\/\">our courses here<\/a>, or <a href=\"https:\/\/akks.no\/trondheim\/pameldingsskjema-kurs\/\">click here<\/a> to go directly to our registrations.<\/p>\n","protected":false},"excerpt":{"rendered":"<p>Information in English below. &nbsp; N\u00e5r og hvor holder vi kurs AKKS Trondheims ordin\u00e6re kurs har oppstart i februar, mars\/april, september og oktober\/november, og holdes p\u00e5 Buranhus Musikksenter. I tillegg har vi kortere kurs og workshops, med tema som eksempelvis musikkproduksjon, l\u00e5tskriving og konsertproduksjon, som gjerne arrangeres p\u00e5 ulike steder i byen. For bedre kj\u00f8nnsbalanse [&hellip;]<\/p>\n","protected":false},"author":7,"featured_media":1714,"parent":0,"menu_order":0,"comment_status":"closed","ping_status":"closed","template":"","meta":[],"_links":{"self":[{"href":"https:\/\/akks.no\/trondheim\/wp-json\/wp\/v2\/pages\/1712"}],"collection":[{"href":"https:\/\/akks.no\/trondheim\/wp-json\/wp\/v2\/pages"}],"about":[{"href":"https:\/\/akks.no\/trondheim\/wp-json\/wp\/v2\/types\/page"}],"author":[{"embeddable":true,"href":"https:\/\/akks.no\/trondheim\/wp-json\/wp\/v2\/users\/7"}],"replies":[{"embeddable":true,"href":"https:\/\/akks.no\/trondheim\/wp-json\/wp\/v2\/comments?post=1712"}],"version-history":[{"count":13,"href":"https:\/\/akks.no\/trondheim\/wp-json\/wp\/v2\/pages\/1712\/revisions"}],"predecessor-version":[{"id":2509,"href":"https:\/\/akks.no\/trondheim\/wp-json\/wp\/v2\/pages\/1712\/revisions\/2509"}],"wp:featuredmedia":[{"embeddable":true,"href":"https:\/\/akks.no\/trondheim\/wp-json\/wp\/v2\/media\/1714"}],"wp:attachment":[{"href":"https:\/\/akks.no\/trondheim\/wp-json\/wp\/v2\/media?parent=1712"}],"curies":[{"name":"wp","href":"https:\/\/api.w.org\/{rel}","templated":true}]}}