{"id":1662,"date":"2022-07-07T15:14:41","date_gmt":"2022-07-07T13:14:41","guid":{"rendered":"https:\/\/akks.no\/trondheim\/?page_id=1662"},"modified":"2024-06-14T13:46:24","modified_gmt":"2024-06-14T11:46:24","slug":"jobbe-hos-oss","status":"publish","type":"page","link":"https:\/\/akks.no\/trondheim\/jobbe-hos-oss\/","title":{"rendered":"Jobbe hos oss?"},"content":{"rendered":"<p>Vi har for tiden 1 vikariat ledig, f\u00f8lg lenke nederst p\u00e5 siden. S\u00f8knadsfrist snarest, og senest innen 30. juni.<\/p>\n<p>Send oss gjerne en mail om du er interessert i \u00e5 v\u00e6re instrukt\u00f8r p\u00e5 instrument- eller vokalkurs, eller p\u00e5 noen av v\u00e5re andre kurstilbud. Om vi ikke har noen ledige oppdrag \u00f8nsker vi gjerne \u00e5 h\u00f8re om aktuelle kandidater til fremtidige oppdrag.<\/p>\n<p>Vil du engasjere deg i Feminalen, UFLAKKS eller andre prosjekt? Ta kontakt med post@feminalen.no, trondheim@uflakks.no eller trondheim@akks.no.<\/p>\n<p>Vi trenger ogs\u00e5 frivillige til en rekke prosjekt, ta gjerne kontakt!<\/p>\n","protected":false},"excerpt":{"rendered":"<p>Vi har for tiden 1 vikariat ledig, f\u00f8lg lenke nederst p\u00e5 siden. S\u00f8knadsfrist snarest, og senest innen 30. juni. Send oss gjerne en mail om du er interessert i \u00e5 v\u00e6re instrukt\u00f8r p\u00e5 instrument- eller vokalkurs, eller p\u00e5 noen av v\u00e5re andre kurstilbud. Om vi ikke har noen ledige oppdrag \u00f8nsker vi gjerne \u00e5 h\u00f8re [&hellip;]<\/p>\n","protected":false},"author":7,"featured_media":1617,"parent":0,"menu_order":0,"comment_status":"closed","ping_status":"closed","template":"","meta":[],"_links":{"self":[{"href":"https:\/\/akks.no\/trondheim\/wp-json\/wp\/v2\/pages\/1662"}],"collection":[{"href":"https:\/\/akks.no\/trondheim\/wp-json\/wp\/v2\/pages"}],"about":[{"href":"https:\/\/akks.no\/trondheim\/wp-json\/wp\/v2\/types\/page"}],"author":[{"embeddable":true,"href":"https:\/\/akks.no\/trondheim\/wp-json\/wp\/v2\/users\/7"}],"replies":[{"embeddable":true,"href":"https:\/\/akks.no\/trondheim\/wp-json\/wp\/v2\/comments?post=1662"}],"version-history":[{"count":6,"href":"https:\/\/akks.no\/trondheim\/wp-json\/wp\/v2\/pages\/1662\/revisions"}],"predecessor-version":[{"id":2091,"href":"https:\/\/akks.no\/trondheim\/wp-json\/wp\/v2\/pages\/1662\/revisions\/2091"}],"wp:featuredmedia":[{"embeddable":true,"href":"https:\/\/akks.no\/trondheim\/wp-json\/wp\/v2\/media\/1617"}],"wp:attachment":[{"href":"https:\/\/akks.no\/trondheim\/wp-json\/wp\/v2\/media?parent=1662"}],"curies":[{"name":"wp","href":"https:\/\/api.w.org\/{rel}","templated":true}]}}