{"id":1280,"date":"2021-04-27T16:23:07","date_gmt":"2021-04-27T14:23:07","guid":{"rendered":"http:\/\/akks.no\/trondheim\/?page_id=1280"},"modified":"2021-06-01T15:16:39","modified_gmt":"2021-06-01T13:16:39","slug":"dj-kurs-summer-edition","status":"publish","type":"page","link":"https:\/\/akks.no\/trondheim\/dj-kurs-summer-edition\/","title":{"rendered":"DJ-kurs Summer Edition"},"content":{"rendered":"<p>P\u00e5 dette kurset trenger du ingen forkunnskap, men l\u00e6rer alt du trenger for \u00e5 sette fyr p\u00e5 dansegulvet. P\u00e5 kurset l\u00e6rer du alt om grunnleggende utstyr, b\u00e5de p\u00e5 mikser og cd\/vinylspillere. Du l\u00e6rer om musikk og tempo, eller BPM, og om drop-mikse (hvordan \u00abfade\u00bb en l\u00e5t inn i den neste) og hvordan man beat-mikser. I tillegg f\u00e5r du smarte tips og triks for \u00e5 sikre maksimal hoftevrikking hos de du spiller for!<\/p>\n<p>Alle er velkomne, men vi oppfordrer spesielt jenter, ikke-bin\u00e6re og transpersoner til \u00e5 melde seg p\u00e5!<\/p>\n<p>N\u00e5r: 28. &#8211; 30. juli<\/p>\n<p>Hvor: Fellesverket, Fjordgata 56<\/p>\n<p><img loading=\"lazy\" class=\"wp-image-1296 alignright\" src=\"http:\/\/akks.no\/trondheim\/files\/2021\/05\/Bli-AKKS-medlem.jpg\" alt=\"\" width=\"328\" height=\"187\" srcset=\"https:\/\/akks.no\/trondheim\/files\/2021\/05\/Bli-AKKS-medlem.jpg 700w, https:\/\/akks.no\/trondheim\/files\/2021\/05\/Bli-AKKS-medlem-300x171.jpg 300w, https:\/\/akks.no\/trondheim\/files\/2021\/05\/Bli-AKKS-medlem-600x343.jpg 600w\" sizes=\"(max-width: 328px) 100vw, 328px\" \/><\/p>\n<p>Pris: GRATIS for AKKS-medlemmer! Medlemsskap koster 50,-\/\u00e5r.<\/p>\n<p>&nbsp;<\/p>\n<p>&nbsp;<\/p>\n<p>Bli medlem i AKKS her: https:\/\/akks.no\/bli-medlem\/enkelt-medlemskap\/<\/p>\n<p>&nbsp;<\/p>\n<p>&nbsp;<\/p>\n<p>&nbsp;<\/p>\n<p>&nbsp;<\/p>\n<p>&nbsp;<\/p>\n<p>Utstyr: Du m\u00e5 stille med PC og headset, resten av utstyret stiller vi med. Dersom du ikke har tilgang p\u00e5 PC og headset, ta kontakt s\u00e5 f\u00e5r du l\u00e5ne av oss.<\/p>\n<p>Instrukt\u00f8r: Ida Vie<\/p>\n<p>Kurset er st\u00f8ttet av Bufdir<\/p>\n<div class=\"cognito\"><script src=\"https:\/\/www.cognitoforms.com\/s\/FXOEPohW70GFEHFUfr-M2Q\"><\/script><br \/>\n<script>Cognito.load(\"forms\", { id: \"21\" });<\/script><\/div>\n","protected":false},"excerpt":{"rendered":"<p>Er du mellom 15 &#8211; 25 \u00e5r og vil l\u00e6re mer om DJ-ing? Bli med p\u00e5 DJ-kurs!<\/p>\n","protected":false},"author":7,"featured_media":1312,"parent":0,"menu_order":0,"comment_status":"closed","ping_status":"closed","template":"","meta":[],"_links":{"self":[{"href":"https:\/\/akks.no\/trondheim\/wp-json\/wp\/v2\/pages\/1280"}],"collection":[{"href":"https:\/\/akks.no\/trondheim\/wp-json\/wp\/v2\/pages"}],"about":[{"href":"https:\/\/akks.no\/trondheim\/wp-json\/wp\/v2\/types\/page"}],"author":[{"embeddable":true,"href":"https:\/\/akks.no\/trondheim\/wp-json\/wp\/v2\/users\/7"}],"replies":[{"embeddable":true,"href":"https:\/\/akks.no\/trondheim\/wp-json\/wp\/v2\/comments?post=1280"}],"version-history":[{"count":8,"href":"https:\/\/akks.no\/trondheim\/wp-json\/wp\/v2\/pages\/1280\/revisions"}],"predecessor-version":[{"id":1352,"href":"https:\/\/akks.no\/trondheim\/wp-json\/wp\/v2\/pages\/1280\/revisions\/1352"}],"wp:featuredmedia":[{"embeddable":true,"href":"https:\/\/akks.no\/trondheim\/wp-json\/wp\/v2\/media\/1312"}],"wp:attachment":[{"href":"https:\/\/akks.no\/trondheim\/wp-json\/wp\/v2\/media?parent=1280"}],"curies":[{"name":"wp","href":"https:\/\/api.w.org\/{rel}","templated":true}]}}