{"id":1276,"date":"2021-04-27T16:18:11","date_gmt":"2021-04-27T14:18:11","guid":{"rendered":"http:\/\/akks.no\/trondheim\/?page_id=1276"},"modified":"2021-06-01T15:17:28","modified_gmt":"2021-06-01T13:17:28","slug":"latskriving-og-produksjon-med-nadia-essah","status":"publish","type":"page","link":"https:\/\/akks.no\/trondheim\/latskriving-og-produksjon-med-nadia-essah\/","title":{"rendered":"L\u00e5tskriving og produksjon med Nadia Essah"},"content":{"rendered":"<p>Er du mellom 12 &#8211; 20 \u00e5r og vil l\u00e6re om l\u00e5tskriving og musikkproduksjon? Da er dette kurset for deg! \u00a0Kurset g\u00e5r over to dager, og i l\u00f8pet av kurset vil du f\u00e5 en kort innf\u00f8ring i beat og akkorder, tekst og melodi, og du vil f\u00e5 spille inn l\u00e5ten du lager sammen med Nadia. Med andre ord f\u00e5r du en intensiv kursing i l\u00e5tskriving og produksjon av egne l\u00e5ter, og du f\u00e5r jobbe sammen med andre musikkinteresserte ungdommer. Du f\u00e5r ogs\u00e5 tilgang til et studio og veiledning underveis. Du trenger ingen forkunnskaper for \u00e5 v\u00e6re med!<\/p>\n<p>Alle er velkomne, men vi oppfordrer spesielt jenter, ikke-bin\u00e6re og transpersoner til \u00e5 melde seg p\u00e5!<\/p>\n<p>N\u00e5r: Mandag 26. og tirsdag 27. juli, kl 10-16 begge dager<\/p>\n<p>Hvor: Buranhus, AKKS Trondheim sine lokaler i Gamle Kongevei 30, 7068 Trondheim<\/p>\n<p><img loading=\"lazy\" class=\"wp-image-1296 alignright\" src=\"http:\/\/akks.no\/trondheim\/files\/2021\/05\/Bli-AKKS-medlem.jpg\" alt=\"\" width=\"328\" height=\"187\" srcset=\"https:\/\/akks.no\/trondheim\/files\/2021\/05\/Bli-AKKS-medlem.jpg 700w, https:\/\/akks.no\/trondheim\/files\/2021\/05\/Bli-AKKS-medlem-300x171.jpg 300w, https:\/\/akks.no\/trondheim\/files\/2021\/05\/Bli-AKKS-medlem-600x343.jpg 600w\" sizes=\"(max-width: 328px) 100vw, 328px\" \/><\/p>\n<p>&nbsp;<\/p>\n<p>Pris: GRATIS for AKKS-medlemmer! Medlemsskap koster 50,-\/\u00e5r.<\/p>\n<p>&nbsp;<\/p>\n<p>Bli medlem i AKKS her: https:\/\/akks.no\/bli-medlem\/enkelt-medlemskap\/<\/p>\n<p>&nbsp;<\/p>\n<p>&nbsp;<\/p>\n<p>&nbsp;<\/p>\n<p>&nbsp;<\/p>\n<p>Utstyr: Du kan jobbe p\u00e5 egen laptop eller nettbrett. Hvis du ikke har tilgang til utstyret \u2013 send oss en mail.<\/p>\n<p>Om Nadia Essah:<br \/>\nNadia Essah er en 22 \u00e5r gammel artist, produsent og l\u00e5tskriver fra Trondheim. Som fjorten\u00e5ring deltok hun p\u00e5 l\u00e5tskrivercampen \u00abSong:Expo\u00bb og ble bitt av l\u00e5tskriverbasillen. I tillegg til \u00e5 skrive l\u00e5ter for seg selv og andre begynte hun \u00e5 produsere sin egen musikk og ga ut sin f\u00f8rste singel i 2019. Oppvokst med en norsk mor og en marokkansk far, var de musikalske innflytelsene varierte, noe som har resultert i et s\u00e6regent musikalsk landskap og m\u00e5te \u00e5 skrive tekster p\u00e5. Nadias musikk befinner seg et sted mellom D\u2019angelo og Alicia Keys, men mest av alt seg selv.<\/p>\n<p>Kurset er st\u00f8ttet av Bufdir<\/p>\n<div class=\"cognito\"><script src=\"https:\/\/www.cognitoforms.com\/s\/FXOEPohW70GFEHFUfr-M2Q\"><\/script><br \/>\n<script>Cognito.load(\"forms\", { id: \"10\" });<\/script><\/div>\n","protected":false},"excerpt":{"rendered":"<p>L\u00e6r \u00e5 skrive og produsere l\u00e5ter med Nadia Essah!<\/p>\n","protected":false},"author":7,"featured_media":1315,"parent":0,"menu_order":0,"comment_status":"closed","ping_status":"closed","template":"","meta":[],"_links":{"self":[{"href":"https:\/\/akks.no\/trondheim\/wp-json\/wp\/v2\/pages\/1276"}],"collection":[{"href":"https:\/\/akks.no\/trondheim\/wp-json\/wp\/v2\/pages"}],"about":[{"href":"https:\/\/akks.no\/trondheim\/wp-json\/wp\/v2\/types\/page"}],"author":[{"embeddable":true,"href":"https:\/\/akks.no\/trondheim\/wp-json\/wp\/v2\/users\/7"}],"replies":[{"embeddable":true,"href":"https:\/\/akks.no\/trondheim\/wp-json\/wp\/v2\/comments?post=1276"}],"version-history":[{"count":7,"href":"https:\/\/akks.no\/trondheim\/wp-json\/wp\/v2\/pages\/1276\/revisions"}],"predecessor-version":[{"id":1353,"href":"https:\/\/akks.no\/trondheim\/wp-json\/wp\/v2\/pages\/1276\/revisions\/1353"}],"wp:featuredmedia":[{"embeddable":true,"href":"https:\/\/akks.no\/trondheim\/wp-json\/wp\/v2\/media\/1315"}],"wp:attachment":[{"href":"https:\/\/akks.no\/trondheim\/wp-json\/wp\/v2\/media?parent=1276"}],"curies":[{"name":"wp","href":"https:\/\/api.w.org\/{rel}","templated":true}]}}