{"id":1266,"date":"2021-04-28T14:46:39","date_gmt":"2021-04-28T12:46:39","guid":{"rendered":"http:\/\/akks.no\/trondheim\/?page_id=1266"},"modified":"2024-04-26T14:57:28","modified_gmt":"2024-04-26T12:57:28","slug":"sommerkurs-akks-trondheim","status":"publish","type":"page","link":"https:\/\/akks.no\/trondheim\/sommerkurs-akks-trondheim\/","title":{"rendered":"Sommerkurs AKKS Trondheim"},"content":{"rendered":"<p>AKKS Trondheim inviterer til sommerkurs for barn og ungdom! Info og p\u00e5melding til hvert kurs finner du under her. Av erfaring vet vi at disse kursene fylles raskt opp, s\u00e5 her gjelder det \u00e5 v\u00e6re tidlig ute for \u00e5 sikre deg plass! Du kan v\u00e6re med p\u00e5 s\u00e5 mange kurs du vil, og du trenger ingen forkunnskap for \u00e5 v\u00e6re med.<\/p>\n<p>Pris: GRATIS for AKKS-medlemmer!<\/p>\n<p><a href=\"https:\/\/akks.no\/bli-medlem\/enkelt-medlemskap\/\">Bli medlem i AKKS her (50,-)<\/a><\/p>\n<p>&nbsp;<\/p>\n<p>Takk til Bufdir for st\u00f8tte til sommerkurs &lt;3<\/p>\n","protected":false},"excerpt":{"rendered":"<p>Bli med p\u00e5 musikk-kurs i sommer!<\/p>\n","protected":false},"author":7,"featured_media":1316,"parent":0,"menu_order":0,"comment_status":"closed","ping_status":"closed","template":"","meta":[],"_links":{"self":[{"href":"https:\/\/akks.no\/trondheim\/wp-json\/wp\/v2\/pages\/1266"}],"collection":[{"href":"https:\/\/akks.no\/trondheim\/wp-json\/wp\/v2\/pages"}],"about":[{"href":"https:\/\/akks.no\/trondheim\/wp-json\/wp\/v2\/types\/page"}],"author":[{"embeddable":true,"href":"https:\/\/akks.no\/trondheim\/wp-json\/wp\/v2\/users\/7"}],"replies":[{"embeddable":true,"href":"https:\/\/akks.no\/trondheim\/wp-json\/wp\/v2\/comments?post=1266"}],"version-history":[{"count":20,"href":"https:\/\/akks.no\/trondheim\/wp-json\/wp\/v2\/pages\/1266\/revisions"}],"predecessor-version":[{"id":2005,"href":"https:\/\/akks.no\/trondheim\/wp-json\/wp\/v2\/pages\/1266\/revisions\/2005"}],"wp:featuredmedia":[{"embeddable":true,"href":"https:\/\/akks.no\/trondheim\/wp-json\/wp\/v2\/media\/1316"}],"wp:attachment":[{"href":"https:\/\/akks.no\/trondheim\/wp-json\/wp\/v2\/media?parent=1266"}],"curies":[{"name":"wp","href":"https:\/\/api.w.org\/{rel}","templated":true}]}}