{"id":1234,"date":"2021-03-03T15:33:53","date_gmt":"2021-03-03T14:33:53","guid":{"rendered":"http:\/\/akks.no\/trondheim\/?page_id=1234"},"modified":"2022-01-11T16:05:36","modified_gmt":"2022-01-11T15:05:36","slug":"smittevern-for-ovingsrom-akks-trondheim","status":"publish","type":"page","link":"https:\/\/akks.no\/trondheim\/smittevern-for-ovingsrom-akks-trondheim\/","title":{"rendered":"Smittevern for \u00f8vingsrom AKKS Trondheim"},"content":{"rendered":"<h1>Smittevernsprosedyrer AKKS Trondheim<\/h1>\n<p>I henhold til <a href=\"https:\/\/www.musikk.no\/nmr\/om-oss\/medlemsorganisasjoner\/ressurser-for-medlemmer\/veileder-smittevern-for-musikkovelser\">Norsk Musikkr\u00e5ds veileder for smittevern for musikk\u00f8vinger<\/a> innf\u00f8rer vi n\u00e5 f\u00f8lgende prosedyrer:<\/p>\n<p><strong>Grunnprinsippene vi forholder oss til er f\u00f8lgende:<\/strong><\/p>\n<ul>\n<li>Syke personer skal ikke delta p\u00e5 musikk\u00f8velser<\/li>\n<\/ul>\n<ul>\n<li>God hygiene\n<ul>\n<li>Rutiner for h\u00e5ndvask henger p\u00e5 alle toalett, antibac er plassert p\u00e5 alle rom og ved inngang.<\/li>\n<\/ul>\n<\/li>\n<\/ul>\n<ul>\n<li>Ingen fysisk n\u00e6rkontakt mellom personer\n<ul>\n<li>Alle \u00f8vende skal holde 1 meter avstand med mindre det er til hinder for normal ut\u00f8velse av aktiviteten. Som en ekstra forholdsregel anbefaler vi 1,5 meter avstand i front.<\/li>\n<\/ul>\n<\/li>\n<\/ul>\n<ul>\n<li>Ingen sambruk av instrumenter og utstyr.<\/li>\n<\/ul>\n<h1>Rutiner for AKKS<\/h1>\n<p>De som tilrettelegger for musikk\u00f8velser skal holde seg oppdatert p\u00e5 relevante anbefalinger fra offentlige helsemyndigheter og Norsk musikkr\u00e5d og tilrettelegge aktiviteten i samsvar med dette.<\/p>\n<p>&#8211; S\u00f8rge for tilgang til desinfeksjonsmidler<\/p>\n<p>&#8211; Utarbeide rutinelister for \u00f8ving og desinfeksjon<\/p>\n<p>&#8211; S\u00f8rge for at brukere har f\u00e5tt en gjennomgang av smittevern regler.<\/p>\n<p><u>P\u00e5 alle rom st\u00e5r f\u00f8lgende:<\/u><\/p>\n<p>&#8211; Antibac for bruk til h\u00e5nd- og utstyrsdesinfisering.<\/p>\n<p>&#8211; T\u00f8rkerull (spray p\u00e5 antibac og t\u00f8rk av)<\/p>\n<p>&#8211; Plastfolie og plastposer til \u00e5 pakke inn mic og ev. annet utstyr. Dette kastes etter bruk.<\/p>\n<p>&#8211; I tillegg til at info sendes ut s\u00e5 st\u00e5r rutineliste oppf\u00f8rt p\u00e5 alle rom.<\/p>\n<h1>Rutiner for \u00f8vende p\u00e5 Buranhus<\/h1>\n<p>&#8211; Alle som ankommer Buranhus m\u00e5 vaske hendene f\u00f8r de beveger seg inn p\u00e5 \u00f8vingsrom.<\/p>\n<p>&#8211; Vi anbefaler \u00e5 bruke munnbind n\u00e5r du ankommer og forlater lokalene.<\/p>\n<p>&#8211; Det oppnevnes 1 smittevernansvarlig i hvert band. <a href=\"https:\/\/www.dropbox.com\/sh\/6hd1dnpucxsb1c2\/AACWOES_oK8hJY8TU_iFloC1a?dl=0\">Denne personen m\u00e5 signere for at h*n overholder smittevernregler og at alle i bandet blir informert om gjeldende retningslinjer for bruk at \u00f8verommene.<\/a><\/p>\n<p>&#8211; Alt utstyr (forsterkere, mikser, stativ, kabler, trommesett etc.)\u00a0 desinfiseres f\u00f8r og etter \u00f8velse. Utstyr for dette er plassert ut p\u00e5 alle rom. Spray p\u00e5 antibac og t\u00f8rk av med t\u00f8rkerull (ev. spray p\u00e5 papir og t\u00f8rk av) som er plassert p\u00e5 rommene.<\/p>\n<p>&#8211; Hvis dere har utstyr som deles og brukes av flere (piano, sanganlegg, miksepult e.l.) m\u00e5 dere bli enige om \u00e9n person som betjener dette.<\/p>\n<p>&#8211; Instrument og utstyr utover dette skal ikke deles.<\/p>\n<p>&#8211; Om dere har egen vokalmic s\u00e5 benytt deg av denne i denne perioden. Hvis du ikke har egen mic s\u00e5 bruker du AKKS sin, men denne dekkes med plastfolie n\u00e5r den er i bruk og desinfiseres etter bruk. Husk at vokalisten skal holde god avstand fra resten av bandet.<\/p>\n<p>&nbsp;<\/p>\n<p>&nbsp;<\/p>\n<p>&nbsp;<\/p>\n","protected":false},"excerpt":{"rendered":"<p>OBS! Disse smittevernsrutinene oppdateres etterhvert som det kommer nye nasjonale og lokale anbefalinger, ta kontakt med trondheim@akks.no ved sp\u00f8rsm\u00e5l. Anbefaling frem til 15.januar 2022 er stans av all fritidsaktivitet for de over 20.<\/p>\n","protected":false},"author":7,"featured_media":0,"parent":0,"menu_order":0,"comment_status":"closed","ping_status":"closed","template":"","meta":[],"_links":{"self":[{"href":"https:\/\/akks.no\/trondheim\/wp-json\/wp\/v2\/pages\/1234"}],"collection":[{"href":"https:\/\/akks.no\/trondheim\/wp-json\/wp\/v2\/pages"}],"about":[{"href":"https:\/\/akks.no\/trondheim\/wp-json\/wp\/v2\/types\/page"}],"author":[{"embeddable":true,"href":"https:\/\/akks.no\/trondheim\/wp-json\/wp\/v2\/users\/7"}],"replies":[{"embeddable":true,"href":"https:\/\/akks.no\/trondheim\/wp-json\/wp\/v2\/comments?post=1234"}],"version-history":[{"count":6,"href":"https:\/\/akks.no\/trondheim\/wp-json\/wp\/v2\/pages\/1234\/revisions"}],"predecessor-version":[{"id":1552,"href":"https:\/\/akks.no\/trondheim\/wp-json\/wp\/v2\/pages\/1234\/revisions\/1552"}],"wp:attachment":[{"href":"https:\/\/akks.no\/trondheim\/wp-json\/wp\/v2\/media?parent=1234"}],"curies":[{"name":"wp","href":"https:\/\/api.w.org\/{rel}","templated":true}]}}