{"id":1151,"date":"2021-01-29T15:00:50","date_gmt":"2021-01-29T14:00:50","guid":{"rendered":"http:\/\/akks.no\/trondheim\/?page_id=1151"},"modified":"2021-11-24T13:09:02","modified_gmt":"2021-11-24T12:09:02","slug":"loud-remixlab","status":"publish","type":"page","link":"https:\/\/akks.no\/trondheim\/loud-remixlab\/","title":{"rendered":"LOUD! Remixlab"},"content":{"rendered":"<div class=\"o9v6fnle cxmmr5t8 oygrvhab hcukyx3x c1et5uql\"><\/div>\n<div>\n<p><img loading=\"lazy\" class=\"alignnone size-full wp-image-1329\" src=\"http:\/\/akks.no\/trondheim\/files\/2021\/05\/SSS_Remixlab-2020-1-scaled.jpg\" alt=\"\" width=\"2560\" height=\"1920\" srcset=\"https:\/\/akks.no\/trondheim\/files\/2021\/05\/SSS_Remixlab-2020-1-scaled.jpg 2560w, https:\/\/akks.no\/trondheim\/files\/2021\/05\/SSS_Remixlab-2020-1-300x225.jpg 300w, https:\/\/akks.no\/trondheim\/files\/2021\/05\/SSS_Remixlab-2020-1-1024x768.jpg 1024w, https:\/\/akks.no\/trondheim\/files\/2021\/05\/SSS_Remixlab-2020-1-768x576.jpg 768w, https:\/\/akks.no\/trondheim\/files\/2021\/05\/SSS_Remixlab-2020-1-1536x1152.jpg 1536w, https:\/\/akks.no\/trondheim\/files\/2021\/05\/SSS_Remixlab-2020-1-2048x1536.jpg 2048w, https:\/\/akks.no\/trondheim\/files\/2021\/05\/SSS_Remixlab-2020-1-600x450.jpg 600w\" sizes=\"(max-width: 2560px) 100vw, 2560px\" \/><\/p>\n<p>\ud83d\udca5Har du skrevet en l\u00e5t, og lurer p\u00e5 hvordan du kan lage lydbildet du \u00f8nsker? Kanskje har du lurt p\u00e5 hvordan en g\u00e5r frem for \u00e5 remixe en l\u00e5t? Da er LOUD Remixlab for deg!\ud83d\udca5<\/p>\n<p>\ud83c\udf38\ud83c\udf38Gjennom fire dager vil du f\u00e5 en innf\u00f8ring i elektronisk musikkproduksjon og remixing av erfarne instrukt\u00f8rer. Vi vil arbeide med en l\u00e5t som case for remixing med programvaren Ableton Live som hovedverkt\u00f8y.<\/p>\n<p>\ud83d\udc96\ud83d\udc96Lisens til programmet er inkludert i kurset, om du ikke har det fra f\u00f8r \u2013 oppgi i s\u00e5 fall dette i p\u00e5meldingsskjemaet. Vi hjelper deg med registrering og installering f\u00f8rste kursdag<\/p>\n<p>\ud83d\udd25\ud83d\udd25Du ikke trenger \u00e5 v\u00e6re ekspert p\u00e5 instrumenter eller kunne masse om musikk fra f\u00f8r for \u00e5 v\u00e6re ekspert p\u00e5 ditt eget musikalske uttrykk! Vi hiver oss ut i pr\u00f8ving og feiling, og leker oss fram til nye lyder og l\u00e5ter gjennom en rekke sm\u00e5 og store praktiske \u00f8velser.<\/p>\n<p>Dersom du ikke har mulighet til \u00e5 betale for kurs eller ikke har egen datamaskin kan du kontakte oss.<\/p>\n<p>Kontakt: trondheim@akks.no<\/p>\n<p><strong>Dato:<\/strong>\u00a021. &#8211; 24. februar 2022<\/p>\n<p><strong>Tid<\/strong>: kl. 10-17<\/p>\n<p><strong>Sted:<\/strong> AKKS Trondheim<\/p>\n<p><strong>Pris:<\/strong>\u00a01000,- for AKKS medlemmer, kurset inkluderer ogs\u00e5 lunsj alle dager og programvare (Ableton Live 10 intro).<\/p>\n<p><strong>For hvem?:<\/strong> Alle jenter, ikke-bin\u00e6re og transungdom mellom 14-20\u00e5r<\/p>\n<\/div>\n<div><\/div>\n<div class=\"o9v6fnle cxmmr5t8 oygrvhab hcukyx3x c1et5uql\"><\/div>\n<div>\n<div class=\"o9v6fnle cxmmr5t8 oygrvhab hcukyx3x c1et5uql\"><\/div>\n<\/div>\n<div class=\"cognito\"><script src=\"https:\/\/www.cognitoforms.com\/s\/FXOEPohW70GFEHFUfr-M2Q\"><\/script><br \/>\n<script>Cognito.load(\"forms\", { id: \"14\" });<\/script><\/div>\n","protected":false},"excerpt":{"rendered":"<p>\ud83c\udf1fLyst til \u00e5 pr\u00f8ve deg p\u00e5 musikkproduksjon og remixing i vinterferien?\ud83c\udf1f<\/p>\n","protected":false},"author":7,"featured_media":1211,"parent":0,"menu_order":0,"comment_status":"closed","ping_status":"closed","template":"","meta":[],"_links":{"self":[{"href":"https:\/\/akks.no\/trondheim\/wp-json\/wp\/v2\/pages\/1151"}],"collection":[{"href":"https:\/\/akks.no\/trondheim\/wp-json\/wp\/v2\/pages"}],"about":[{"href":"https:\/\/akks.no\/trondheim\/wp-json\/wp\/v2\/types\/page"}],"author":[{"embeddable":true,"href":"https:\/\/akks.no\/trondheim\/wp-json\/wp\/v2\/users\/7"}],"replies":[{"embeddable":true,"href":"https:\/\/akks.no\/trondheim\/wp-json\/wp\/v2\/comments?post=1151"}],"version-history":[{"count":11,"href":"https:\/\/akks.no\/trondheim\/wp-json\/wp\/v2\/pages\/1151\/revisions"}],"predecessor-version":[{"id":1535,"href":"https:\/\/akks.no\/trondheim\/wp-json\/wp\/v2\/pages\/1151\/revisions\/1535"}],"wp:featuredmedia":[{"embeddable":true,"href":"https:\/\/akks.no\/trondheim\/wp-json\/wp\/v2\/media\/1211"}],"wp:attachment":[{"href":"https:\/\/akks.no\/trondheim\/wp-json\/wp\/v2\/media?parent=1151"}],"curies":[{"name":"wp","href":"https:\/\/api.w.org\/{rel}","templated":true}]}}