{"id":111,"date":"2018-04-16T09:31:38","date_gmt":"2018-04-16T07:31:38","guid":{"rendered":"http:\/\/akks-no.staging.wordpress.idium.no\/trondheim\/?page_id=111"},"modified":"2024-12-02T15:03:16","modified_gmt":"2024-12-02T14:03:16","slug":"feminalen","status":"publish","type":"page","link":"https:\/\/akks.no\/trondheim\/feminalen\/","title":{"rendered":"Feminalen"},"content":{"rendered":"<div id=\"yui_3_17_2_1_1523864001773_77\" class=\"parallax-item\" data-url-id=\"bio\">\n<div id=\"yui_3_17_2_1_1523864001773_76\" class=\"content has-main-image has-content\">\n<div id=\"yui_3_17_2_1_1523864001773_75\" class=\"content-inner has-content\" data-content-field=\"main-content\">\n<div id=\"page-55c3e193e4b048fafa357269\" class=\"sqs-layout sqs-grid-12 columns-12\" data-type=\"page\" data-updated-on=\"1521909981268\">\n<div id=\"yui_3_17_2_1_1523864001773_74\" class=\"row sqs-row\">\n<div id=\"yui_3_17_2_1_1523864001773_73\" class=\"col sqs-col-12 span-12\">\n<div id=\"yui_3_17_2_1_1523864001773_72\" class=\"row sqs-row\">\n<div id=\"yui_3_17_2_1_1523864001773_71\" class=\"col sqs-col-8 span-8\">\n<div id=\"block-710bf4a44da848de43c5\" class=\"sqs-block html-block sqs-block-html\" style=\"padding-left: 40px;\" data-block-type=\"2\"><strong>Om Feminalen<\/strong><\/div>\n<\/div>\n<\/div>\n<\/div>\n<\/div>\n<\/div>\n<\/div>\n<\/div>\n<\/div>\n<div id=\"yui_3_17_2_1_1523864001773_77\" class=\"parallax-item\" data-url-id=\"bio\">\n<div id=\"yui_3_17_2_1_1523864001773_76\" class=\"content has-main-image has-content\">\n<div id=\"yui_3_17_2_1_1523864001773_75\" class=\"content-inner has-content\" data-content-field=\"main-content\">\n<div id=\"page-55c3e193e4b048fafa357269\" class=\"sqs-layout sqs-grid-12 columns-12\" data-type=\"page\" data-updated-on=\"1521909981268\">\n<div id=\"yui_3_17_2_1_1523864001773_74\" class=\"row sqs-row\">\n<div id=\"yui_3_17_2_1_1523864001773_73\" class=\"col sqs-col-12 span-12\">\n<div id=\"yui_3_17_2_1_1523864001773_72\" class=\"row sqs-row\">\n<div id=\"yui_3_17_2_1_1523864001773_71\" class=\"col sqs-col-8 span-8\">\n<div id=\"block-710bf4a44da848de43c5\" class=\"sqs-block html-block sqs-block-html\" data-block-type=\"2\">\n<div class=\"sqs-block-content\">\n<p style=\"padding-left: 40px;\"><span data-contrast=\"auto\">Feminalen <\/span><span data-contrast=\"auto\">en\u00a0<\/span><span data-contrast=\"auto\">musikkfestival <\/span><span data-contrast=\"auto\">i <\/span><span data-contrast=\"auto\">regi<\/span><span data-contrast=\"auto\">\u00a0av AKKS Trondheim.\u00a0<\/span><span data-contrast=\"auto\">Festivalen <\/span><span data-contrast=\"auto\">skaper<\/span><span data-contrast=\"auto\">\u00a0rom for\u00a0<\/span><span data-contrast=\"auto\">debatt <\/span><span data-contrast=\"auto\">og <\/span><span data-contrast=\"auto\">l\u00f8fter <\/span><span data-contrast=\"auto\">frem <\/span><span data-contrast=\"auto\">dyktige <\/span><span data-contrast=\"auto\">kvinnelige <\/span><span data-contrast=\"auto\">artister<\/span><span data-contrast=\"auto\">. I 2024 feiret Feminalen 10 \u00e5rsjubileum. <\/span><span data-contrast=\"auto\">Synlig <\/span><span data-contrast=\"auto\">balanse <\/span><span data-contrast=\"auto\">er <\/span><span data-contrast=\"auto\">viktig<\/span><span data-contrast=\"auto\"> for \u00e5 <\/span><span data-contrast=\"auto\">f\u00e5<\/span><span data-contrast=\"auto\">\u00a0et\u00a0<\/span><span data-contrast=\"auto\">musikalsk <\/span><span data-contrast=\"auto\">mangfold<\/span><span data-contrast=\"auto\">. For \u00e5\u00a0<\/span><span data-contrast=\"auto\">skape <\/span><span data-contrast=\"auto\">balanse <\/span><span data-contrast=\"auto\">trenger<\/span><span data-contrast=\"auto\">\u00a0vi like\u00a0<\/span><span data-contrast=\"auto\">premisser<\/span><span data-contrast=\"auto\">,\u00a0<\/span><span data-contrast=\"auto\">og<\/span><span data-contrast=\"auto\">\u00a0den\u00a0<\/span><span data-contrast=\"auto\">offentlige <\/span><span data-contrast=\"auto\">debatten<\/span><span data-contrast=\"auto\">\u00a0har\u00a0<\/span><span data-contrast=\"auto\">hittil <\/span><span data-contrast=\"auto\">vist <\/span><span data-contrast=\"auto\">oss<\/span><span data-contrast=\"auto\">\u00a0at mange\u00a0<\/span><span data-contrast=\"auto\">kvinner <\/span><span data-contrast=\"auto\">i <\/span><span data-contrast=\"auto\">musikkbransjen <\/span><span data-contrast=\"auto\">opplever<\/span><span data-contrast=\"auto\">\u00a0at de\u00a0<\/span><span data-contrast=\"auto\">ikke<\/span><span data-contrast=\"auto\">\u00a0har det. Det\u00a0<\/span><span data-contrast=\"auto\">vil<\/span><span data-contrast=\"auto\">\u00a0vi\u00a0<\/span><span data-contrast=\"auto\">gj\u00f8re <\/span><span data-contrast=\"auto\">noe<\/span><span data-contrast=\"auto\"> med. <\/span><span data-contrast=\"auto\">Festivalen <\/span><span data-contrast=\"auto\">booker\u00a0og\u00a0<\/span><span data-contrast=\"auto\">gir\u00a0<\/span><span data-contrast=\"auto\">spillerom <\/span><span data-contrast=\"auto\">til<\/span><span data-contrast=\"auto\">\u00a0et\u00a0<\/span><span data-contrast=\"auto\">knippe<\/span><span data-contrast=\"auto\">\u00a0av de mange\u00a0<\/span><span data-contrast=\"auto\">fantastiske <\/span><span data-contrast=\"auto\">artistene <\/span><span data-contrast=\"auto\">og <\/span><span data-contrast=\"auto\">musikerne <\/span><span data-contrast=\"auto\">som <\/span><span data-contrast=\"auto\">finnes<\/span><span data-contrast=\"auto\">. <\/span><\/p>\n<p style=\"text-align: left; padding-left: 40px;\"><span data-contrast=\"auto\">Med\u00a0<\/span><span data-contrast=\"auto\">dette <\/span><span data-contrast=\"auto\">fokuset <\/span><span data-contrast=\"auto\">vil<\/span><span data-contrast=\"auto\">\u00a0vi\u00a0<\/span><span data-contrast=\"auto\">bidra <\/span><span data-contrast=\"auto\">til<\/span><span data-contrast=\"auto\">\u00a0\u00e5\u00a0<\/span><span data-contrast=\"auto\">skape <\/span><span data-contrast=\"auto\">og <\/span><span data-contrast=\"auto\">synliggj\u00f8re <\/span><span data-contrast=\"auto\">rollemodeller<\/span><span data-contrast=\"auto\">,\u00a0<\/span><span data-contrast=\"auto\">og <\/span><span data-contrast=\"auto\">slik <\/span><span data-contrast=\"auto\">h\u00e5per<\/span><span data-contrast=\"auto\">\u00a0vi \u00e5\u00a0<\/span><span data-contrast=\"auto\">stimulere <\/span><span data-contrast=\"auto\">til <\/span><span data-contrast=\"auto\">\u00f8kt <\/span><span data-contrast=\"auto\">rekruttering<\/span><span data-contrast=\"auto\"> av underrepresenterte kj\u00f8nn i <\/span><span data-contrast=\"auto\">musikkbransjen<\/span><span data-contrast=\"auto\">. <\/span><span data-contrast=\"auto\">Festivalen <\/span><span data-contrast=\"auto\">ble <\/span><span data-contrast=\"auto\">arrangert<\/span><span data-contrast=\"auto\">\u00a0for\u00a0<\/span><span data-contrast=\"auto\">f\u00f8rste<\/span><span data-contrast=\"auto\">\u00a0gang\u00a0<\/span><span data-contrast=\"auto\">i<\/span><span data-contrast=\"auto\">\u00a02014\u00a0<\/span><span data-contrast=\"auto\">p\u00e5 <\/span><span data-contrast=\"auto\">Rockheim<\/span><span data-contrast=\"auto\">\u00a0med\u00a0<\/span><span data-contrast=\"auto\">konserter<\/span><span data-contrast=\"auto\">,\u00a0<\/span><span data-contrast=\"auto\">paneldebatter <\/span><span data-contrast=\"auto\">og <\/span><span data-contrast=\"auto\">fotoutstilling, og g\u00e5r n\u00e5r inn i sitt tiende \u00e5r i 2024.<\/span><\/p>\n<\/div>\n<\/div>\n<\/div>\n<\/div>\n<\/div>\n<div id=\"yui_3_17_2_1_1523864001773_73\" class=\"col sqs-col-12 span-12\">\n<div id=\"yui_3_17_2_1_1523864001773_72\" class=\"row sqs-row\">\n<div id=\"yui_3_17_2_1_1523864001773_71\" class=\"col sqs-col-8 span-8\">\n<div id=\"block-yui_3_17_2_11_1473356730274_11614\" data-block-type=\"47\">\n<p style=\"padding-left: 40px;\">Les mer p\u00e5 <a href=\"https:\/\/www.feminalen.no\/\">feminalen.no<\/a><\/p>\n<\/div>\n<\/div>\n<\/div>\n<\/div>\n<\/div>\n<\/div>\n<\/div>\n<\/div>\n<\/div>\n<div id=\"yui_3_17_2_1_1523864001773_295\" class=\"parallax-item\" data-url-id=\"pressetekst\">\n<div class=\"title-desc-wrapper over-image has-main-image\" data-color-suggested=\"#49215d\">\n<p><b><span data-contrast=\"auto\">Tidligere\u00a0artister<\/span><\/b><span data-ccp-props=\"{&quot;201341983&quot;:0,&quot;335559739&quot;:160,&quot;335559740&quot;:259}\">\u00a0<\/span><\/p>\n<p><span data-contrast=\"auto\">2014<\/span><span data-contrast=\"auto\">:\u00a0<\/span><span data-contrast=\"auto\">Sandra Kolstad, Thea\u00a0<\/span><span data-contrast=\"auto\">Hjelmeland<\/span><span data-contrast=\"auto\">,\u00a0<\/span><span data-contrast=\"auto\">Razika<\/span><span data-contrast=\"auto\">, Ida Maria,\u00a0<\/span><span data-contrast=\"auto\">Kuuk<\/span><span data-contrast=\"auto\">,\u00a0<\/span><span data-contrast=\"auto\">Blomst<\/span><span data-contrast=\"auto\">.<\/span><span data-ccp-props=\"{&quot;201341983&quot;:0,&quot;335559739&quot;:160,&quot;335559740&quot;:259}\">\u00a0<\/span><\/p>\n<p><span data-contrast=\"auto\">2015<\/span><span data-contrast=\"auto\">:\u00a0<\/span><span data-contrast=\"auto\">Kari\u00a0Harneshaug, Miss Tati, Cleo, ARY, Anja\u00a0<\/span><span data-contrast=\"auto\">Skybakmoen<\/span><span data-contrast=\"auto\">,\u00a0<\/span><span data-contrast=\"auto\">Izabell<\/span><span data-contrast=\"auto\">, Marie Denise.<\/span><span data-ccp-props=\"{&quot;201341983&quot;:0,&quot;335559739&quot;:160,&quot;335559740&quot;:259}\">\u00a0<\/span><\/p>\n<p><span data-contrast=\"auto\">2016<\/span><span data-contrast=\"auto\">:\u00a0<\/span><span data-contrast=\"auto\">Ine\u00a0<\/span><span data-contrast=\"auto\">Hoem<\/span><span data-contrast=\"auto\">, Elsa &amp; Emilie, Siv Jakobsen,\u00a0<\/span><span data-contrast=\"auto\">T\u00fc<\/span><span data-contrast=\"auto\">, Pale Honey,\u00a0<\/span><span data-contrast=\"auto\">Unnveig<\/span><span data-contrast=\"auto\">\u00a0Aas, Farida, DJ\u00a0<\/span><span data-contrast=\"auto\">Svani<\/span><span data-ccp-props=\"{&quot;201341983&quot;:0,&quot;335559739&quot;:160,&quot;335559740&quot;:259}\">\u00a0<\/span><\/p>\n<p><span data-contrast=\"auto\">2017<\/span><span data-contrast=\"auto\">:\u00a0<\/span><span data-contrast=\"auto\">Blondage,\u00a0Maxida\u00a0<\/span><span data-contrast=\"auto\">M\u00e4rak<\/span><span data-contrast=\"auto\">,\u00a0<\/span><span data-contrast=\"auto\">Kildaphew<\/span><span data-contrast=\"auto\">,\u00a0<\/span><span data-contrast=\"auto\">Purrpurrpurple<\/span><span data-contrast=\"auto\">, Kaja\u00a0<\/span><span data-contrast=\"auto\">Gunnufsen<\/span><span data-contrast=\"auto\">, Wild at Art, Juno<\/span><\/p>\n<p><span data-contrast=\"auto\">2018<\/span><span data-contrast=\"auto\">:\u00a0B<\/span><span data-contrast=\"auto\">iru\u00a0Baby, Myra, Lil Halima,\u00a0Myrtoula, Linda\u00a0<\/span><span data-contrast=\"auto\">Vidala<\/span><span data-contrast=\"auto\">,\u00a0<\/span><span data-contrast=\"auto\">Shikoswe<\/span><span data-contrast=\"auto\">,\u00a0<\/span><span data-contrast=\"auto\">Lekende<\/span><span data-contrast=\"auto\">\u00a0Lett,\u00a0<\/span><span data-contrast=\"auto\">Soldal<\/span><span data-contrast=\"auto\">, Sassy 009<\/span><span data-ccp-props=\"{&quot;201341983&quot;:0,&quot;335559739&quot;:160,&quot;335559740&quot;:259}\">\u00a0<\/span><\/p>\n<p class=\"\">2019: Mallgirl, j00, Izabell, Blood Command, DJ Clea, Anna Kajander, Louam, Musti, Killd\u00f8den, Adipop<\/p>\n<p class=\"\">2020: TORA, Kamara, the Northern Belle, Hey Love, Siri Black, A Million Pineapples<\/p>\n<p>2021: Fieh, Sn\u00c6rk, Louien, Morgi, Sunna Utsi, Sliteneliten<\/p>\n<p>2022: Ary, Tonje Halbj\u00f8rhus, Camilla Rowe, Veps, Cherie Mwangi, Hillari, Han Gaiden<\/p>\n<p>2023: Gaaren, Flty Brgr Grl, Tuvaband, Sl\u00f8tface, Saksa, Sunna Bj\u00f6rk, Liar, Charlotte dos Santos<\/p>\n<p>2024: Synne S\u00f8rgjerd, YLVA, Markella, NAARTH<\/p>\n<p><img loading=\"lazy\" class=\"alignnone size-full wp-image-1800\" src=\"http:\/\/akks.no\/trondheim\/files\/2023\/08\/Publikum-og-Fieh-Ina-Stenvig.jpg\" alt=\"\" width=\"1968\" height=\"1312\" srcset=\"https:\/\/akks.no\/trondheim\/files\/2023\/08\/Publikum-og-Fieh-Ina-Stenvig.jpg 1968w, https:\/\/akks.no\/trondheim\/files\/2023\/08\/Publikum-og-Fieh-Ina-Stenvig-300x200.jpg 300w, https:\/\/akks.no\/trondheim\/files\/2023\/08\/Publikum-og-Fieh-Ina-Stenvig-1024x683.jpg 1024w, https:\/\/akks.no\/trondheim\/files\/2023\/08\/Publikum-og-Fieh-Ina-Stenvig-768x512.jpg 768w, https:\/\/akks.no\/trondheim\/files\/2023\/08\/Publikum-og-Fieh-Ina-Stenvig-1536x1024.jpg 1536w, https:\/\/akks.no\/trondheim\/files\/2023\/08\/Publikum-og-Fieh-Ina-Stenvig-720x480.jpg 720w, https:\/\/akks.no\/trondheim\/files\/2023\/08\/Publikum-og-Fieh-Ina-Stenvig-600x400.jpg 600w\" sizes=\"(max-width: 1968px) 100vw, 1968px\" \/><\/p>\n<p style=\"padding-left: 40px;\"><strong><a href=\"https:\/\/www.feminalen.no\/\">For mer info om Feminalen bes\u00f8k v\u00e5re nettsider!<\/a><\/strong><\/p>\n<p style=\"padding-left: 40px;\">Feminalen arrangeres i samarbeid med <a href=\"https:\/\/www.konsertkollektiv.no\/\">Trondheim Konsertkollektiv<\/a><\/p>\n<\/div>\n<\/div>\n","protected":false},"excerpt":{"rendered":"<p>Om Feminalen Feminalen en\u00a0musikkfestival i regi\u00a0av AKKS Trondheim.\u00a0Festivalen skaper\u00a0rom for\u00a0debatt og l\u00f8fter frem dyktige kvinnelige artister. I 2024 feiret Feminalen 10 \u00e5rsjubileum. Synlig balanse er viktig for \u00e5 f\u00e5\u00a0et\u00a0musikalsk mangfold. For \u00e5\u00a0skape balanse trenger\u00a0vi like\u00a0premisser,\u00a0og\u00a0den\u00a0offentlige debatten\u00a0har\u00a0hittil vist oss\u00a0at mange\u00a0kvinner i musikkbransjen opplever\u00a0at de\u00a0ikke\u00a0har det. Det\u00a0vil\u00a0vi\u00a0gj\u00f8re noe med. Festivalen booker\u00a0og\u00a0gir\u00a0spillerom til\u00a0et\u00a0knippe\u00a0av de mange\u00a0fantastiske artistene og musikerne [&hellip;]<\/p>\n","protected":false},"author":7,"featured_media":2167,"parent":0,"menu_order":0,"comment_status":"closed","ping_status":"closed","template":"","meta":[],"_links":{"self":[{"href":"https:\/\/akks.no\/trondheim\/wp-json\/wp\/v2\/pages\/111"}],"collection":[{"href":"https:\/\/akks.no\/trondheim\/wp-json\/wp\/v2\/pages"}],"about":[{"href":"https:\/\/akks.no\/trondheim\/wp-json\/wp\/v2\/types\/page"}],"author":[{"embeddable":true,"href":"https:\/\/akks.no\/trondheim\/wp-json\/wp\/v2\/users\/7"}],"replies":[{"embeddable":true,"href":"https:\/\/akks.no\/trondheim\/wp-json\/wp\/v2\/comments?post=111"}],"version-history":[{"count":40,"href":"https:\/\/akks.no\/trondheim\/wp-json\/wp\/v2\/pages\/111\/revisions"}],"predecessor-version":[{"id":2179,"href":"https:\/\/akks.no\/trondheim\/wp-json\/wp\/v2\/pages\/111\/revisions\/2179"}],"wp:featuredmedia":[{"embeddable":true,"href":"https:\/\/akks.no\/trondheim\/wp-json\/wp\/v2\/media\/2167"}],"wp:attachment":[{"href":"https:\/\/akks.no\/trondheim\/wp-json\/wp\/v2\/media?parent=111"}],"curies":[{"name":"wp","href":"https:\/\/api.w.org\/{rel}","templated":true}]}}