{"id":958,"date":"2021-03-17T16:08:10","date_gmt":"2021-03-17T15:08:10","guid":{"rendered":"http:\/\/akks.no\/stavanger\/?page_id=958"},"modified":"2025-10-15T13:24:58","modified_gmt":"2025-10-15T11:24:58","slug":"uflakks-2","status":"publish","type":"page","link":"https:\/\/akks.no\/stavanger\/uflakks-2\/","title":{"rendered":"UFLAKKS"},"content":{"rendered":"<p><strong>UFLAKKS Stavanger,<\/strong> en forening under AKKS Stavanger, startet opp i september 2016. Vi arrangerer konserter for ungdom under 18 \u00e5r, med fokus p\u00e5 profesjonelle og etablerte artister, og booker \u00e5pning-sartister fra regionen som er p\u00e5 vei opp og frem- ogs\u00e5 for \u00e5 knytte viktige samarbeid og nettverk for disse.<\/p>\n<p>Ta kontakt med oss p\u00e5 <strong>stavanger@uflakks.no<\/strong> om du vil spille konsert eller booke en artist til UFLAKKS!<\/p>\n<figure id=\"attachment_346\" class=\"thumbnail wp-caption alignright\" style=\"max-width: 1024px;\">\n    <img loading=\"lazy\" class=\"wp-image-346 size-large\" src=\"http:\/\/akks.no\/stavanger\/files\/2018\/11\/Emilie-\u00d8steb\u00f8-1024x684.jpg\" alt=\"\" width=\"1024\" height=\"684\" srcset=\"https:\/\/akks.no\/stavanger\/files\/2018\/11\/Emilie-\u00d8steb\u00f8-1024x684.jpg 1024w, https:\/\/akks.no\/stavanger\/files\/2018\/11\/Emilie-\u00d8steb\u00f8-300x200.jpg 300w, https:\/\/akks.no\/stavanger\/files\/2018\/11\/Emilie-\u00d8steb\u00f8-768x513.jpg 768w, https:\/\/akks.no\/stavanger\/files\/2018\/11\/Emilie-\u00d8steb\u00f8-720x480.jpg 720w, https:\/\/akks.no\/stavanger\/files\/2018\/11\/Emilie-\u00d8steb\u00f8-600x401.jpg 600w, https:\/\/akks.no\/stavanger\/files\/2018\/11\/Emilie-\u00d8steb\u00f8.jpg 1600w\" sizes=\"(max-width: 1024px) 100vw, 1024px\" \/>    <figcaption class=\"caption wp-caption-text\">Emilie \u00d8steb\u00f8 (n\u00e5 Bo Milli) p\u00e5 UFLAKKS Sommerfest i 2019, p\u00e5 Folken. Foto: Kylo Salvesen<\/figcaption>\n<\/figure>\n<p>Vi satser bredt i ulike sjangre og m\u00e5lgrupper blant unge. Vi ser at det er et underliggende behov for musikkbyen Stavanger og Rogaland Fylke \u00e5 ha et tilbud for barn og unge under 18 innenfor live-opptredener. Et annet viktig m\u00e5l med prosjektet er \u00e5 bevisstgj\u00f8re og profesjonalisere medlemmer av UFLAKKS Stavanger innenfor logistikk, \u00f8konomi, n\u00e6ringsliv, booking og musikkbransjen. Dette ved \u00e5 s\u00f8rge for at alle medlemmer er en viktig del av produksjonsteamet bak profesjonelle live-konserter med omreisende artister i en arena hvor jevnaldrede b\u00e5de er hovedpublikum og arrang\u00f8r.<\/p>\n<figure id=\"attachment_799\" class=\"thumbnail wp-caption alignright\" style=\"max-width: 1024px;\">\n    <img loading=\"lazy\" class=\"wp-image-799 size-large\" src=\"http:\/\/akks.no\/stavanger\/files\/2020\/07\/104358900_994041197720701_3640105547695636614_n-1024x768.jpg\" alt=\"\" width=\"1024\" height=\"768\" srcset=\"https:\/\/akks.no\/stavanger\/files\/2020\/07\/104358900_994041197720701_3640105547695636614_n-1024x768.jpg 1024w, https:\/\/akks.no\/stavanger\/files\/2020\/07\/104358900_994041197720701_3640105547695636614_n-300x225.jpg 300w, https:\/\/akks.no\/stavanger\/files\/2020\/07\/104358900_994041197720701_3640105547695636614_n-768x576.jpg 768w, https:\/\/akks.no\/stavanger\/files\/2020\/07\/104358900_994041197720701_3640105547695636614_n-600x450.jpg 600w, https:\/\/akks.no\/stavanger\/files\/2020\/07\/104358900_994041197720701_3640105547695636614_n.jpg 1242w\" sizes=\"(max-width: 1024px) 100vw, 1024px\" \/>    <figcaption class=\"caption wp-caption-text\">UFLAKKSere p\u00e5 jobb under U18 Honningbarna konsert p\u00e5 Tou Scene, 2019<\/figcaption>\n<\/figure>\n<p>Vi har s\u00e5 langt samarbeidet med mange ulike akt\u00f8rer i regionen som Tou Scene, Folken, Mablisfestivalen og Norske Konsertarrang\u00f8rer, Metropolis, Martinique, Checkpoint Charlie,caf\u00e9er og organisasjoner som STAR Rogaland og BandOrg osv &#8211; alle stiller seg tilgjengelige og er villige til \u00e5 hjelpe til b\u00e5de \u00f8konomisk, med oppl\u00e6ringen og profesjonaliseringen av ungdommene som er med p\u00e5 prosjektet, og med \u00e5 stille lokaler til disposisjon.<\/p>\n<figure id=\"attachment_961\" class=\"thumbnail wp-caption alignnone\" style=\"max-width: 1024px;\">\n    <img loading=\"lazy\" class=\"wp-image-961 size-large\" src=\"http:\/\/akks.no\/stavanger\/files\/2021\/03\/Da\u030arlig-Vane-UFLAKKS-1024x683.jpg\" alt=\"\" width=\"1024\" height=\"683\" srcset=\"https:\/\/akks.no\/stavanger\/files\/2021\/03\/Da\u030arlig-Vane-UFLAKKS-1024x683.jpg 1024w, https:\/\/akks.no\/stavanger\/files\/2021\/03\/Da\u030arlig-Vane-UFLAKKS-300x200.jpg 300w, https:\/\/akks.no\/stavanger\/files\/2021\/03\/Da\u030arlig-Vane-UFLAKKS-768x512.jpg 768w, https:\/\/akks.no\/stavanger\/files\/2021\/03\/Da\u030arlig-Vane-UFLAKKS-1536x1024.jpg 1536w, https:\/\/akks.no\/stavanger\/files\/2021\/03\/Da\u030arlig-Vane-UFLAKKS-720x480.jpg 720w, https:\/\/akks.no\/stavanger\/files\/2021\/03\/Da\u030arlig-Vane-UFLAKKS-600x400.jpg 600w, https:\/\/akks.no\/stavanger\/files\/2021\/03\/Da\u030arlig-Vane-UFLAKKS.jpg 2048w\" sizes=\"(max-width: 1024px) 100vw, 1024px\" \/>    <figcaption class=\"caption wp-caption-text\">D\u00e5rlig Vane p\u00e5 Folken 2019. Foto Angelica Rimsin Manke<\/figcaption>\n<\/figure>\n<p>Den viktigste verdiskapningen skjer n\u00e5r store norske artister spiller for mennesker under 18, og n\u00e5r unge mennesker f\u00e5r oppleve . Dette er en aldersgruppe ofte utelatt p\u00e5 grunn av skjenkereglement, som er et vedvarende problem vi \u00f8nsker \u00e5 ta tak i.<\/p>\n<p>UFLAKKS Stavanger er st\u00f8ttet av Norsk Kulturr\u00e5d, Frifond og har DSD som sponsor<\/p>\n","protected":false},"excerpt":{"rendered":"<p>Rusfrie konserter med norges st\u00f8rste turnerende, i tillegg til up-and-coming artister arrangert av ungdom, for ungdom i Stavanger-regionen.<\/p>\n","protected":false},"author":9,"featured_media":0,"parent":0,"menu_order":10,"comment_status":"closed","ping_status":"closed","template":"","meta":[],"_links":{"self":[{"href":"https:\/\/akks.no\/stavanger\/wp-json\/wp\/v2\/pages\/958"}],"collection":[{"href":"https:\/\/akks.no\/stavanger\/wp-json\/wp\/v2\/pages"}],"about":[{"href":"https:\/\/akks.no\/stavanger\/wp-json\/wp\/v2\/types\/page"}],"author":[{"embeddable":true,"href":"https:\/\/akks.no\/stavanger\/wp-json\/wp\/v2\/users\/9"}],"replies":[{"embeddable":true,"href":"https:\/\/akks.no\/stavanger\/wp-json\/wp\/v2\/comments?post=958"}],"version-history":[{"count":6,"href":"https:\/\/akks.no\/stavanger\/wp-json\/wp\/v2\/pages\/958\/revisions"}],"predecessor-version":[{"id":1872,"href":"https:\/\/akks.no\/stavanger\/wp-json\/wp\/v2\/pages\/958\/revisions\/1872"}],"wp:attachment":[{"href":"https:\/\/akks.no\/stavanger\/wp-json\/wp\/v2\/media?parent=958"}],"curies":[{"name":"wp","href":"https:\/\/api.w.org\/{rel}","templated":true}]}}