{"id":956,"date":"2021-03-17T13:12:19","date_gmt":"2021-03-17T12:12:19","guid":{"rendered":"http:\/\/akks.no\/stavanger\/?page_id=956"},"modified":"2024-04-25T16:02:50","modified_gmt":"2024-04-25T14:02:50","slug":"loud","status":"publish","type":"page","link":"https:\/\/akks.no\/stavanger\/loud\/","title":{"rendered":"LOUD!"},"content":{"rendered":"<p><strong><img loading=\"lazy\" class=\"aligncenter wp-image-983 size-large\" src=\"http:\/\/akks.no\/stavanger\/files\/2021\/03\/IMG_5666-1024x683.jpg\" alt=\"\" width=\"1024\" height=\"683\" srcset=\"https:\/\/akks.no\/stavanger\/files\/2021\/03\/IMG_5666-1024x683.jpg 1024w, https:\/\/akks.no\/stavanger\/files\/2021\/03\/IMG_5666-300x200.jpg 300w, https:\/\/akks.no\/stavanger\/files\/2021\/03\/IMG_5666-768x512.jpg 768w, https:\/\/akks.no\/stavanger\/files\/2021\/03\/IMG_5666-1536x1024.jpg 1536w, https:\/\/akks.no\/stavanger\/files\/2021\/03\/IMG_5666-2048x1365.jpg 2048w, https:\/\/akks.no\/stavanger\/files\/2021\/03\/IMG_5666-720x480.jpg 720w, https:\/\/akks.no\/stavanger\/files\/2021\/03\/IMG_5666-600x400.jpg 600w\" sizes=\"(max-width: 1024px) 100vw, 1024px\" \/>Sommerleiren <em>LOUD!<\/em> ble startet som svar p\u00e5 en rekke debatter og samlinger rundt mangelen p\u00e5 likestilling i norsk musikkliv i 2011, og var inspirert av lignende prosjekter over hele verden. JM Norway og AKKS innledet et samarbeid for \u00e5 starte et storstilt rekrutteringsprosjekt som utnytter begge organisasjoners nasjonale og internasjonale nettverk og erfaringer.<\/strong><\/p>\n<p><strong>Siden sin spede start for 11 \u00e5r siden har prosjektet, metodene og m\u00e5lgruppa utviklet seg betydelig, og fortsetter \u00e5 utvikle seg kontinuerlig. <\/strong><\/p>\n<p><strong>I dag er LOUD! b\u00e5de en nasjonal sommerleir, dagleire og workshops rundt i hele landet, oppl\u00e6ringsmuligheter for musikere og ungdomsarbeidere, i tillegg til en metodebank og en p\u00e5driver for mangfoldig rekruttering i det unge kulturlivet.<\/strong><\/p>\n<p>HVA ER LOUD?<\/p>\n<p><img loading=\"lazy\" class=\"wp-image-1060 size-medium alignright\" src=\"http:\/\/akks.no\/stavanger\/files\/2021\/03\/IMG_8679-300x200.jpg\" alt=\"\" width=\"300\" height=\"200\" srcset=\"https:\/\/akks.no\/stavanger\/files\/2021\/03\/IMG_8679-300x200.jpg 300w, https:\/\/akks.no\/stavanger\/files\/2021\/03\/IMG_8679-1024x683.jpg 1024w, https:\/\/akks.no\/stavanger\/files\/2021\/03\/IMG_8679-768x512.jpg 768w, https:\/\/akks.no\/stavanger\/files\/2021\/03\/IMG_8679-1536x1024.jpg 1536w, https:\/\/akks.no\/stavanger\/files\/2021\/03\/IMG_8679-2048x1365.jpg 2048w, https:\/\/akks.no\/stavanger\/files\/2021\/03\/IMG_8679-720x480.jpg 720w, https:\/\/akks.no\/stavanger\/files\/2021\/03\/IMG_8679-600x400.jpg 600w\" sizes=\"(max-width: 300px) 100vw, 300px\" \/><\/p>\n<ul data-rte-list=\"default\">\n<li>Nasjonal Sommerleir: bandleir arrangeres hvert \u00e5r p\u00e5 Haugetun Folkeh\u00f8yskole utenfor Fredrikstad<img loading=\"lazy\" class=\"size-medium wp-image-981 alignright\" src=\"http:\/\/akks.no\/stavanger\/files\/2021\/03\/IMG_5559-1-200x300.jpg\" alt=\"\" width=\"200\" height=\"300\" srcset=\"https:\/\/akks.no\/stavanger\/files\/2021\/03\/IMG_5559-1-200x300.jpg 200w, https:\/\/akks.no\/stavanger\/files\/2021\/03\/IMG_5559-1-683x1024.jpg 683w, https:\/\/akks.no\/stavanger\/files\/2021\/03\/IMG_5559-1-768x1152.jpg 768w, https:\/\/akks.no\/stavanger\/files\/2021\/03\/IMG_5559-1-1024x1536.jpg 1024w, https:\/\/akks.no\/stavanger\/files\/2021\/03\/IMG_5559-1-1365x2048.jpg 1365w, https:\/\/akks.no\/stavanger\/files\/2021\/03\/IMG_5559-1-600x900.jpg 600w, https:\/\/akks.no\/stavanger\/files\/2021\/03\/IMG_5559-1-scaled.jpg 1707w\" sizes=\"(max-width: 200px) 100vw, 200px\" \/> Kommune. \u00c5rlig overnattingsleir for jenter, transpersoner og ikke-bin\u00e6re mellom 11 og 17 \u00e5r. \u00a0<a href=\"http:\/\/www.loudcamp.com\/dincamp\">Les mer og meld deg p\u00e5 HER\u00a0<\/a>!<\/li>\n<\/ul>\n<ul>\n<li>I h\u00f8st- og vinterferier arrangeres det Band Dagleire hos AKKSavdelinger rundt omkring i landet. Disse er ogs\u00e5 \u00e5pne for jenter, transpersoner og ikke-bin\u00e6re, med litt varierte aldersgrenser.\u00a0<a href=\"https:\/\/www.loudcamp.com\/din-camp\" target=\"_blank\" rel=\"noopener noreferrer\">Sjekk her<\/a> for oppdatert informasjon.<\/li>\n<\/ul>\n<ul data-rte-list=\"default\">\n<li>LOUD! Produsentskole: Hos AKKS Oslo har de startet en Produsentskole med LOUD! sin pedagogikk og metodikk for unge kvinnelige, trans og ikke-bin\u00e6re produsentspirer. <a href=\"https:\/\/akks.no\/oslo\/2023\/09\/21\/produsentskolen-loud\/\">Les mer<\/a><\/li>\n<li>\n<p class=\"\">ElektroLOUD Labkvelder er \u00e5pne m\u00f8teplasser for kvinner, trans og ikke-bin\u00e6re personer som er interesserte i musikkproduksjon i Oslo. Her kan man dukke opp og m\u00f8te andre som ogs\u00e5 er gira p\u00e5 musikk og produksjon, f\u00e5 mat, og veiledning fra kule mentorer. <a href=\"https:\/\/www.loudcamp.com\/labkveld\">Les mer<\/a><\/p>\n<p><img loading=\"lazy\" class=\"wp-image-1105 size-medium alignright\" src=\"http:\/\/akks.no\/stavanger\/files\/2021\/03\/SSS_Remixlab-2020-4-300x225.jpg\" alt=\"\" width=\"300\" height=\"225\" srcset=\"https:\/\/akks.no\/stavanger\/files\/2021\/03\/SSS_Remixlab-2020-4-300x225.jpg 300w, https:\/\/akks.no\/stavanger\/files\/2021\/03\/SSS_Remixlab-2020-4-1024x768.jpg 1024w, https:\/\/akks.no\/stavanger\/files\/2021\/03\/SSS_Remixlab-2020-4-768x576.jpg 768w, https:\/\/akks.no\/stavanger\/files\/2021\/03\/SSS_Remixlab-2020-4-1536x1152.jpg 1536w, https:\/\/akks.no\/stavanger\/files\/2021\/03\/SSS_Remixlab-2020-4-2048x1536.jpg 2048w, https:\/\/akks.no\/stavanger\/files\/2021\/03\/SSS_Remixlab-2020-4-600x450.jpg 600w\" sizes=\"(max-width: 300px) 100vw, 300px\" \/><\/li>\n<li>\n<p class=\"\">LOUD Remixlab er et firedagers kurs i remixing og musikkproduksjon i Ableton Live. Vi arrangerer LOUD Remixlab n\u00e5r vi f\u00e5r st\u00f8tte til det. Forel\u00f8pig er det ingen AKKSavdelinger eller mulighet hos JM Norway for \u00e5 gj\u00f8re dette. Ta kontakt om du \u00f8nsker \u00e5 l\u00e6re mer om musikkproduksjon!<br \/>\n<img loading=\"lazy\" class=\"size-medium wp-image-987 alignright\" src=\"http:\/\/akks.no\/stavanger\/files\/2021\/03\/IMG_6327-300x200.jpg\" alt=\"\" width=\"300\" height=\"200\" srcset=\"https:\/\/akks.no\/stavanger\/files\/2021\/03\/IMG_6327-300x200.jpg 300w, https:\/\/akks.no\/stavanger\/files\/2021\/03\/IMG_6327-1024x683.jpg 1024w, https:\/\/akks.no\/stavanger\/files\/2021\/03\/IMG_6327-768x512.jpg 768w, https:\/\/akks.no\/stavanger\/files\/2021\/03\/IMG_6327-1536x1024.jpg 1536w, https:\/\/akks.no\/stavanger\/files\/2021\/03\/IMG_6327-2048x1365.jpg 2048w, https:\/\/akks.no\/stavanger\/files\/2021\/03\/IMG_6327-720x480.jpg 720w, https:\/\/akks.no\/stavanger\/files\/2021\/03\/IMG_6327-600x400.jpg 600w\" sizes=\"(max-width: 300px) 100vw, 300px\" \/><\/p>\n<\/li>\n<li>H\u00f8sten 2023 arrangerte vi LOUD! Songs i flere byer i Norge! Leirene ble arrangert hos AKKS avdelinger i Stavanger, Oslo, Troms\u00f8 og Kristiansand. Dette var en LOUD!ifistert versjon av tradisjonelle &#8220;L\u00e5tskriversessions&#8221;. Dette var tre-dagers dagleiere for l\u00e5tskrivere og produsenter med profesjonelle ambisjoner men ikke n\u00f8dvendigvis mye erfaring med l\u00e5tskriversessions. Vi laget sanger og koste oss sammen over tre dager! Vi h\u00e5per \u00e5 kunne videreutvikle dette prosjektet fremover.<\/li>\n<li>LOUD! aktiviteter er ogs\u00e5 arbeidsplasser og nettverk innenfor musikk, kulturliv og idelle organisasjoner for kvinnelige, trans og ikke-bin\u00e6re personer fra hele Norge. Om du er interessert i \u00e5 v\u00e6re med som frivillig eller leder for \u00e5 f\u00e5 oppl\u00e6ring og kunnskap rundt inkluderende arrangering av kulturaktiviteter, eller har en workshop innenfor musikk som du brenner inne med kan du sjekke <a href=\"https:\/\/www.loudcamp.com\/jobb\">HER<\/a> eller ta kontakt med oss p\u00e5 loud@akks.no s\u00e5 kan vi peke videre til evt arrangment som trenger personale. Bli med du og!<\/li>\n<\/ul>\n<p class=\"\"><strong>Arbeider du med ungdom og vil l\u00e6re mer om hvordan vi jobber p\u00e5 LOUD? Vi inviterer vi til LOUD inpirasjonsseminar for \u00e5 dele v\u00e5re erfaringer og metoder med andre som jobber med ungdom send mail til <a href=\"mailto:sofie@jmn.no\">sofie@jmn.no<\/a> eller <a href=\"mailto:stavanger@akks.no\">stavanger@akks.no<\/a> om du vil ha <a href=\"https:\/\/www.jmn.no\/nyheter\/2018\/11\/22\/bli-inspirert-av-loud-jentenes-bandleir\" target=\"_blank\" rel=\"noopener noreferrer\">mer informasjon.<\/a><\/strong><\/p>\n","protected":false},"excerpt":{"rendered":"<p>LOUD! er et sosialt og musikalsk prosjekt som jobber for \u00e5 bygge selvtillit, samhold og musikkinteresse hos unge jenter ikke-bin\u00e6re og transpersoner fra hele landet. Gjennom \u00e5 skape en trygg atmosf\u00e6re der deltakerne kan pr\u00f8ve og feile, m\u00f8te gode forbilder og l\u00e6re om musikk og teknikk kan deltakerne oppdage og oppleve at det \u00e5 spille i band er en enest\u00e5ende sosial og kreativ setting som ikke er forbeholdt guttene. Bandleir, produksjon, l\u00e5tskriving, remixing, norm-utfordrende pedagogikk.<\/p>\n","protected":false},"author":9,"featured_media":1070,"parent":0,"menu_order":12,"comment_status":"closed","ping_status":"closed","template":"","meta":[],"_links":{"self":[{"href":"https:\/\/akks.no\/stavanger\/wp-json\/wp\/v2\/pages\/956"}],"collection":[{"href":"https:\/\/akks.no\/stavanger\/wp-json\/wp\/v2\/pages"}],"about":[{"href":"https:\/\/akks.no\/stavanger\/wp-json\/wp\/v2\/types\/page"}],"author":[{"embeddable":true,"href":"https:\/\/akks.no\/stavanger\/wp-json\/wp\/v2\/users\/9"}],"replies":[{"embeddable":true,"href":"https:\/\/akks.no\/stavanger\/wp-json\/wp\/v2\/comments?post=956"}],"version-history":[{"count":10,"href":"https:\/\/akks.no\/stavanger\/wp-json\/wp\/v2\/pages\/956\/revisions"}],"predecessor-version":[{"id":1639,"href":"https:\/\/akks.no\/stavanger\/wp-json\/wp\/v2\/pages\/956\/revisions\/1639"}],"wp:featuredmedia":[{"embeddable":true,"href":"https:\/\/akks.no\/stavanger\/wp-json\/wp\/v2\/media\/1070"}],"wp:attachment":[{"href":"https:\/\/akks.no\/stavanger\/wp-json\/wp\/v2\/media?parent=956"}],"curies":[{"name":"wp","href":"https:\/\/api.w.org\/{rel}","templated":true}]}}