{"id":869,"date":"2020-11-18T18:29:55","date_gmt":"2020-11-18T17:29:55","guid":{"rendered":"http:\/\/akks.no\/stavanger\/?page_id=869"},"modified":"2024-03-14T14:44:07","modified_gmt":"2024-03-14T13:44:07","slug":"sammen-2","status":"publish","type":"page","link":"https:\/\/akks.no\/stavanger\/sammen-2\/","title":{"rendered":"SAMMEN"},"content":{"rendered":"<p>Bli med oss i SAMMEN hver tirsdag og torsdag for \u00e5 f\u00e5 arbeidserfaring gjennom arrangering av musikkaktiviteter!<br \/>\nVi tilbyr gratis musikkaktiviteter med profesjonelle workshopholdere hver tirsdag og torsdag fra 14.30 &#8211; 16.30. Vi holder ogs\u00e5 CV\/Jobbs\u00f8kerkurs hver m\u00e5ned med en erfaren veileder som hjelper deg \u00e5 s\u00f8ke p\u00e5 din f\u00f8rste jobb! I tillegg skriver vi blogg, du f\u00e5r nye venner og vi tilbyr ogs\u00e5 gratis mat! Dette er et lavterskel tilbud, s\u00e5 du trenger ingen erfaring for \u00e5 v\u00e6re med. Bare m\u00f8t opp!<\/p>\n<p>Nysjerrig p\u00e5 hva vi driver med? Sjekk v\u00e5r instagram, facebook og f\u00f8lg med p\u00e5 bloggen v\u00e5r \ud83d\ude42<\/p>\n<p>https:\/\/www.facebook.com\/search\/top?q=sammen<br \/>\nhttps:\/\/www.instagram.com\/sammenstavanger\/<br \/>\nhttps:\/\/sammenstavanger.wordpress.com\/<\/p>\n<p><img loading=\"lazy\" class=\"alignnone size-medium wp-image-1439\" src=\"http:\/\/akks.no\/stavanger\/files\/2023\/11\/sammen-tykkere-2-300x72.png\" alt=\"\" width=\"300\" height=\"72\" srcset=\"https:\/\/akks.no\/stavanger\/files\/2023\/11\/sammen-tykkere-2-300x72.png 300w, https:\/\/akks.no\/stavanger\/files\/2023\/11\/sammen-tykkere-2-1024x245.png 1024w, https:\/\/akks.no\/stavanger\/files\/2023\/11\/sammen-tykkere-2-768x184.png 768w, https:\/\/akks.no\/stavanger\/files\/2023\/11\/sammen-tykkere-2-1536x367.png 1536w, https:\/\/akks.no\/stavanger\/files\/2023\/11\/sammen-tykkere-2-2048x489.png 2048w, https:\/\/akks.no\/stavanger\/files\/2023\/11\/sammen-tykkere-2-600x143.png 600w\" sizes=\"(max-width: 300px) 100vw, 300px\" \/><\/p>\n","protected":false},"excerpt":{"rendered":"<p>\u00c5pen m\u00f8teplass for \u00e5 gi ungdom mellom 14 &#8211; 25 \u00e5r arbeidserfaring gjennom arrangering av musikkaktiviteter, hver tirsdag og torsdag p\u00e5 Metropolis, S\u00f8lvberget og Emmaus! Sjekk m\u00f8teplan for informasjon om oppm\u00f8tested.<\/p>\n","protected":false},"author":9,"featured_media":1529,"parent":0,"menu_order":14,"comment_status":"closed","ping_status":"closed","template":"","meta":[],"_links":{"self":[{"href":"https:\/\/akks.no\/stavanger\/wp-json\/wp\/v2\/pages\/869"}],"collection":[{"href":"https:\/\/akks.no\/stavanger\/wp-json\/wp\/v2\/pages"}],"about":[{"href":"https:\/\/akks.no\/stavanger\/wp-json\/wp\/v2\/types\/page"}],"author":[{"embeddable":true,"href":"https:\/\/akks.no\/stavanger\/wp-json\/wp\/v2\/users\/9"}],"replies":[{"embeddable":true,"href":"https:\/\/akks.no\/stavanger\/wp-json\/wp\/v2\/comments?post=869"}],"version-history":[{"count":4,"href":"https:\/\/akks.no\/stavanger\/wp-json\/wp\/v2\/pages\/869\/revisions"}],"predecessor-version":[{"id":1552,"href":"https:\/\/akks.no\/stavanger\/wp-json\/wp\/v2\/pages\/869\/revisions\/1552"}],"wp:featuredmedia":[{"embeddable":true,"href":"https:\/\/akks.no\/stavanger\/wp-json\/wp\/v2\/media\/1529"}],"wp:attachment":[{"href":"https:\/\/akks.no\/stavanger\/wp-json\/wp\/v2\/media?parent=869"}],"curies":[{"name":"wp","href":"https:\/\/api.w.org\/{rel}","templated":true}]}}