{"id":478,"date":"2019-05-23T12:03:16","date_gmt":"2019-05-23T10:03:16","guid":{"rendered":"http:\/\/akks-no.staging.wordpress.idium.no\/stavanger\/?page_id=478"},"modified":"2025-10-15T15:02:07","modified_gmt":"2025-10-15T13:02:07","slug":"om-akks-stavanger","status":"publish","type":"page","link":"https:\/\/akks.no\/stavanger\/om-oss\/om-akks-stavanger\/","title":{"rendered":"Om AKKS Stavanger"},"content":{"rendered":"<p>AKKS Stavanger jobber for mangfold og likestilling i musikklivet. Vi holder til p\u00e5 ungdomens kulturhus, Metropolis, midt i hjertet av Stavanger. Vi driver 4 \u00f8vings- og kurslokaler, to p\u00e5 Metropolis og to p\u00e5 nye Tou Lyd, som kan leies p\u00e5 drop-in og fast basis.<\/p>\n<p>AKKS Stavanger tilbyr instrumentkurs, bandkurs, musikkworkshops, og er arrang\u00f8r av konserter og medlemskvelder gjennom hele \u00e5ret. AKKS sine kurstilbud, \u00f8vingslokaler og workshops er \u00e5pne for alle, men vi jobber m\u00e5lrettet for \u00e5 rekruttere jenter, trans- og ikkebin\u00e6re personer mellom 14-26 \u00e5r grunnet den vedvarende kj\u00f8nnsubalansen i norsk musikk. \u00a0<a href=\"https:\/\/www.balansekunst.no\">Les deg opp<\/a> p\u00e5 fakta, tall og metoder hos v\u00e5r s\u00f8sterorganisasjon Balansekunst om du lurer p\u00e5 hvorfor man m\u00e5 jobbe m\u00e5lrettet mot bedre inkludering og mangfold for et mer mangfoldig samfunn.<\/p>\n<p>Vi har ungdomsarrang\u00f8rgruppen UFLAKKS Stavanger- som bidrar til \u00e5 gi ungdom en arena for oppl\u00e6ring i alt som skal til for konsertarrangering og et innblikk i, og kontakter i norsk musikkliv. Gruppen arrangerer rusfrie konserter med noen av Norges st\u00f8rste og up-and-coming artister med lokale band og artister som support. Vi jobber med b\u00e5de voksne, ungdom og barn av alle kj\u00f8nn, og er spesielt interesserte i \u00e5 f\u00e5 et st\u00f8rre mangfold inn i alle aspekter av musikkindustrien, b\u00e5de p\u00e5 og av scenen.<\/p>\n<p>AKKS Stavanger ble stiftet i 1996 og er en av seks landsdekkene avdelinger i Norge.<\/p>\n<p>Vi er idealistiske og er avhengige av god st\u00f8tte fra: Stavanger Kommune Ungdom og Fritid- og Folkehelsemidler, Rogaland Musikkr\u00e5d og Rogaland Fylkeskommune, Landsr\u00e5det for Noregs barne- og ungdomsorganisasjonar (LNU), Barne-, ungdoms- og familiedirektoratet (BUFDIR), Norsk Kulturr\u00e5d, Norsk Musikkr\u00e5d, og FriFond Organisasjon. I tillegg har vi god st\u00f8tte fra Sparebankstiftelsen SR-bank, og en hovedsponsor i DSD. Vi jobber for \u00e5 kunne tilby oppl\u00e6ring av h\u00f8y kvalitet med profesjonelle musikere og musikkopplevelser til en overkommelig pris for alle.<\/p>\n<p>AKKS Stavanger: for likestilling i musikklivet.<\/p>\n<h3><a href=\"http:\/\/akks.no\/stavanger\/files\/2025\/10\/Arsmelding-AKKS-Stavanger-2024.pdf\">\u00c5rsmelding AKKS Stavanger 2024<\/a><\/h3>\n","protected":false},"excerpt":{"rendered":"<p>AKKS Stavanger er regionens idealistiske musikkorganisasjon med fokus p\u00e5 rekruttering av kvinner, trans- og ikkebin\u00e6re til musikkfeltet gjennom \u00e5 tilby kurs, \u00f8vingslokaler, arrangere konserter og workshops, og tilby et bredt og spennende nettverk i \u00f8vrige musikknorge.<\/p>\n","protected":false},"author":10,"featured_media":518,"parent":39,"menu_order":39,"comment_status":"closed","ping_status":"closed","template":"","meta":[],"_links":{"self":[{"href":"https:\/\/akks.no\/stavanger\/wp-json\/wp\/v2\/pages\/478"}],"collection":[{"href":"https:\/\/akks.no\/stavanger\/wp-json\/wp\/v2\/pages"}],"about":[{"href":"https:\/\/akks.no\/stavanger\/wp-json\/wp\/v2\/types\/page"}],"author":[{"embeddable":true,"href":"https:\/\/akks.no\/stavanger\/wp-json\/wp\/v2\/users\/10"}],"replies":[{"embeddable":true,"href":"https:\/\/akks.no\/stavanger\/wp-json\/wp\/v2\/comments?post=478"}],"version-history":[{"count":8,"href":"https:\/\/akks.no\/stavanger\/wp-json\/wp\/v2\/pages\/478\/revisions"}],"predecessor-version":[{"id":1882,"href":"https:\/\/akks.no\/stavanger\/wp-json\/wp\/v2\/pages\/478\/revisions\/1882"}],"up":[{"embeddable":true,"href":"https:\/\/akks.no\/stavanger\/wp-json\/wp\/v2\/pages\/39"}],"wp:featuredmedia":[{"embeddable":true,"href":"https:\/\/akks.no\/stavanger\/wp-json\/wp\/v2\/media\/518"}],"wp:attachment":[{"href":"https:\/\/akks.no\/stavanger\/wp-json\/wp\/v2\/media?parent=478"}],"curies":[{"name":"wp","href":"https:\/\/api.w.org\/{rel}","templated":true}]}}