{"id":35,"date":"2017-10-06T14:55:55","date_gmt":"2017-10-06T12:55:55","guid":{"rendered":"http:\/\/akks-no.staging.wordpress.idium.no\/oslo\/?page_id=35"},"modified":"2025-10-15T13:33:09","modified_gmt":"2025-10-15T11:33:09","slug":"kurs","status":"publish","type":"page","link":"https:\/\/akks.no\/stavanger\/kurs\/","title":{"rendered":"Kurs"},"content":{"rendered":"<h3><strong>Kurstyper<\/strong><\/h3>\n<p>Vi tilbyr b\u00e5de \u00e9n-til-\u00e9n- kurs og gruppekurs. For \u00f8yeblikket har vi fast undervisning i vokal, diverse instrumenter, DJ-ing, band og musikkproduksjon, i tillegg til ulike workshops gjennom \u00e5ret. Se alle kursene vi tilbyr nederst p\u00e5 denne siden!<\/p>\n<p>Vi har 4 runder med kurs i \u00e5ret: februar-mars, april &#8211; mai, august-okt og okt-desember.<\/p>\n<p>Kursene g\u00e5r over 6 uker per runde, og passer for deg som er nybegynner eller viderekommen og fra 10-100 \u00e5r. Vi setter sammen grupper etter niv\u00e5 og alder n\u00e5r det er gruppekurs.<\/p>\n<p>Workshops varer 1-2 dager og passer for deg som vil sette deg inn i et musikktema som l\u00e5tskriving, preproduksjon til live-konserter, DJ-ing, musikkproduksjon mm. \u00d8nsker du at vi skal arrangere en musikkrelatert workshop? Send mail p\u00e5 <a href=\"mailto:kurs.stavanger@akks.no\">kurs.stavanger@akks.no<\/a> med ditt \u00f8nske!<\/p>\n<p>LOUD!-leirer arrangeres i h\u00f8st- og vinterferien, samt sommerleir. Passer for jenter, transungdom og ikke-bin\u00e6re mellom 9-100 \u00e5r.<\/p>\n<h3><strong>Arbeidet for bedre kj\u00f8nnsbalanse i musikklivet<\/strong><\/h3>\n<p>AKKS jobber for bedre kj\u00f8nnsbalanse i musikklivet. Vi oppfordrer deg som kanskje tenker at vokalkurs ikke er for gutter eller trommekurs ikke er for jenter, eller keyboard ikke er for ikke-bin\u00e6re til \u00e5 utfordre deg selv og ta sjansen. Vi lover at kursene v\u00e5re er supre utgangspunkt for at du skal motbevise s\u00e5 kjipe og smale kj\u00f8nnsnormer og kose deg, kj\u00f8nnsidentitet ingen hindring! AKKS sine kurs er \u00e5pne for alle kj\u00f8nn fra 10 \u00e5r og oppover.<\/p>\n<h3><strong>Et l\u00e6ringsmilj\u00f8 med fokus p\u00e5 spilleglede og mestring, uansett niv\u00e5 og kursaktivitet.<\/strong><\/h3>\n<p>P\u00e5 v\u00e5re kurs er det fokus p\u00e5 mestringsf\u00f8lelse og spilleglede, og undervisningen foreg\u00e5r i et trygt milj\u00f8 enten \u00e9n-til-\u00e9n, eller i grupper p\u00e5 tre til fem deltakere. Hos AKKS skal det v\u00e6re rom for \u00e5 pr\u00f8ve seg frem, feile, stille sp\u00f8rsm\u00e5l og vokse! Vi har alle forskjellige forutsetninger og m\u00e5ter \u00e5 l\u00e6re p\u00e5, og vi m\u00e5 jobbe sammen for \u00e5 skape et milj\u00f8 hvor dette er mulig. Du utvikler deg i ditt eget tempo, \u00a0s\u00e5 om det er noe du ikke f\u00f8ler deg komfortabel med, er det greit \u00e5 si ifra til instrukt\u00f8ren. Sammen er b\u00e5de du som deltaker og instrukt\u00f8ren med p\u00e5 \u00e5 sette rammen for l\u00e6ringsmilj\u00f8et og progresjonen i kurset. Men husk, for god progresjon er det viktig at du som deltaker m\u00f8ter opp til timene og \u00f8ver mellom kursdagene.<\/p>\n<h3><strong>Priser<\/strong><\/h3>\n<p>Under ser du standardprisene v\u00e5re p\u00e5 kurs. Pris p\u00e5 workshoper varierer.<\/p>\n<p><strong>2000<\/strong>,- AKKS-medlem (du m\u00e5 ha betalt medlemskontigentet ditt i innev\u00e6rende kalender\u00e5r)<br \/>\n<strong>1500<\/strong>,- AKKS-medlem student*<br \/>\n<strong>50-0<\/strong>,- \u00d8konomisk presset<br \/>\n<strong>4000<\/strong>,- Ikke-medlem<\/p>\n<p><strong>Ikke la \u00f8konomien stoppe deg! Du kan f\u00e5 v\u00e5re kurs helt gratis.\u00a0<\/strong><\/p>\n<p>Har du begrenset \u00f8konomi kan du s\u00f8ke om \u00e5 f\u00e5 gratisplass p\u00e5 v\u00e5re kurs! Da krysser du bare av i p\u00e5meldingsskjemaet n\u00e5r du melder deg p\u00e5. Denne ordningen er st\u00f8ttet av BUFDIR og tilgjengelig for deg som er 25 \u00e5r eller yngre. Som medlemsbasert ungdomsorganisasjon h\u00e5per vi at du kan bli medlem hos oss for 50,- i \u00e5ret for \u00e5 st\u00f8tte v\u00e5rt arbeid, og i tillegg til \u00e5 f\u00e5 gratisplass p\u00e5 kurs, men kan ogs\u00e5 se bort ifra dette ved behov.<\/p>\n<p>Ta kontakt med kursansvarlig p\u00e5 <a href=\"mailto:kurs@stavanger.akks.no\">kurs.<\/a><a href=\"mailto:kurs.stavanger@akks.no\">stavanger<\/a><a href=\"mailto:kurs@stavanger.akks.no\">@akks.no<\/a> for \u00e5 h\u00f8re om muligheten for \u00e5 sette opp kurs for din gruppe, om du savner et kurs, sp\u00f8rsm\u00e5l om gratisplasser, eller annet om kurstilbudet v\u00e5rt.<\/p>\n<p>*Studentpris gjelder for studenter ved universitet eller videreg\u00e5ende skoler. Studentbevis og gyldig medlemskap i AKKS for innev\u00e6rende \u00e5r m\u00e5 kunne fremvises.<\/p>\n<h3><strong>Som medlem f\u00e5r du alltid rabattert kurspris<\/strong><\/h3>\n<p><a href=\"http:\/\/www.akks.no\/stavanger\">AKKS<\/a> er en idealistisk, frivillig musikkorganisasjon, hvilket betyr at vi er avhengige av gode medlemstall for \u00e5 kunne tilby kvalitetstilbud innen kursing, workshops, konserter og leie ut \u00f8vingslokaler til overkommelige priser. Vi l\u00f8nner profesjonelle musikere og forbilder timesl\u00f8nn for \u00e5 holde kursene vi arrangerer, har husleieutgifter, utstyrsvedlikehold og m\u00e5 l\u00f8nne administrasjonen v\u00e5r for \u00e5 organisere og arrangere disse kursene. Dermed er v\u00e5re kurs priset s\u00e5 godt som vi har mulighet til, i tillegg til at vi f\u00e5r st\u00f8tte fra Stavanger Kommune og BUFDIR til \u00e5 arrangere gratistilbud til de som er \u00f8konomisk presset.<\/p>\n<p>Som <strong><a href=\"https:\/\/akks.no\/stavanger\/bli-medlem-stavanger\/\">medlem i AKKS Stavanger<\/a><\/strong> er du med p\u00e5 \u00e5 st\u00f8tte oss som organisasjon og sikre at vi kan ha snille priser p\u00e5 alt vi arrangerer, i tillegg til at du f\u00e5r en rekke <strong><a href=\"http:\/\/www.akks.no\/medlemsfordeler\">medlemsfordeler<\/a>,<\/strong> og du er med p\u00e5 \u00e5 jobbe mot et mer likestilt og mangfoldig musikkliv!<\/p>\n<p>&nbsp;<\/p>\n","protected":false},"excerpt":{"rendered":"<p>Dr\u00f8mmer du om \u00e5 l\u00e6re et instrument, l\u00e6re \u00e5 skrive l\u00e5ter, bli DJ eller kanskje starte eget band? Bli med p\u00e5 et av v\u00e5re kurs med inspirerende instrukt\u00f8rer som selv er profesjonelle musikere, DJs, produsenter, teknikere og l\u00e5tskrivere.<\/p>\n","protected":false},"author":1,"featured_media":1088,"parent":0,"menu_order":30,"comment_status":"closed","ping_status":"closed","template":"","meta":[],"_links":{"self":[{"href":"https:\/\/akks.no\/stavanger\/wp-json\/wp\/v2\/pages\/35"}],"collection":[{"href":"https:\/\/akks.no\/stavanger\/wp-json\/wp\/v2\/pages"}],"about":[{"href":"https:\/\/akks.no\/stavanger\/wp-json\/wp\/v2\/types\/page"}],"author":[{"embeddable":true,"href":"https:\/\/akks.no\/stavanger\/wp-json\/wp\/v2\/users\/1"}],"replies":[{"embeddable":true,"href":"https:\/\/akks.no\/stavanger\/wp-json\/wp\/v2\/comments?post=35"}],"version-history":[{"count":39,"href":"https:\/\/akks.no\/stavanger\/wp-json\/wp\/v2\/pages\/35\/revisions"}],"predecessor-version":[{"id":1874,"href":"https:\/\/akks.no\/stavanger\/wp-json\/wp\/v2\/pages\/35\/revisions\/1874"}],"wp:featuredmedia":[{"embeddable":true,"href":"https:\/\/akks.no\/stavanger\/wp-json\/wp\/v2\/media\/1088"}],"wp:attachment":[{"href":"https:\/\/akks.no\/stavanger\/wp-json\/wp\/v2\/media?parent=35"}],"curies":[{"name":"wp","href":"https:\/\/api.w.org\/{rel}","templated":true}]}}