{"id":1698,"date":"2024-09-11T14:47:05","date_gmt":"2024-09-11T12:47:05","guid":{"rendered":"https:\/\/akks.no\/stavanger\/?page_id=1698"},"modified":"2025-11-21T16:28:48","modified_gmt":"2025-11-21T15:28:48","slug":"ung-teknikk","status":"publish","type":"page","link":"https:\/\/akks.no\/stavanger\/uflakks-2\/ung-teknikk\/","title":{"rendered":"UNG Teknikk Lyd\/Lys kurs"},"content":{"rendered":"<p><strong>Vi har n\u00e5 \u00e5pnet for p\u00e5melding til lysteknikk trinn 2!<\/strong><\/p>\n<p>Trinn 2 er for deg som allerede kan litt om lys, men som trenger litt ekstra st\u00f8tte for \u00e5 ta ferdighetene dine til neste niv\u00e5.<\/p>\n<p><strong>Dato:<\/strong> 29.-30. november kl 9:00-16:00<br \/>\n<strong>Sted:<\/strong> Metropolis Ungdomshus, Arne Rettedals gate 12, 4005 Stavanger<br \/>\n<strong>Pris: GRATIS<\/strong><\/p>\n<p><strong>P\u00e5melding<\/strong> LYSTEKNIKK TRINN 2:<strong>\u00a0<a href=\"https:\/\/event.checkin.no\/204004\/ung-teknikk-lysteknikk-trinn-2-hoest-2025\" target=\"_blank\" rel=\"noopener\">TRYKK HER!<\/a><\/strong><\/p>\n<p><strong>Sp\u00f8rsm\u00e5l?<\/strong> Send mail til teknisk.stavanger@akks.no<\/p>\n<p>&nbsp;<\/p>\n<p>&nbsp;<\/p>\n<p>&nbsp;<\/p>\n<p><strong>Kursrunde i h\u00f8st er LYSTEKNIKK FOR NYBEGYNNERE, oppstart 16. oktober 2025!\u00a0<\/strong><\/p>\n<p><strong>Oppstart:<\/strong> Torsdag 16. Oktober<br \/>\n<strong>Kurslengde:<\/strong> 6 uker p\u00e5 f\u00f8lgende datoer:<br \/>\n16.10 kl 16-18<br \/>\n23.10 kl 16-18<br \/>\n03.11 kl 16-18<br \/>\n19.11 kl 16-18<br \/>\n24.11 kl 16-18<br \/>\n01.12 kl 16-18<\/p>\n<p><strong>Sted:<\/strong> Metropolis Ungdomshus, Arne Rettedals gate 12, 4005 Stavanger<br \/>\n<strong>Pris: GRATIS<\/strong><\/p>\n<p><strong>P\u00e5melding:<\/strong>\u00a0<a href=\"https:\/\/event.checkin.no\/108094\/ung-teknikk-lydsteknikk-1-hoest-2025\" target=\"_blank\" rel=\"noopener\">TRYKK HER!<\/a><\/p>\n<p><strong>Sp\u00f8rsm\u00e5l?<\/strong> Send mail til teknisk.stavanger@akks.no<\/p>\n<h3>Instrukt\u00f8r: Ellen Esch<\/h3>\n<p><img loading=\"lazy\" class=\"alignnone size-medium wp-image-1854\" src=\"http:\/\/akks.no\/stavanger\/files\/2025\/10\/8af2635e-080d-4611-bb8e-a7a5a0ebe825-300x252.png\" alt=\"\" width=\"300\" height=\"252\" srcset=\"https:\/\/akks.no\/stavanger\/files\/2025\/10\/8af2635e-080d-4611-bb8e-a7a5a0ebe825-300x252.png 300w, https:\/\/akks.no\/stavanger\/files\/2025\/10\/8af2635e-080d-4611-bb8e-a7a5a0ebe825-1024x859.png 1024w, https:\/\/akks.no\/stavanger\/files\/2025\/10\/8af2635e-080d-4611-bb8e-a7a5a0ebe825-768x644.png 768w, https:\/\/akks.no\/stavanger\/files\/2025\/10\/8af2635e-080d-4611-bb8e-a7a5a0ebe825-600x503.png 600w, https:\/\/akks.no\/stavanger\/files\/2025\/10\/8af2635e-080d-4611-bb8e-a7a5a0ebe825.png 1080w\" sizes=\"(max-width: 300px) 100vw, 300px\" \/><\/p>\n<p>P\u00e5 kurset skal du l\u00e6re om f\u00f8lgende:<br \/>\n\u2022 Grunnleggende om scenelys<br \/>\n\u2022 Frontlys<br \/>\n\u2022 Grunnleggende om lysbord<br \/>\n\u2022 Lysvinkler og plassering av lamper<br \/>\n\u2022 Innf\u00f8ring i typer lamper og styring<br \/>\n\u2022 Arbeidsflyt, kommunikasjon, planlegging og strukturering av jobben<br \/>\n\u2022 Hands-on erfaring og en praktisk tiln\u00e6rming til jobben som lystekniker<br \/>\n\u2022 Praktisk erfaring sammen med profesjonelle lysteknikere p\u00e5 SPOTLIGHT- \u00e5pen scene og<br \/>\nAKKS\/UFLAKKS- arrangementer, samt hos v\u00e5re samarbeidspartnere Metropolis, Tou &amp; Folken.<br \/>\n\u2022 Oppl\u00e6ring i rutiner rundt vedlikehold, reparasjon, og bevisstgj\u00f8ring rundt gr\u00f8nne kj\u00f8p<\/p>\n<p><strong>Mer om UNG TEKNIKK prosjektet:<\/strong><\/p>\n<p><img loading=\"lazy\" class=\"alignnone wp-image-1705\" src=\"http:\/\/akks.no\/stavanger\/files\/2024\/09\/1-1-300x169.png\" alt=\"\" width=\"547\" height=\"308\" srcset=\"https:\/\/akks.no\/stavanger\/files\/2024\/09\/1-1-300x169.png 300w, https:\/\/akks.no\/stavanger\/files\/2024\/09\/1-1-1024x576.png 1024w, https:\/\/akks.no\/stavanger\/files\/2024\/09\/1-1-768x432.png 768w, https:\/\/akks.no\/stavanger\/files\/2024\/09\/1-1-1536x864.png 1536w, https:\/\/akks.no\/stavanger\/files\/2024\/09\/1-1-600x338.png 600w, https:\/\/akks.no\/stavanger\/files\/2024\/09\/1-1.png 1920w\" sizes=\"(max-width: 547px) 100vw, 547px\" \/><\/p>\n<p>Det er stor kompetanseflukt etter korona, og generelt lite mangfold i den tekniske delen av bransjen.\u00a0Vi \u00f8nsker \u00e5 bidra til \u00e5 l\u00e6re opp og rekruttere nye unge teknikere, samt \u00e5 introdusere kvinner, ikke-bin\u00e6re og transpersoner til den tekniske delen av arrang\u00f8rbransjen!<\/p>\n<p>UNG TEKNIKK er en kursserie som g\u00e5r over flere uker, og i to trinn der deltaker vil l\u00e6re mer om lyd- og lysteknikk. Det vil legges til rette for mye praktisk erfaring p\u00e5 arrangementer i regi av oss, og v\u00e5re samarbeidspartnere, samt mentor og praktikantordninger med lokale spillesteder, teaterscener og festivaler.<\/p>\n<p>H\u00f8sten 2025 vil vi ogs\u00e5 \u00e5pne opp for trinn 2 i lys. Disse kursene er for deltakere som har fullf\u00f8rt nybegynnerkurset, eller allerede kan det grunnleggende.<\/p>\n<p>Kursene er st\u00f8ttet av SR-Bank, Bergesenstiftelsen &amp; Kulturrom, og gjennomf\u00f8res i samarbeid med Hove West, Folken, Metropolis og Tou.<\/p>\n<p><strong>H\u00f8st 2025 begynner med lysteknikk trinn 1 kurs for nybegynnere!<\/strong><\/p>\n<p>&nbsp;<\/p>\n","protected":false},"excerpt":{"rendered":"<p>UNG TEKNIKK er en gratis kursserie for ungdom mellom 14 og 25 \u00e5r som \u00f8nsker \u00e5 l\u00e6re mer om lyd- og lysteknikk. L\u00e6r alt du trenger for \u00e5 jobbe som tekniker p\u00e5 dine favorittkonserter!<\/p>\n","protected":false},"author":9,"featured_media":1756,"parent":958,"menu_order":2,"comment_status":"closed","ping_status":"closed","template":"","meta":[],"_links":{"self":[{"href":"https:\/\/akks.no\/stavanger\/wp-json\/wp\/v2\/pages\/1698"}],"collection":[{"href":"https:\/\/akks.no\/stavanger\/wp-json\/wp\/v2\/pages"}],"about":[{"href":"https:\/\/akks.no\/stavanger\/wp-json\/wp\/v2\/types\/page"}],"author":[{"embeddable":true,"href":"https:\/\/akks.no\/stavanger\/wp-json\/wp\/v2\/users\/9"}],"replies":[{"embeddable":true,"href":"https:\/\/akks.no\/stavanger\/wp-json\/wp\/v2\/comments?post=1698"}],"version-history":[{"count":23,"href":"https:\/\/akks.no\/stavanger\/wp-json\/wp\/v2\/pages\/1698\/revisions"}],"predecessor-version":[{"id":1896,"href":"https:\/\/akks.no\/stavanger\/wp-json\/wp\/v2\/pages\/1698\/revisions\/1896"}],"up":[{"embeddable":true,"href":"https:\/\/akks.no\/stavanger\/wp-json\/wp\/v2\/pages\/958"}],"wp:featuredmedia":[{"embeddable":true,"href":"https:\/\/akks.no\/stavanger\/wp-json\/wp\/v2\/media\/1756"}],"wp:attachment":[{"href":"https:\/\/akks.no\/stavanger\/wp-json\/wp\/v2\/media?parent=1698"}],"curies":[{"name":"wp","href":"https:\/\/api.w.org\/{rel}","templated":true}]}}