{"id":1553,"date":"2024-03-14T15:28:44","date_gmt":"2024-03-14T14:28:44","guid":{"rendered":"https:\/\/akks.no\/stavanger\/?page_id=1553"},"modified":"2025-10-15T13:22:32","modified_gmt":"2025-10-15T11:22:32","slug":"spotlight","status":"publish","type":"page","link":"https:\/\/akks.no\/stavanger\/spotlight\/","title":{"rendered":"SPOTLIGHT arrang\u00f8r &#038; \u00e5pen scene"},"content":{"rendered":"<p><strong>SPOTLIGHT- arrang\u00f8r<\/strong><\/p>\n<p>Fast hver torsdag fra kl. 16-19 p\u00e5 Metropolis. Helt gratis, med mat hver gang.<\/p>\n<p><img loading=\"lazy\" class=\"alignnone wp-image-1718\" src=\"http:\/\/akks.no\/stavanger\/files\/2024\/09\/1-300x300.jpg\" alt=\"\" width=\"443\" height=\"443\" srcset=\"https:\/\/akks.no\/stavanger\/files\/2024\/09\/1-300x300.jpg 300w, https:\/\/akks.no\/stavanger\/files\/2024\/09\/1-1024x1024.jpg 1024w, https:\/\/akks.no\/stavanger\/files\/2024\/09\/1-150x150.jpg 150w, https:\/\/akks.no\/stavanger\/files\/2024\/09\/1-768x768.jpg 768w, https:\/\/akks.no\/stavanger\/files\/2024\/09\/1-1536x1536.jpg 1536w, https:\/\/akks.no\/stavanger\/files\/2024\/09\/1-600x600.jpg 600w, https:\/\/akks.no\/stavanger\/files\/2024\/09\/1-100x100.jpg 100w, https:\/\/akks.no\/stavanger\/files\/2024\/09\/1.jpg 1620w\" sizes=\"(max-width: 443px) 100vw, 443px\" \/><\/p>\n<p>En M\u00f8teplass for deg som vil l\u00e6re mer om musikkindustrien. Vi inviterer erfarne musikkfolk for \u00e5 l\u00e6re mer om festivaler, konsertbooking, artistmanagement, bruk av sosiale medier, PR og masse masse mer. Det blir ogs\u00e5 Musikkbingo, laging av merch, buttons og andre kjekke musikkaktiviteter!\u00a0P\u00e5 SPOTLIGHT-arrang\u00f8r f\u00e5r du nye venner, mat og mulighet til \u00e5 bygge nettverk i musikkbransjen. Praktisk erfaring gjennom \u00e5pen scene og AKKS-konserter med mulighet for praktikantstilling hos byens festivaler og spillesteder<\/p>\n<p><strong>SPOTLIGHT- \u00e5pen scene<\/strong><\/p>\n<p>Fast tilbud den tredje torsdagen i m\u00e5neden fra kl. 18-21 p\u00e5 Metropolis Ungdomshus, i samarbeid med Follies Barne- og ungdomsteater.<\/p>\n<p><img loading=\"lazy\" class=\"alignnone wp-image-1720 \" src=\"http:\/\/akks.no\/stavanger\/files\/2024\/09\/Fra-Spotlight-a\u030apen-scene-scaled-e1726060306778-300x213.jpg\" alt=\"\" width=\"515\" height=\"366\" srcset=\"https:\/\/akks.no\/stavanger\/files\/2024\/09\/Fra-Spotlight-a\u030apen-scene-scaled-e1726060306778-300x213.jpg 300w, https:\/\/akks.no\/stavanger\/files\/2024\/09\/Fra-Spotlight-a\u030apen-scene-scaled-e1726060306778-1024x727.jpg 1024w, https:\/\/akks.no\/stavanger\/files\/2024\/09\/Fra-Spotlight-a\u030apen-scene-scaled-e1726060306778-768x545.jpg 768w, https:\/\/akks.no\/stavanger\/files\/2024\/09\/Fra-Spotlight-a\u030apen-scene-scaled-e1726060306778-1536x1090.jpg 1536w, https:\/\/akks.no\/stavanger\/files\/2024\/09\/Fra-Spotlight-a\u030apen-scene-scaled-e1726060306778-600x426.jpg 600w, https:\/\/akks.no\/stavanger\/files\/2024\/09\/Fra-Spotlight-a\u030apen-scene-scaled-e1726060306778.jpg 1920w\" sizes=\"(max-width: 515px) 100vw, 515px\" \/><\/p>\n<p>Vi inviterer unge, lokale og ferske musikere i regionen til \u00e5 opptre og vise frem musikk, dans, dikt eller teater for et publikum. Dette er et lavterskeltilbud med plass til alle, b\u00e5de ferske og mer erfarne. Ungdommene f\u00e5r \u00f8vd seg p\u00e5 en scene, p\u00e5 fremf\u00f8ring og sceneuttrykk, og l\u00e6rer mer om hva det vil si \u00e5 fremf\u00f8re \u00ablive\u00bb.<\/p>\n<p><strong>Hvorfor?<\/strong><\/p>\n<p>Norsk musikkbransje trenger st\u00f8rre mangfold b\u00e5de i kulissene og p\u00e5 scenen. Vi h\u00e5per at v\u00e5r m\u00f8teplass vil bidra til \u00e5 introdusere flere kvinner, trans og ikke-bin\u00e6re i musikkbransjen sammen med all ungdom, som ogs\u00e5 beh\u00f8ver \u00e5 introduseres for n\u00e6ringskjeden og karrieremulighetene innenfor kulturfeltet,\u00a0 opplever morsomme nye mestringsarenaer og f\u00e5r v\u00e6re en del av \u00e5 skape nye kulturtilbud. Ungdommene som deltar skal oppleve mestring og samhold, dyrke musikkinteresse, identitet og opparbeide seg erfaring fra musikkbransjen. Vi skal samarbeide med byens lokale spillesteder og festivaler, bookingbyr\u00e5er, management, lyd-og lydteknikere, markedsf\u00f8rere, musikkorganisasjoner og profesjonelle musikere.<\/p>\n<p>Spotlight Arrang\u00f8r og \u00c5pen Scene er st\u00f8ttet av Sparebankstiftelsen SR-Bank og BUFDIR.<\/p>\n","protected":false},"excerpt":{"rendered":"<p>\u00a0SPOTLIGHT er en m\u00f8teplass for deg som vil l\u00e6re mer om musikkindustrien! Fast hver torsdag p\u00e5 Metropolis kl. 16-19, Arne Rettedals gate 12! Med \u00e5pen scene hver m\u00e5ned!<\/p>\n","protected":false},"author":9,"featured_media":1720,"parent":0,"menu_order":2,"comment_status":"closed","ping_status":"closed","template":"","meta":[],"_links":{"self":[{"href":"https:\/\/akks.no\/stavanger\/wp-json\/wp\/v2\/pages\/1553"}],"collection":[{"href":"https:\/\/akks.no\/stavanger\/wp-json\/wp\/v2\/pages"}],"about":[{"href":"https:\/\/akks.no\/stavanger\/wp-json\/wp\/v2\/types\/page"}],"author":[{"embeddable":true,"href":"https:\/\/akks.no\/stavanger\/wp-json\/wp\/v2\/users\/9"}],"replies":[{"embeddable":true,"href":"https:\/\/akks.no\/stavanger\/wp-json\/wp\/v2\/comments?post=1553"}],"version-history":[{"count":11,"href":"https:\/\/akks.no\/stavanger\/wp-json\/wp\/v2\/pages\/1553\/revisions"}],"predecessor-version":[{"id":1869,"href":"https:\/\/akks.no\/stavanger\/wp-json\/wp\/v2\/pages\/1553\/revisions\/1869"}],"wp:featuredmedia":[{"embeddable":true,"href":"https:\/\/akks.no\/stavanger\/wp-json\/wp\/v2\/media\/1720"}],"wp:attachment":[{"href":"https:\/\/akks.no\/stavanger\/wp-json\/wp\/v2\/media?parent=1553"}],"curies":[{"name":"wp","href":"https:\/\/api.w.org\/{rel}","templated":true}]}}