{"id":120,"date":"2018-09-21T15:02:51","date_gmt":"2018-09-21T13:02:51","guid":{"rendered":"http:\/\/akks-no.staging.wordpress.idium.no\/stavanger\/?page_id=120"},"modified":"2026-03-31T12:38:54","modified_gmt":"2026-03-31T10:38:54","slug":"ovingslokale","status":"publish","type":"page","link":"https:\/\/akks.no\/stavanger\/ovingslokale\/","title":{"rendered":"\u00d8vingslokaler"},"content":{"rendered":"<p data-start=\"475\" data-end=\"494\"><strong><span style=\"color: #ff0000;\">DROP-IN BOOKING ER STENGT TIL TIRSDAG 07.04 PGA P\u00c5SKEFERIE!!\u00a0<\/span><\/strong><\/p>\n<p data-start=\"475\" data-end=\"494\">\n<p data-start=\"475\" data-end=\"494\"><strong data-start=\"475\" data-end=\"494\">Slik booker du:<\/strong><\/p>\n<ol data-start=\"496\" data-end=\"1143\">\n<li data-start=\"496\" data-end=\"685\">\n<p data-start=\"499\" data-end=\"685\"><strong data-start=\"499\" data-end=\"526\">Registrer deg p\u00e5 BookUp<\/strong><br data-start=\"526\" data-end=\"529\" \/>Du m\u00e5 registrere deg for \u00e5 booke. Dette kan du gj\u00f8re samtidig som du gj\u00f8r din f\u00f8rste booking.<\/p>\n<\/li>\n<li data-start=\"687\" data-end=\"870\">\n<p data-start=\"690\" data-end=\"870\"><strong data-start=\"690\" data-end=\"716\">F\u00f8rste gang du booker:<\/strong><br data-start=\"716\" data-end=\"719\" \/>Du m\u00e5 bekrefte hvem du er med BankID for sikkerhet (vi ser ikke f\u00f8dselsnummeret ditt). Dette gjelder ikke for gratis \u00f8ving p\u00e5 Metropolis for ungdom.<\/p>\n<\/li>\n<li data-start=\"872\" data-end=\"993\">\n<p data-start=\"875\" data-end=\"993\"><strong data-start=\"875\" data-end=\"900\">Velg rom og tidspunkt<\/strong><br data-start=\"900\" data-end=\"903\" \/>Finn \u00f8nsket rom og tid i kalenderen. Velg pris: ordin\u00e6r, medlem, ungdom eller fastpris.<\/p>\n<\/li>\n<li data-start=\"995\" data-end=\"1143\">\n<p data-start=\"998\" data-end=\"1143\"><strong data-start=\"998\" data-end=\"1013\">Fast \u00f8ving:<\/strong><br data-start=\"1013\" data-end=\"1016\" \/>Hvis du vil booke fast tid, huk av for alle \u00f8nskede \u00f8vinger i kalenderen (vi anbefaler \u00e5 booke for ett \u00e5r) og velg fastpris.<\/p>\n<\/li>\n<\/ol>\n<hr data-start=\"1145\" data-end=\"1148\" \/>\n<p data-start=\"1150\" data-end=\"1173\"><strong data-start=\"1150\" data-end=\"1173\">Viktig informasjon:<\/strong><\/p>\n<ul data-start=\"1175\" data-end=\"1500\">\n<li data-start=\"1175\" data-end=\"1247\">\n<p data-start=\"1177\" data-end=\"1247\">Bookinger bekreftes kun p\u00e5 kontortid: mandag-fredag kl. 10.00\u201315.00.<\/p>\n<\/li>\n<li data-start=\"1175\" data-end=\"1247\">Det koster mindre for drop-inn \u00f8ving for AKKS Medlemmer. Kun medlemmer i AKKS kan f\u00e5 fast \u00f8ving.\u00a0<a href=\"http:\/\/www.akks.no\/bli-medlem\">Les mer om AKKS Medlemskap<\/a><\/li>\n<li data-start=\"1248\" data-end=\"1337\">\n<p data-start=\"1250\" data-end=\"1337\">For \u00f8ving l\u00f8rdag, s\u00f8ndag eller mandag m\u00e5 du sende inn booking innen fredag kl. 15.00.<\/p>\n<\/li>\n<li data-start=\"1338\" data-end=\"1454\">\n<p data-start=\"1340\" data-end=\"1454\">N\u00e5r booking er godkjent, f\u00e5r du bekreftelse med adgangskode og betalingslink p\u00e5 e-post. Betaling skjer i BookUp.<\/p>\n<\/li>\n<li data-start=\"1455\" data-end=\"1500\">\n<p data-start=\"1457\" data-end=\"1500\">Ved booking godtar du v\u00e5re leiebetingelser.<\/p>\n<\/li>\n<\/ul>\n<hr data-start=\"1502\" data-end=\"1505\" \/>\n<p data-start=\"1507\" data-end=\"1528\"><strong data-start=\"1507\" data-end=\"1528\">Trenger du hjelp?<\/strong><\/p>\n<p data-start=\"1530\" data-end=\"1603\">Send e-post til: <a href=\"mailto:oving.stavanger@akks.no\">oving.stavanger@akks.no<\/a><br data-start=\"1577\" data-end=\"1580\" \/>Ring oss p\u00e5: 986 46 442<\/p>\n<p><strong>For bookinghenvendelser:<\/strong><\/p>\n<div class=\"iframe-app\"><\/div>\n<div class=\"iframe-app\"><iframe id=\"portalframe1\" src=\"\/\/prokomresources.prokomcdn.no\/plugins\/bookup\/inter-v2\/prod\/app\/app.html?url=https:\/\/www.bookup.no&amp;id=&amp;details=true&amp;filters=true&amp;conf=&amp;pids=1103&amp;cids=28838&amp;cat=57,94&amp;m=1\" width=\"100%\" frameborder=\"0\" scrolling=\"no\"><\/iframe><br \/>\n<script type=\"text\/javascript\" src=\"\/\/prokomresources.prokomcdn.no\/plugins\/bookup\/inter-v2\/prod\/iframe-scripts.min.js\"><\/script><br \/>\n<a href=\"https:\/\/www.bookup.no\/\"><img loading=\"lazy\" src=\"https:\/\/www.bookup.no\/Content\/images\/logos\/local.png\" alt=\"Logo - BookUp\" width=\"38px\" height=\"12px\" \/><\/a><\/div>\n","protected":false},"excerpt":{"rendered":"<p>AKKS Stavanger \u2013 \u00d8vingslokaler til leie AKKS Stavanger har tre \u00f8vingsrom til utleie, b\u00e5de som drop-in og faste tider: To rom p\u00e5 18 kvm hver, i andre etasje hos Tou Lyd, Kvits\u00f8ygata 25, og ett rom p\u00e5 Metropolis, Arne Rettedals gate 12 (gratis og KUN for ungdom og kursdeltakere som er AKKS-medlem). Alle rom har trommesett med cymbaler, to gitarforsterkere, bassforsterker, keyboard og PA-system med mikrofoner.<\/p>\n","protected":false},"author":1,"featured_media":1432,"parent":0,"menu_order":26,"comment_status":"closed","ping_status":"closed","template":"","meta":[],"_links":{"self":[{"href":"https:\/\/akks.no\/stavanger\/wp-json\/wp\/v2\/pages\/120"}],"collection":[{"href":"https:\/\/akks.no\/stavanger\/wp-json\/wp\/v2\/pages"}],"about":[{"href":"https:\/\/akks.no\/stavanger\/wp-json\/wp\/v2\/types\/page"}],"author":[{"embeddable":true,"href":"https:\/\/akks.no\/stavanger\/wp-json\/wp\/v2\/users\/1"}],"replies":[{"embeddable":true,"href":"https:\/\/akks.no\/stavanger\/wp-json\/wp\/v2\/comments?post=120"}],"version-history":[{"count":82,"href":"https:\/\/akks.no\/stavanger\/wp-json\/wp\/v2\/pages\/120\/revisions"}],"predecessor-version":[{"id":1946,"href":"https:\/\/akks.no\/stavanger\/wp-json\/wp\/v2\/pages\/120\/revisions\/1946"}],"wp:featuredmedia":[{"embeddable":true,"href":"https:\/\/akks.no\/stavanger\/wp-json\/wp\/v2\/media\/1432"}],"wp:attachment":[{"href":"https:\/\/akks.no\/stavanger\/wp-json\/wp\/v2\/media?parent=120"}],"curies":[{"name":"wp","href":"https:\/\/api.w.org\/{rel}","templated":true}]}}