{"id":1139,"date":"2021-05-31T17:59:00","date_gmt":"2021-05-31T15:59:00","guid":{"rendered":"http:\/\/akks.no\/stavanger\/?page_id=1139"},"modified":"2025-10-15T13:38:36","modified_gmt":"2025-10-15T11:38:36","slug":"konserter","status":"publish","type":"page","link":"https:\/\/akks.no\/stavanger\/konserter\/","title":{"rendered":"Konserter"},"content":{"rendered":"<p><strong>UFLAKKS Stavanger: rusfrie konserter arrangert av ungdom, for ungdom!\u00a0<\/strong><\/p>\n<p>Under 18 \u00e5r og ingen verge til \u00e5 ta deg med p\u00e5 konsert? Ikke noe problem, AKKS Stavanger leder og organiserer ungdomsarrang\u00f8rgruppen UFLAKKS, som arrangerer rusfrie konserter med U-18 og motsatt vergeordning eller fri aldersgrense! Vi samarbeider med byens beste spillesteder og booker noen av Norges st\u00f8rste artister, i tillegg til \u00e5 alltid s\u00f8ke lokal oppvarming n\u00e5r dette er mulig, og \u00f8nsker \u00e5 f\u00f8lge med p\u00e5 aktuelle band og artister i Rogaland.<\/p>\n<p>UFLAKKS er en gjeng med ca 15 frivillige ungdom mellom 14 og 20 \u00e5r som l\u00e6rer alt som skal til for \u00e5 booke, markedsf\u00f8re og arrangere konserter av h\u00f8yt kaliber. Vil du vite mer eller bli en del av gjengen? F\u00f8lg UFLAKKS sin <a href=\"https:\/\/www.facebook.com\/UFLAKKSStavanger\">facebook<\/a> og <a href=\"http:\/\/www.instagram.com\/uflakksstavanger\">instagram<\/a>, eller ta kontakt p\u00e5 <a href=\"mailto:stavanger@uflakks.no\">stavanger@uflakks.no<\/a> om du lurer p\u00e5 noe som helst!<\/p>\n<p>UFLAKKS Stavanger er st\u00f8ttet av Kulturr\u00e5det, Frifond og Stavanger Kommune<\/p>\n<figure id=\"attachment_717\" class=\"thumbnail wp-caption alignnone\" style=\"max-width: 6000px;\">\n    <img loading=\"lazy\" class=\"size-full wp-image-717\" src=\"http:\/\/akks.no\/stavanger\/files\/2019\/10\/From-Scratch2_AkksKonserten_H2016_AKKSOslo_FotoVanessaStorm.jpg\" alt=\"\" width=\"6000\" height=\"4000\" \/>    <figcaption class=\"caption wp-caption-text\">photo: Vanessa Storm<\/figcaption>\n<\/figure>\n<p><strong>Festivaler<\/strong><\/p>\n<p>I l\u00f8pet av \u00e5ret gjennomf\u00f8rer vi ogs\u00e5 andre arrangementer, som konserter med Kurs og \u00d8vingslokaleband, og markering av kvinnedagen i mars p\u00e5 v\u00e5r \u00e5rlige festival Isje Din Bitsj- en fri alders festival arrangert av UFLAKKS Stavanger.<\/p>\n<p>I tillegg arrangerer vi Musikkbingo med lokale band og flotte premier (gavekort, konsertbilletter, kinobilletter mm) p\u00e5 Folken, og \u00c5pen Scene for Ungdom 14-25 p\u00e5 Metropolis en gang i m\u00e5neden.<\/p>\n<p><strong>SPOTLIGHT- \u00e5pen scene<\/strong><\/p>\n<p>Fast tilbud den tredje torsdagen i m\u00e5neden fra kl. 18-21 p\u00e5 Metropolis Ungdomshus, i samarbeid med Follies Barne- og ungdomsteater.<\/p>\n<p><img loading=\"lazy\" class=\"alignnone wp-image-1720 \" src=\"http:\/\/akks.no\/stavanger\/files\/2024\/09\/Fra-Spotlight-a\u030apen-scene-scaled-e1726060306778-300x213.jpg\" alt=\"\" width=\"515\" height=\"366\" srcset=\"https:\/\/akks.no\/stavanger\/files\/2024\/09\/Fra-Spotlight-a\u030apen-scene-scaled-e1726060306778-300x213.jpg 300w, https:\/\/akks.no\/stavanger\/files\/2024\/09\/Fra-Spotlight-a\u030apen-scene-scaled-e1726060306778-1024x727.jpg 1024w, https:\/\/akks.no\/stavanger\/files\/2024\/09\/Fra-Spotlight-a\u030apen-scene-scaled-e1726060306778-768x545.jpg 768w, https:\/\/akks.no\/stavanger\/files\/2024\/09\/Fra-Spotlight-a\u030apen-scene-scaled-e1726060306778-1536x1090.jpg 1536w, https:\/\/akks.no\/stavanger\/files\/2024\/09\/Fra-Spotlight-a\u030apen-scene-scaled-e1726060306778-600x426.jpg 600w, https:\/\/akks.no\/stavanger\/files\/2024\/09\/Fra-Spotlight-a\u030apen-scene-scaled-e1726060306778.jpg 1920w\" sizes=\"(max-width: 515px) 100vw, 515px\" \/><\/p>\n<p>Vi inviterer unge, lokale og ferske musikere i regionen til \u00e5 opptre og vise frem musikk, dans, dikt eller teater for et publikum. Dette er et lavterskeltilbud med plass til alle, b\u00e5de ferske og mer erfarne. Ungdommene f\u00e5r \u00f8vd seg p\u00e5 en scene, p\u00e5 fremf\u00f8ring og sceneuttrykk, og l\u00e6rer mer om hva det vil si \u00e5 fremf\u00f8re \u00ablive\u00bb.<\/p>\n<p>Spotlight Arrang\u00f8r og \u00c5pen Scene er st\u00f8ttet av Sparebankstiftelsen SR-Bank og BUFDIR.<\/p>\n<p>F\u00f8lg med p\u00e5 v\u00e5r <a href=\"https:\/\/www.instagram.com\/akksstavanger\/\">Instagram<\/a> og <a href=\"https:\/\/www.facebook.com\/stavangerakks\/\">Facebook-side<\/a> for \u00e5 holde deg oppdatert.<\/p>\n<p><em>Vi vil at arrangementene v\u00e5re skal v\u00e6re tilgjengelige for alle. Ledsager g\u00e5r derfor gratis p\u00e5 alle v\u00e5re arrangement ved fremvisning av gyldig ledsagerbevis utstedt av kommunen. Vi arrangerer ogs\u00e5 for det meste p\u00e5 rullestol-tilgjengelige spillesteder, men ta kontakt med oss for \u00e5 se om vi kan gj\u00f8re noe for \u00e5 tilrettelegge etter dine behov.\u00a0<\/em><\/p>\n","protected":false},"excerpt":{"rendered":"<p>UFLAKKS Stavanger: rusfrie konserter arrangert av ungdom, for ungdom!\u00a0 Under 18 \u00e5r og ingen verge til \u00e5 ta deg med p\u00e5 konsert? Ikke noe problem, AKKS Stavanger leder og organiserer ungdomsarrang\u00f8rgruppen UFLAKKS, som arrangerer rusfrie konserter med U-18 og motsatt vergeordning eller fri aldersgrense! Vi samarbeider med byens beste spillesteder og booker noen av Norges [&hellip;]<\/p>\n","protected":false},"author":8,"featured_media":961,"parent":0,"menu_order":8,"comment_status":"closed","ping_status":"closed","template":"","meta":[],"_links":{"self":[{"href":"https:\/\/akks.no\/stavanger\/wp-json\/wp\/v2\/pages\/1139"}],"collection":[{"href":"https:\/\/akks.no\/stavanger\/wp-json\/wp\/v2\/pages"}],"about":[{"href":"https:\/\/akks.no\/stavanger\/wp-json\/wp\/v2\/types\/page"}],"author":[{"embeddable":true,"href":"https:\/\/akks.no\/stavanger\/wp-json\/wp\/v2\/users\/8"}],"replies":[{"embeddable":true,"href":"https:\/\/akks.no\/stavanger\/wp-json\/wp\/v2\/comments?post=1139"}],"version-history":[{"count":9,"href":"https:\/\/akks.no\/stavanger\/wp-json\/wp\/v2\/pages\/1139\/revisions"}],"predecessor-version":[{"id":1875,"href":"https:\/\/akks.no\/stavanger\/wp-json\/wp\/v2\/pages\/1139\/revisions\/1875"}],"wp:featuredmedia":[{"embeddable":true,"href":"https:\/\/akks.no\/stavanger\/wp-json\/wp\/v2\/media\/961"}],"wp:attachment":[{"href":"https:\/\/akks.no\/stavanger\/wp-json\/wp\/v2\/media?parent=1139"}],"curies":[{"name":"wp","href":"https:\/\/api.w.org\/{rel}","templated":true}]}}