{"id":109,"date":"2018-09-06T10:32:39","date_gmt":"2018-09-06T08:32:39","guid":{"rendered":"http:\/\/akks-no.staging.wordpress.idium.no\/stavanger\/?page_id=109"},"modified":"2021-08-25T16:58:18","modified_gmt":"2021-08-25T14:58:18","slug":"bli-medlem-stavanger","status":"publish","type":"page","link":"https:\/\/akks.no\/stavanger\/bli-medlem-stavanger\/","title":{"rendered":"Bli medlem"},"content":{"rendered":"<div class=\"intro\">\n<p>&nbsp;<\/p>\n<\/div>\n<p><a href=\"https:\/\/akks.no\/bandmedlem\/\"><img loading=\"lazy\" class=\"alignleft wp-image-1546\" style=\"float: left; margin-right: 5px;\" src=\"http:\/\/akks.no\/oslo\/files\/2020\/09\/Bandmedlemskap-1.png\" alt=\"\" width=\"480\" height=\"400\" \/><\/a><a href=\"#enkeltmedlemskap\"><img loading=\"lazy\" class=\"alignright wp-image-1545\" style=\"float: left; margin-right: 170px;\" src=\"http:\/\/akks.no\/oslo\/files\/2020\/09\/enkeltmedlemskap-3.png\" alt=\"\" width=\"480\" height=\"400\" \/><\/a><\/p>\n<p style=\"text-align: left;\"><strong>Bli med i\u00a0#AKKSfamilien!<\/strong><\/p>\n<p>Ta steget inn i musikklivet med AKKS! Som medlem f\u00e5r du tilgang til en rekke medlemsfordeler, inkludert rimelige kurs, leie av \u00f8vingslokaler og konserter i regi av AKKS, samt gode\u00a0rabatter hos utvalgte musikkbutikker og en rekke samarbeidspartnere.\u00a0I tillegg gj\u00f8r du musikklivet til et bedre sted gjennom \u00e5 bidra direkte\u00a0til v\u00e5rt arbeid for likestilling, kj\u00f8nnsbalanse og mangfold i musikklivet. Et medlemskap i AKKS gjelder for et \u00e5r av gangen og fornyes hvert kalender\u00e5r.<\/p>\n<p><strong>To typer medlemskap<\/strong><br \/>\nVi tilbyr to typer medlemskap \u2013 enkeltmedlemskap eller bandmedlemskap.<br \/>\nBandmedlemskap gir de samme medlemsfordelene i AKKS som et ordin\u00e6rt medlemskap, men bandet kan ogs\u00e5 s\u00f8ke Frifond og VO-midler.<br \/>\nLes mer om <a href=\"http:\/\/akks.no\/oslo\/bandmedlemskap\/\">bandmedlemskap<\/a> og <a href=\"https:\/\/akks.no\/medlemsfordeler\/\" target=\"_blank\" rel=\"noopener noreferrer\">medlemsfordeler<\/a>.<\/p>\n<p><strong>BLI MEDLEM IDAG!<\/strong><\/p>\n<p>&nbsp;<\/p>\n<h2><\/h2>\n<h2><\/h2>\n<hr \/>\n<h2><strong>Innmelding via SMS<\/strong><\/h2>\n<p>Send sms med kodeord:\u00a0<strong>AKKS fornavn etternavn f\u00f8dselsdato adresse epost<\/strong> til\u00a0<strong>2030<\/strong><\/p>\n<p>Du vil motta bekreftelse i form av en returmelding n\u00e5r innmeldingen er registrering og betalingen har g\u00e5tt igjennom.<br \/>\nTa kontakt med oss det skulle v\u00e6re problemer eller sp\u00f8rsm\u00e5l,\u00a0<a href=\"mailto:adminstavanger@akks.no\" data-event-category=\"Henvendelser (mailto)\" data-event-action=\"Klikk p\u00e5 mailtolenker\" data-event-label=\"https:\/\/akks.no\/bergen\/bli-medlem-bergen\">adminstavanger@akks.no<\/a> eller tlf: 992 94 043.<\/p>\n<p>Du f\u00e5r\u00a0<strong>medlemsbeviset<\/strong> ditt p\u00e5 SMS ved \u00e5 sende AKKS MEDLEM til 2030.<br \/>\nDa kommer en SMS i retur med bevis p\u00e5 betalt medlemskap.<br \/>\n\u00d8nsker du et fysisk medlemskort kan du ta kontakt med oss p\u00e5 AKKS- kontoret s\u00e5 kan vi sende medlemskort per post.<\/p>\n<h5><strong>Var du medlem i fjor, men har glemt \u00e5 fornye medlemskapet?<\/strong><\/h5>\n<p>Send SMS med kodeord\u00a0<strong>AKKS BETAL 50<\/strong>\u00a0til\u00a0<strong>2030<\/strong>.<br \/>\nDa vil det bli trukket 50 kr fra ditt telefonabonnement. Husk at SMS-en m\u00e5 sendes fra det mobilnummeret som medlemskapet er registrert p\u00e5. Dersom du ikke f\u00e5r returmelding, har ikke betalingen g\u00e5tt igjennom. Dette kan v\u00e6re p\u00e5 grunn av en eventuell sperre p\u00e5 mobilabonnementet eller at mobilnummeret ikke ligger inne i v\u00e5re systemer.<\/p>\n<p>Har du flyttet eller registrert feil adresse hos oss kan du enkelt gi oss din riktige adresse ved \u00e5 sende sms AKKS ADRESSE gateadresse, postnr, poststed til 2030<strong>.<\/strong><\/p>\n<hr \/>\n<h2><strong><img loading=\"lazy\" class=\"alignnone size-full wp-image-1408\" src=\"http:\/\/akks.no\/bergen\/files\/2020\/01\/Kristoffer_%C3%98en-Julie-and-The-Peckers-DEF_5116-print-scaled.jpg\" sizes=\"(max-width: 2560px) 100vw, 2560px\" srcset=\"https:\/\/akks.no\/bergen\/files\/2020\/01\/Kristoffer_\u00d8en-Julie-and-The-Peckers-DEF_5116-print-scaled.jpg 2560w, https:\/\/akks.no\/bergen\/files\/2020\/01\/Kristoffer_\u00d8en-Julie-and-The-Peckers-DEF_5116-print-300x200.jpg 300w, https:\/\/akks.no\/bergen\/files\/2020\/01\/Kristoffer_\u00d8en-Julie-and-The-Peckers-DEF_5116-print-1024x684.jpg 1024w, https:\/\/akks.no\/bergen\/files\/2020\/01\/Kristoffer_\u00d8en-Julie-and-The-Peckers-DEF_5116-print-768x513.jpg 768w, https:\/\/akks.no\/bergen\/files\/2020\/01\/Kristoffer_\u00d8en-Julie-and-The-Peckers-DEF_5116-print-1536x1025.jpg 1536w, https:\/\/akks.no\/bergen\/files\/2020\/01\/Kristoffer_\u00d8en-Julie-and-The-Peckers-DEF_5116-print-2048x1367.jpg 2048w, https:\/\/akks.no\/bergen\/files\/2020\/01\/Kristoffer_\u00d8en-Julie-and-The-Peckers-DEF_5116-print-720x480.jpg 720w, https:\/\/akks.no\/bergen\/files\/2020\/01\/Kristoffer_\u00d8en-Julie-and-The-Peckers-DEF_5116-print-600x401.jpg 600w\" alt=\"\" width=\"2560\" height=\"1709\" \/><\/strong><\/h2>\n<hr \/>\n<h2><strong>Innmelding via skjema- f\u00e5 tilsendt faktura<br \/>\n<\/strong><\/h2>\n<p>Du kan ogs\u00e5 benytte deg av innmeldingsskjemaet nederst p\u00e5 denne siden. Fyll ut skjemaet under og du vil umiddelbart f\u00e5 faktura p\u00e5 epost (husk \u00e5 sjekke spamfilteret!).<\/p>\n<hr \/>\n<h2><strong>Din medlemsbrukerprofil<\/strong><\/h2>\n<p>Du kan ogs\u00e5 gj\u00f8re endringer p\u00e5 medlemskapet ditt, som f.eks. endre adresse, telefonnummer eller epost ved \u00e5 g\u00e5 inn p\u00e5 din brukerprofilen p\u00e5\u00a0<a href=\"https:\/\/akks.hypersys.no\/\">https:\/\/akks.hypersys.no.<\/a>\u00a0Er det f\u00f8rste gang du logger deg p\u00e5 v\u00e5rt medlemssystem, skriver du inn epostadressen du har registrert hos oss og trykk \u00abglemt passord\u00bb. Du vil n\u00e5 f\u00e5 en e-post med link der du kan velge nytt passord og du kan logge deg inn i medlemssystemet v\u00e5rt og oppdatere medlemskapet. Her kan du ogs\u00e5 betale gjeldende \u00e5rets kontingent.<\/p>\n<p><iframe loading=\"lazy\" src=\"https:\/\/akks.hypersys.no\/forms\/innmeldingsskjema\/iframe\/\" width=\"900\" height=\"1000\" frameborder=\"0\" marginwidth=\"0\" marginheight=\"0\" data-mce-fragment=\"1\">Laster&#8230;<\/iframe><\/p>\n","protected":false},"excerpt":{"rendered":"<p>Du trenger ikke g\u00e5 p\u00e5 kurs eller leie \u00f8vingslokale for \u00e5 bli medlem hos oss. Som medlem i AKKS bidrar du direkte til organisasjonens arbeid for et likestilt og mangfoldig musikkliv. I tillegg f\u00e5r du tilgang til en rekke medlemsfordeler, inkludert medlemspris p\u00e5 b\u00e5de kurs, leie av \u00f8vingslokaler og konserter i regi av AKKS, samt gode rabatter hos utvalgte musikkbutikker og en rekke samarbeidspartnere.<\/p>\n","protected":false},"author":1,"featured_media":0,"parent":0,"menu_order":27,"comment_status":"closed","ping_status":"closed","template":"","meta":[],"_links":{"self":[{"href":"https:\/\/akks.no\/stavanger\/wp-json\/wp\/v2\/pages\/109"}],"collection":[{"href":"https:\/\/akks.no\/stavanger\/wp-json\/wp\/v2\/pages"}],"about":[{"href":"https:\/\/akks.no\/stavanger\/wp-json\/wp\/v2\/types\/page"}],"author":[{"embeddable":true,"href":"https:\/\/akks.no\/stavanger\/wp-json\/wp\/v2\/users\/1"}],"replies":[{"embeddable":true,"href":"https:\/\/akks.no\/stavanger\/wp-json\/wp\/v2\/comments?post=109"}],"version-history":[{"count":16,"href":"https:\/\/akks.no\/stavanger\/wp-json\/wp\/v2\/pages\/109\/revisions"}],"predecessor-version":[{"id":1193,"href":"https:\/\/akks.no\/stavanger\/wp-json\/wp\/v2\/pages\/109\/revisions\/1193"}],"wp:attachment":[{"href":"https:\/\/akks.no\/stavanger\/wp-json\/wp\/v2\/media?parent=109"}],"curies":[{"name":"wp","href":"https:\/\/api.w.org\/{rel}","templated":true}]}}