{"id":967,"date":"2019-05-29T11:11:55","date_gmt":"2019-05-29T09:11:55","guid":{"rendered":"http:\/\/akks-no.staging.wordpress.idium.no\/oslo\/?page_id=967"},"modified":"2021-01-14T19:33:18","modified_gmt":"2021-01-14T18:33:18","slug":"besok-oss","status":"publish","type":"page","link":"https:\/\/akks.no\/oslo\/om-oss\/besok-oss\/","title":{"rendered":"Bes\u00f8k oss"},"content":{"rendered":"<h3><img loading=\"lazy\" class=\"alignnone wp-image-1817 size-full\" src=\"http:\/\/akks.no\/oslo\/files\/2021\/01\/HVA-BETYR-AKKS-FOR-DEG_-3.png\" alt=\"\" width=\"1800\" height=\"700\" srcset=\"https:\/\/akks.no\/oslo\/files\/2021\/01\/HVA-BETYR-AKKS-FOR-DEG_-3.png 1800w, https:\/\/akks.no\/oslo\/files\/2021\/01\/HVA-BETYR-AKKS-FOR-DEG_-3-300x117.png 300w, https:\/\/akks.no\/oslo\/files\/2021\/01\/HVA-BETYR-AKKS-FOR-DEG_-3-1024x398.png 1024w, https:\/\/akks.no\/oslo\/files\/2021\/01\/HVA-BETYR-AKKS-FOR-DEG_-3-768x299.png 768w, https:\/\/akks.no\/oslo\/files\/2021\/01\/HVA-BETYR-AKKS-FOR-DEG_-3-1536x597.png 1536w, https:\/\/akks.no\/oslo\/files\/2021\/01\/HVA-BETYR-AKKS-FOR-DEG_-3-600x233.png 600w\" sizes=\"(max-width: 1800px) 100vw, 1800px\" \/> Velkommen til AKKS Oslo, i fargerike Brenneriveien p\u00e5 Gr\u00fcnerl\u00f8kka! Her i Brenneriveien 9 leier vi ut \u00f8vingslokaler og preproduksjonslokale, arrangerer kurs, og mye mer!<\/h3>\n<hr \/>\n<p><strong>Finn veien til AKKS Oslo:\u00a0<\/strong><\/p>\n<p><strong>Kollektivt:<\/strong><br \/>\n1. ta trikken til Schous Plass og f\u00f8lg Nordre gate over Gr\u00fcnerbrua, ta s\u00e5 til venstre inn Brenneriveien. AKKS ligger p\u00e5 venstre side og er f\u00f8rste bygning med skr\u00e5tak.<br \/>\n2. ta buss 34 eller 54 til M\u00f8llerveien. G\u00e5 til rundkj\u00f8ringen og ned M\u00f8llerveien. Ta til h\u00f8yre inn Brenneriveien f\u00f8r Gr\u00fcnerbrua.<\/p>\n<p><strong>Bysykkelstativer i n\u00e6rheten:<\/strong><br \/>\nFredensborgveien ved rundkj\u00f8ringen ved Maridalsveien<br \/>\nNordre gate ved Gr\u00fcnerbrua<\/p>\n<p><strong>Bil:<\/strong><br \/>\nDet er &laquo;gul&raquo; parkering i Brenneriveien. N\u00e6rmeste parkeringshus er Vulkan Parkering og Vulkan P-hus.<\/p>\n<p><strong>Kart:<\/strong><\/p>\n<p><iframe loading=\"lazy\" style=\"border: 0;\" src=\"https:\/\/www.google.com\/maps\/embed?pb=!1m18!1m12!1m3!1d1972.1784186288985!2d10.750847333838735!3d59.92034831670446!2m3!1f0!2f0!3f0!3m2!1i1024!2i768!4f13.1!3m3!1m2!1s0x46416fa0eaae515d%3A0xdddbb3b2f6995b18!2sAKKS+Oslo!5e0!3m2!1sno!2sno!4v1559120912651!5m2!1sno!2sno\" width=\"600\" height=\"450\" frameborder=\"0\" allowfullscreen=\"allowfullscreen\"><\/iframe><\/p>\n","protected":false},"excerpt":{"rendered":"<p>Velkommen til AKKS Oslo, i fargerike Brenneriveien p\u00e5 Gr\u00fcnerl\u00f8kka! Her i Brenneriveien 9 leier vi ut \u00f8vingslokaler og preproduksjonslokale, arrangerer kurs, og mye mer! Finn veien til AKKS Oslo:\u00a0 Kollektivt: 1. ta trikken til Schous Plass og f\u00f8lg Nordre gate over Gr\u00fcnerbrua, ta s\u00e5 til venstre inn Brenneriveien. AKKS ligger p\u00e5 venstre side og er [&hellip;]<\/p>\n","protected":false},"author":4,"featured_media":0,"parent":39,"menu_order":0,"comment_status":"closed","ping_status":"closed","template":"","meta":[],"_links":{"self":[{"href":"https:\/\/akks.no\/oslo\/wp-json\/wp\/v2\/pages\/967"}],"collection":[{"href":"https:\/\/akks.no\/oslo\/wp-json\/wp\/v2\/pages"}],"about":[{"href":"https:\/\/akks.no\/oslo\/wp-json\/wp\/v2\/types\/page"}],"author":[{"embeddable":true,"href":"https:\/\/akks.no\/oslo\/wp-json\/wp\/v2\/users\/4"}],"replies":[{"embeddable":true,"href":"https:\/\/akks.no\/oslo\/wp-json\/wp\/v2\/comments?post=967"}],"version-history":[{"count":10,"href":"https:\/\/akks.no\/oslo\/wp-json\/wp\/v2\/pages\/967\/revisions"}],"predecessor-version":[{"id":1818,"href":"https:\/\/akks.no\/oslo\/wp-json\/wp\/v2\/pages\/967\/revisions\/1818"}],"up":[{"embeddable":true,"href":"https:\/\/akks.no\/oslo\/wp-json\/wp\/v2\/pages\/39"}],"wp:attachment":[{"href":"https:\/\/akks.no\/oslo\/wp-json\/wp\/v2\/media?parent=967"}],"curies":[{"name":"wp","href":"https:\/\/api.w.org\/{rel}","templated":true}]}}