{"id":959,"date":"2019-05-29T10:40:20","date_gmt":"2019-05-29T08:40:20","guid":{"rendered":"http:\/\/akks-no.staging.wordpress.idium.no\/oslo\/?page_id=959"},"modified":"2025-09-05T18:46:21","modified_gmt":"2025-09-05T16:46:21","slug":"bandmedlemskap","status":"publish","type":"page","link":"https:\/\/akks.no\/oslo\/bandmedlemskap\/","title":{"rendered":"Bandmedlemskap"},"content":{"rendered":"<h4><img loading=\"lazy\" class=\"alignnone wp-image-2065 size-single\" src=\"http:\/\/akks.no\/oslo\/files\/2021\/06\/AKKS_medlem_band-1200x640.jpg\" alt=\"\" width=\"1200\" height=\"640\" \/><\/h4>\n<h2><strong>Bli bandmedlem i dag!<\/strong><\/h2>\n<p>Bandmedlemskap koster 50 kr per person og er for dere som:<\/p>\n<ul>\n<li>Spiller i et band med minimum 3 medlemmer<\/li>\n<li>Vil delta p\u00e5 kurs, band-mentoring, spille konserter, leie \u00f8vingslokaler<\/li>\n<li>S\u00f8ke \u00f8konomiske midler til bandprosjekter<\/li>\n<\/ul>\n<h3><strong>For \u00e5 bli bandmedlem:<\/strong><\/h3>\n<ul>\n<li><strong><a href=\"https:\/\/akks.hypersys.no\/old\/forms\/innmeldingsskjema-for-bandmedlemskap\/\">Registrer bandet og alle personene i bandet her<\/a><\/strong><\/li>\n<li>Bandet blir registrert som medlemsband i AKKS n\u00e5r alle personene i bandet har betalt<\/li>\n<\/ul>\n<p><em>Medlemskap i AKKS varer ut kalender\u00e5ret og avsluttes automatisk ved \u00e5rsslutt.<\/em><\/p>\n<p><a href=\"https:\/\/akks.no\/oslo\/oppdatere-medlemskap\/\">Les om hvordan du oppdaterer medlemskapet ditt.<\/a><\/p>\n<h3><strong>\u00c5rsrapport<\/strong><\/h3>\n<p>Ved \u00e5rsskifte m\u00e5 bandleder for bandet sende inn \u00e5rsrapport.<\/p>\n<ul>\n<li>P\u00e5minnelse med link til \u00e5rsrapport sendes til bandleder p\u00e5 mail.<\/li>\n<li>Det er kun bandleder som kan fylle ut og levere \u00e5rsrapport.<\/li>\n<\/ul>\n<h3><strong>S\u00f8ke st\u00f8tte?<\/strong><\/h3>\n<p>Ved \u00e5 v\u00e6re bandmedlem i AKKS kan bandet ditt s\u00f8ke st\u00f8tte til musikkprosjekter, utstyr og \u00f8ving.<\/p>\n<p><a href=\"https:\/\/akks.no\/sok-midler\/\">Les mer om hvordan du kan s\u00f8ke st\u00f8tte.<\/a><\/p>\n<p><a href=\"https:\/\/akks.no\/oslo\/medlemsfordeler2\/\">Se v\u00e5re medlemsfordeler her.<\/a><\/p>\n<p><strong>Velkommen til #AKKSfamilien!<\/strong><\/p>\n","protected":false},"excerpt":{"rendered":"<p>F\u00e5 billig \u00f8vingslokaler og mulighet til \u00e5 s\u00f8ke penger til bandet ditt!<\/p>\n","protected":false},"author":4,"featured_media":0,"parent":0,"menu_order":0,"comment_status":"closed","ping_status":"closed","template":"","meta":[],"_links":{"self":[{"href":"https:\/\/akks.no\/oslo\/wp-json\/wp\/v2\/pages\/959"}],"collection":[{"href":"https:\/\/akks.no\/oslo\/wp-json\/wp\/v2\/pages"}],"about":[{"href":"https:\/\/akks.no\/oslo\/wp-json\/wp\/v2\/types\/page"}],"author":[{"embeddable":true,"href":"https:\/\/akks.no\/oslo\/wp-json\/wp\/v2\/users\/4"}],"replies":[{"embeddable":true,"href":"https:\/\/akks.no\/oslo\/wp-json\/wp\/v2\/comments?post=959"}],"version-history":[{"count":22,"href":"https:\/\/akks.no\/oslo\/wp-json\/wp\/v2\/pages\/959\/revisions"}],"predecessor-version":[{"id":2743,"href":"https:\/\/akks.no\/oslo\/wp-json\/wp\/v2\/pages\/959\/revisions\/2743"}],"wp:attachment":[{"href":"https:\/\/akks.no\/oslo\/wp-json\/wp\/v2\/media?parent=959"}],"curies":[{"name":"wp","href":"https:\/\/api.w.org\/{rel}","templated":true}]}}