{"id":948,"date":"2019-05-22T11:07:21","date_gmt":"2019-05-22T09:07:21","guid":{"rendered":"http:\/\/akks-no.staging.wordpress.idium.no\/oslo\/?page_id=948"},"modified":"2021-02-19T10:57:31","modified_gmt":"2021-02-19T09:57:31","slug":"bli-medlem","status":"publish","type":"page","link":"https:\/\/akks.no\/oslo\/bli-medlem\/","title":{"rendered":"Bli medlem &#8211; Oslo"},"content":{"rendered":"<p><a href=\"http:\/\/akks.no\/oslo\/bandmedlemskap\/\"><img loading=\"lazy\" class=\"alignleft wp-image-1546\" style=\"float: left; margin-right: 5px;\" src=\"http:\/\/akks.no\/oslo\/files\/2020\/09\/Bandmedlemskap-1.png\" alt=\"\" width=\"480\" height=\"400\" srcset=\"https:\/\/akks.no\/oslo\/files\/2020\/09\/Bandmedlemskap-1.png 512w, https:\/\/akks.no\/oslo\/files\/2020\/09\/Bandmedlemskap-1-300x250.png 300w\" sizes=\"(max-width: 480px) 100vw, 480px\" \/><\/a><a href=\"#enkeltmedlemskap\"><img loading=\"lazy\" class=\"alignright wp-image-1545\" style=\"float: left; margin-right: 170px;\" src=\"http:\/\/akks.no\/oslo\/files\/2020\/09\/enkeltmedlemskap-3.png\" alt=\"\" width=\"480\" height=\"400\" srcset=\"https:\/\/akks.no\/oslo\/files\/2020\/09\/enkeltmedlemskap-3.png 512w, https:\/\/akks.no\/oslo\/files\/2020\/09\/enkeltmedlemskap-3-300x250.png 300w\" sizes=\"(max-width: 480px) 100vw, 480px\" \/><\/a><\/p>\n<p style=\"text-align: left;\"><strong>Bli med i\u00a0#AKKSfamilien!<\/strong><\/p>\n<p>Ta steget inn i musikklivet med AKKS! Som medlem f\u00e5r du tilgang til en rekke medlemsfordeler, inkludert rimelige kurs, leie av \u00f8vingslokaler og konserter i regi av AKKS, samt gode\u00a0rabatter hos utvalgte musikkbutikker og en rekke samarbeidspartnere.\u00a0I tillegg gj\u00f8r du musikklivet til et bedre sted gjennom \u00e5 bidra direkte\u00a0til v\u00e5rt arbeid for likestilling, kj\u00f8nnsbalanse og mangfold i musikklivet. Et medlemskap i AKKS gjelder for et \u00e5r av gangen og fornyes hvert kalender\u00e5r.<\/p>\n<p><strong>To typer medlemskap<\/strong><br \/>\nVi tilbyr to typer medlemskap \u2013 enkeltmedlemskap eller bandmedlemskap.<br \/>\nBandmedlemskap gir de samme medlemsfordelene i AKKS som et ordin\u00e6rt medlemskap, men bandet kan ogs\u00e5 s\u00f8ke Frifond og VO-midler.<br \/>\nLes mer om <a href=\"http:\/\/akks.no\/oslo\/bandmedlemskap\/\">bandmedlemskap<\/a> og <a href=\"https:\/\/akks.no\/medlemsfordeler\/\" target=\"_blank\" rel=\"noopener noreferrer\">medlemsfordeler<\/a>.<\/p>\n<p><strong>BLI MEDLEM IDAG!<\/strong><\/p>\n<p><strong>Meld deg inn via sms<\/strong><br \/>\nSEND SMS MED KODEORD<br \/>\n&laquo;AKKS Fornavn Etternavn f\u00f8dselsdato adresse epost&raquo;<br \/>\ntil <strong>2030<\/strong>.<br \/>\n<em>*Det trekkes kr 50 fra ditt abbonement.<\/em><br \/>\nDu vil motta bekreftelse i form av returmelding n\u00e5r registrering og sms-betaling har g\u00e5tt gjennom. Ta kontakt med ditt lokale AKKS-kontor om det ikke g\u00e5r gjennom.<\/p>\n<p><strong>Faktura<\/strong><br \/>\n\u00c5 bli medlem er enkelt \u2013 fyll ut skjemaet og du f\u00e5r umiddelbart faktura p\u00e5 e-post (husk \u00e5 sjekke spamfilteret).<\/p>\n<p><strong>Oppdatere medlemskap og medlemsinformasjon<\/strong><br \/>\nTrenger du \u00e5 fornye ditt AKKSmedlemskap til innev\u00e6rende \u00e5r?\u00a0G\u00e5 inn p\u00e5\u00a0<a href=\"https:\/\/akks.hypersys.no\/\" target=\"_blank\" rel=\"noopener noreferrer\">Min side<\/a> og skriv inn epostadressen du har registrert hos oss og trykk glemt passord dersom det er f\u00f8rste gang du logger deg inn i v\u00e5rt medlemssystem.<br \/>\nDu vil n\u00e5 f\u00e5 en e-post med link der du kan velge nytt passord og du kan logge deg inn i medlemssystemet v\u00e5rt og oppdatere medlemskap, adresse og betale \u00e5rets kontingent.<\/p>\n<p>Var du medlem i fjor, men har glemt fornye medlemskapet?<br \/>\nSend SMS med kodeord <strong>AKKS BETAL 50<\/strong> til <strong>2030<\/strong>.<br \/>\nDa vil du bli trukket 50,- kr fra ditt telefonabonnement. Husk at SMS\u2019en m\u00e5 sendes fra det mobilnummeret som medlemskapet er registrert p\u00e5. Dersom du ikke f\u00e5r returmelding, har ikke betalingen g\u00e5tt gjennom. Dette kan v\u00e6re p\u00e5 grunn av en eventuell sperre p\u00e5 mobilabonnementet eller mobilnummeret ligger ikke inne i v\u00e5re systemer.<\/p>\n<p>Har du flyttet eller registrert feil adresse hos oss kan lett gi oss din riktige adresse ved \u00e5 sende <strong>AKKS ADRESSE<\/strong> gateadresse, postnr, poststed til <strong>2030<\/strong><\/p>\n<p><iframe loading=\"lazy\" id=\"enkeltmedlemskap\" src=\"https:\/\/akks.hypersys.no\/forms\/innmeldingsskjema\/iframe\/\" width=\"900\" height=\"1000\" frameborder=\"0\" marginwidth=\"0\" marginheight=\"0\">Laster\u2026<\/iframe><\/p>\n","protected":false},"excerpt":{"rendered":"<p>Bli med i\u00a0#AKKSfamilien! Ta steget inn i musikklivet med AKKS! Som medlem f\u00e5r du tilgang til en rekke medlemsfordeler, inkludert rimelige kurs, leie av \u00f8vingslokaler og konserter i regi av AKKS, samt gode\u00a0rabatter hos utvalgte musikkbutikker og en rekke samarbeidspartnere.\u00a0I tillegg gj\u00f8r du musikklivet til et bedre sted gjennom \u00e5 bidra direkte\u00a0til v\u00e5rt arbeid for [&hellip;]<\/p>\n","protected":false},"author":4,"featured_media":0,"parent":0,"menu_order":0,"comment_status":"closed","ping_status":"closed","template":"","meta":[],"_links":{"self":[{"href":"https:\/\/akks.no\/oslo\/wp-json\/wp\/v2\/pages\/948"}],"collection":[{"href":"https:\/\/akks.no\/oslo\/wp-json\/wp\/v2\/pages"}],"about":[{"href":"https:\/\/akks.no\/oslo\/wp-json\/wp\/v2\/types\/page"}],"author":[{"embeddable":true,"href":"https:\/\/akks.no\/oslo\/wp-json\/wp\/v2\/users\/4"}],"replies":[{"embeddable":true,"href":"https:\/\/akks.no\/oslo\/wp-json\/wp\/v2\/comments?post=948"}],"version-history":[{"count":26,"href":"https:\/\/akks.no\/oslo\/wp-json\/wp\/v2\/pages\/948\/revisions"}],"predecessor-version":[{"id":1909,"href":"https:\/\/akks.no\/oslo\/wp-json\/wp\/v2\/pages\/948\/revisions\/1909"}],"wp:attachment":[{"href":"https:\/\/akks.no\/oslo\/wp-json\/wp\/v2\/media?parent=948"}],"curies":[{"name":"wp","href":"https:\/\/api.w.org\/{rel}","templated":true}]}}