{"id":890,"date":"2019-05-20T16:41:15","date_gmt":"2019-05-20T14:41:15","guid":{"rendered":"http:\/\/akks-no.staging.wordpress.idium.no\/oslo\/?page_id=890"},"modified":"2021-02-15T16:00:47","modified_gmt":"2021-02-15T15:00:47","slug":"loud-i-vinterferien","status":"publish","type":"page","link":"https:\/\/akks.no\/oslo\/loud\/loud-i-vinterferien\/","title":{"rendered":"LOUD! Bandleir i vinterferien"},"content":{"rendered":"<div class=\"entry-content\">\n<p><img loading=\"lazy\" class=\"alignnone wp-image-1524 size-full\" src=\"http:\/\/akks.no\/oslo\/files\/2020\/09\/Kopi-av-HVA-BETYR-AKKS-FOR-DEG_.png\" alt=\"\" width=\"1800\" height=\"700\" srcset=\"https:\/\/akks.no\/oslo\/files\/2020\/09\/Kopi-av-HVA-BETYR-AKKS-FOR-DEG_.png 1800w, https:\/\/akks.no\/oslo\/files\/2020\/09\/Kopi-av-HVA-BETYR-AKKS-FOR-DEG_-300x117.png 300w, https:\/\/akks.no\/oslo\/files\/2020\/09\/Kopi-av-HVA-BETYR-AKKS-FOR-DEG_-1024x398.png 1024w, https:\/\/akks.no\/oslo\/files\/2020\/09\/Kopi-av-HVA-BETYR-AKKS-FOR-DEG_-768x299.png 768w, https:\/\/akks.no\/oslo\/files\/2020\/09\/Kopi-av-HVA-BETYR-AKKS-FOR-DEG_-1536x597.png 1536w, https:\/\/akks.no\/oslo\/files\/2020\/09\/Kopi-av-HVA-BETYR-AKKS-FOR-DEG_-600x233.png 600w\" sizes=\"(max-width: 1800px) 100vw, 1800px\" \/><\/p>\n<div class=\"entry-content\">\n<h3>Avlyst &#8211; LOUD! i vinterferien 2021 er dessverre avlyst. Neste LOUD-leir blir LOUD i sommerferien, <a href=\"http:\/\/www.loudcamp.com\/dincamp\">les mer her.\u00a0<\/a><\/h3>\n<h3><strong>Dato: <\/strong>Mandag 22. Februar &#8211; Fredag 26. Februar 2021<strong><br \/>\n<\/strong><strong>Tid:<\/strong> 09-15<br \/>\n<strong>Kurssted:<\/strong> Brenneriveien 9, AKKS Oslo sine kurs- og \u00f8vingslokaler<br \/>\n<strong>Pris:<\/strong> 0*-1600 kr for alle 5 dagene, inkludert medlemsskap\/\/\/ *Rabattert plass? Les mer ved \u00e5 bla ned.<br \/>\n<strong>Hvem kan v\u00e6re med p\u00e5 LOUD?<\/strong> Jenter, transpersoner og ikke-bin\u00e6re<br \/>\n<strong>Alder:<\/strong> 7-17 \u00e5r &#8211; Vi deler inn p\u00e5meldte i to grupper og kj\u00f8rer forskjellige program for de fra 7-12 \u00e5r, og de fra 13-17 \u00e5r.<br \/>\nMulighet for barnepass fra 08-16 for barn 7-12 \u00e5r.<\/h3>\n<hr \/>\n<p><strong>LOUD Bandleir &#8211; Bruk h\u00f8stferien p\u00e5 nye venner, l\u00e5tskriving og band! LOUD i h\u00f8stferien er for deg mellom 7-17 \u00e5r som har lyst til \u00e5 bruke ferien p\u00e5 musikk! Fra mandag til fredag f\u00e5r du teste forskjellige instrumenter, uansett hvilket instrumentniv\u00e5 du er p\u00e5, eller om du aldri har spilt f\u00f8r. Du f\u00e5r nye venner, ditt helt egne band, og masse nye opplevelser!<\/strong><\/p>\n<p>Uken starter med en instrumentkarusell hvor alle f\u00e5r pr\u00f8ve gitar, bass, vokal og trommer. Vi har alt du trenger hos oss, s\u00e5 du trenger ikke eget instrument. Om du likevel vil ta med et eget instrument kan du gi beskjed til oss p\u00e5 forh\u00e5nd.<\/p>\n<div class=\"entry-content\">\n<p>P\u00e5 slutten av dagen velger alle deltakerne hvilke instrumenter de likte best. Instrukt\u00f8rene setter sammen band ut fra disse \u00f8nskene. S\u00e5 lager man en helt egen l\u00e5t. Med dere p\u00e5 veien har dere en kjempekul instrukt\u00f8r som er musiker selv. Det blir garantert en kjempesosial uke med fokus p\u00e5 spilling og \u00e5 ha det g\u00f8y. Her f\u00e5r du masse god musikalsk trening! I l\u00f8pet av uken l\u00e6rer du om l\u00e5tskriving, bruk av \u00f8vingslokalet, sceneformidling, hvordan spille i band, normkritikk, promotering og mye mer.<\/p>\n<p>Vi avslutter bandleiren med konsert for familie og venner, s\u00e5 lenge smitteverntiltakene tillater dette.\u00a0 Her f\u00e5r alle bandene f\u00e5r vise frem hva de har jobbet med. Det blir ikke mer musikalsk l\u00e6rerikt enn \u00e5 spille sin f\u00f8rste konsert!<\/p>\n<div id='gallery-1' class='gallery galleryid-890 gallery-columns-2 gallery-size-medium'><dl class='gallery-item'>\n\t\t\t<dt class='gallery-icon landscape'>\n\t\t\t\t<a href='https:\/\/akks.no\/oslo\/courses\/sangkurs-oslo\/akksfamilien-presenterer-13\/'><img width=\"300\" height=\"200\" src=\"https:\/\/akks.no\/oslo\/files\/2019\/05\/akksfamilien-presenterer-13-300x200.png\" class=\"attachment-medium size-medium\" alt=\"\" loading=\"lazy\" srcset=\"https:\/\/akks.no\/oslo\/files\/2019\/05\/akksfamilien-presenterer-13-300x200.png 300w, https:\/\/akks.no\/oslo\/files\/2019\/05\/akksfamilien-presenterer-13.png 720w, https:\/\/akks.no\/oslo\/files\/2019\/05\/akksfamilien-presenterer-13-600x400.png 600w\" sizes=\"(max-width: 300px) 100vw, 300px\" \/><\/a>\n\t\t\t<\/dt><\/dl><dl class='gallery-item'>\n\t\t\t<dt class='gallery-icon landscape'>\n\t\t\t\t<a href='https:\/\/akks.no\/oslo\/loud\/loud-i-vinterferien\/akksfamilien-presenterer-11\/'><img width=\"300\" height=\"200\" src=\"https:\/\/akks.no\/oslo\/files\/2020\/12\/akksfamilien-presenterer-11-300x200.png\" class=\"attachment-medium size-medium\" alt=\"\" loading=\"lazy\" srcset=\"https:\/\/akks.no\/oslo\/files\/2020\/12\/akksfamilien-presenterer-11-300x200.png 300w, https:\/\/akks.no\/oslo\/files\/2020\/12\/akksfamilien-presenterer-11.png 720w, https:\/\/akks.no\/oslo\/files\/2020\/12\/akksfamilien-presenterer-11-600x400.png 600w\" sizes=\"(max-width: 300px) 100vw, 300px\" \/><\/a>\n\t\t\t<\/dt><\/dl><br style=\"clear: both\" \/>\n\t\t<\/div>\n\n<hr \/>\n<div class=\"\"><strong><span class=\"\">Program (timepla<\/span><\/strong><strong><span class=\"\">n kommer):<\/span><\/strong><\/div>\n<div class=\"\"><span class=\"\">08.00 \u2013 09.00: Barnepass<\/span><\/div>\n<div class=\"\"><span class=\"\">\u00a0<\/span><\/div>\n<div class=\"\"><span class=\"\">09.00: Morgensamling alle dager\u00a0<br class=\"\" \/>09.30-11.15 Band\u00f8ving\/\/musikk-aktivitet<br class=\"\" \/>11.15-12.00 Lunsj (matpakke)<br class=\"\" \/>12:00-13:30 Band\u00f8ving\/<\/span><span class=\"\">musikk-<\/span><span class=\"\">aktivitet<\/span><\/div>\n<div class=\"\"><span class=\"\">13:30-14:00 Pause og leker<\/span><\/div>\n<div class=\"\"><span class=\"\">14:00-15.00\u00a0<\/span><span class=\"\">Band\u00f8ving\/<\/span><span class=\"\">musikk-<\/span><span class=\"\">aktivitet<\/span><span class=\"\">\u00a0<\/span><\/div>\n<div class=\"\"><span class=\"\">15:00 Slutt\u00a0<\/span><\/div>\n<div class=\"\"><span class=\"\"><br class=\"\" \/>15.00-16.00:\u00a0Barnepass<\/span><\/div>\n<div class=\"\"><strong><span class=\"\"><br class=\"\" \/>Barnepass:\u00a0<\/span><\/strong><\/div>\n<div class=\"\"><span class=\"\">Det vil v\u00e6re instrukt\u00f8rer tilstede fra kl 0800-1600 dersom noen \u00f8nsker \u00abbarnepass\u00bb. Pris for barnepass kr 250 for 5 dager.<\/span><\/div>\n<div><\/div>\n<\/div>\n<\/div>\n<div><strong>M\u00f8t noen av instrukt\u00f8rene!<\/strong><\/div>\n<p style=\"text-align: right;\"><img loading=\"lazy\" class=\"alignnone size-full wp-image-886 alignleft\" src=\"https:\/\/akks.no\/oslo\/files\/2019\/05\/300x300KajaFotoCarolineRoka.png\" alt=\"\" width=\"300\" height=\"300\" srcset=\"https:\/\/akks.no\/oslo\/files\/2019\/05\/300x300KajaFotoCarolineRoka.png 300w, https:\/\/akks.no\/oslo\/files\/2019\/05\/300x300KajaFotoCarolineRoka-150x150.png 150w, https:\/\/akks.no\/oslo\/files\/2019\/05\/300x300KajaFotoCarolineRoka-100x100.png 100w\" sizes=\"(max-width: 300px) 100vw, 300px\" \/><\/p>\n<p style=\"text-align: left;\"><strong>Kaja Gunnufsen<br \/>\n<\/strong>Kaja har spilt piano siden hun var 10 \u00e5r gammel, og det var hennes hovedinstrument da hun gikk musikklinja p\u00e5 videreg\u00e5ende. I tillegg spiller hun gitar og synger. Hennes store lidenskap er \u00e5 skrive sangtekster, og hun har f\u00e5tt mye oppmerksomhet for sine \u00e6rlige og direkte tekster p\u00e5 norsk. Kaja har de ni siste \u00e5rene jobbet som l\u00e5tskriver og ut\u00f8vende musiker. Hun har gitt ut to album som har resultert i Spellemannsnominasjoner (\u00c5rets nykommer og \u00c5rets tekstforfatter). Hun har v\u00e6rt nominert til P3 Gull, og spilt p\u00e5 blant annet \u00d8yafestivalen og Slottsfjell i tillegg til en rekke andre konserter og festivaler rundt om i landet.<\/p>\n<p>&nbsp;<\/p>\n<p>&nbsp;<\/p>\n<p><img loading=\"lazy\" class=\"wp-image-1210 size-full alignright\" src=\"http:\/\/akks.no\/oslo\/files\/2020\/02\/Design-uten-navn-7.png\" alt=\"\" width=\"300\" height=\"300\" srcset=\"https:\/\/akks.no\/oslo\/files\/2020\/02\/Design-uten-navn-7.png 300w, https:\/\/akks.no\/oslo\/files\/2020\/02\/Design-uten-navn-7-150x150.png 150w, https:\/\/akks.no\/oslo\/files\/2020\/02\/Design-uten-navn-7-100x100.png 100w\" sizes=\"(max-width: 300px) 100vw, 300px\" \/><strong>Julie Enger B\u00f8ressen <\/strong><\/p>\n<p>Julie er trommis, produsent og l\u00e5tskriver. Hun har i tillegg studert musikkproduksjon p\u00e5 LIMPI, og spiller i, og produserer sitt soloprosjekt, Luli. Julie startet musikkarrieren sin som trommis i bandet Fr\u00f8ken Fryd som ten\u00e5ring og har alts\u00e5 lang fartstid som musiker og deltaker i norsk musikk. Hun er morsom, energisk og veldig grei. Julie har arbeidet med LOUD-leire i flere \u00e5r, og gleder seg til \u00e5 gj\u00f8re det i \u00e5r ogs\u00e5!<\/p>\n<p><strong>Pris:\u00a0<\/strong>Pris for bandleiren er kr 1600,- for de 5 dagene, og inkluderer medlemskap i AKKS Oslo. AKKS jobber for likestilling i musikkbransjen. Gjennom LOUD! vil vi motivere jenter til \u00e5 spille i band og skrive l\u00e5ter. Vi vil at unge jenter, transpersoner og ikke-bin\u00e6re skal f\u00e5 anledning til \u00e5 jobbe med alle aspekter ved det \u00e5 v\u00e6re musiker, og skape en trygg ramme hvor de kan pr\u00f8ve og feile.<\/p>\n<p><strong>Smittevern p\u00e5 leir<br \/>\n<\/strong>Vi f\u00f8lger med p\u00e5 og f\u00f8lger de til enhver tid gjeldende smittevernanbefalingene fra myndighetene. Ytterligere informasjon sendes til alle p\u00e5meldte via e-post. <a href=\"https:\/\/akks.no\/oslo\/2021\/01\/05\/kurs-og-koronaviruset-er-det-trygt-a-melde-seg-pa-kurs-na\/\">Du kan ogs\u00e5 lese mer om v\u00e5re kurs og smittevern her.\u00a0<\/a><\/p>\n<p><strong>Rabattert plass?<\/strong> Vi vil ikke at \u00f8konomi skal st\u00e5 i veien for at man skal kunne delta p\u00e5 leir. I noen tilfeller kan vi gi deltakere med vanskelig \u00f8konomi rabatterte plasser. Huk av i p\u00e5meldingskjemaet for \u00e5 s\u00f8ke om rabattert plass og skriv en kort begrunnelse i feltet under. Alle s\u00f8kere blir kontaktet p\u00e5 e-post med beskjed om vi har mulighet til \u00e5 gi bort rabattert plass. Man m\u00e5 v\u00e6re medlem i AKKS Oslo for \u00e5 benytte seg av dette tilbudet. Medlemskap koster 50 kr.<\/p>\n<p>Sp\u00f8rsm\u00e5l? Kontakt: kurs@oslo.akks.no<\/p>\n<p><a href=\"http:\/\/tv.nrksuper.no\/serie\/supernytt\/MSUB02014414\/03-10-2014#t=6m10s\">Se klipp fra LOUD i 2015 p\u00e5 Supernytt!<\/a><\/p>\n<\/div>\n<div class=\"entry-content\"><\/div>\n","protected":false},"excerpt":{"rendered":"<p>Avlyst &#8211; LOUD! i vinterferien 2021 er dessverre avlyst. Neste LOUD-leir blir LOUD i sommerferien, les mer her.\u00a0 Dato: Mandag 22. Februar &#8211; Fredag 26. Februar 2021 Tid: 09-15 Kurssted: Brenneriveien 9, AKKS Oslo sine kurs- og \u00f8vingslokaler Pris: 0*-1600 kr for alle 5 dagene, inkludert medlemsskap\/\/\/ *Rabattert plass? Les mer ved \u00e5 bla ned. [&hellip;]<\/p>\n","protected":false},"author":4,"featured_media":1744,"parent":476,"menu_order":0,"comment_status":"closed","ping_status":"closed","template":"","meta":[],"_links":{"self":[{"href":"https:\/\/akks.no\/oslo\/wp-json\/wp\/v2\/pages\/890"}],"collection":[{"href":"https:\/\/akks.no\/oslo\/wp-json\/wp\/v2\/pages"}],"about":[{"href":"https:\/\/akks.no\/oslo\/wp-json\/wp\/v2\/types\/page"}],"author":[{"embeddable":true,"href":"https:\/\/akks.no\/oslo\/wp-json\/wp\/v2\/users\/4"}],"replies":[{"embeddable":true,"href":"https:\/\/akks.no\/oslo\/wp-json\/wp\/v2\/comments?post=890"}],"version-history":[{"count":21,"href":"https:\/\/akks.no\/oslo\/wp-json\/wp\/v2\/pages\/890\/revisions"}],"predecessor-version":[{"id":1882,"href":"https:\/\/akks.no\/oslo\/wp-json\/wp\/v2\/pages\/890\/revisions\/1882"}],"up":[{"embeddable":true,"href":"https:\/\/akks.no\/oslo\/wp-json\/wp\/v2\/pages\/476"}],"wp:featuredmedia":[{"embeddable":true,"href":"https:\/\/akks.no\/oslo\/wp-json\/wp\/v2\/media\/1744"}],"wp:attachment":[{"href":"https:\/\/akks.no\/oslo\/wp-json\/wp\/v2\/media?parent=890"}],"curies":[{"name":"wp","href":"https:\/\/api.w.org\/{rel}","templated":true}]}}