{"id":735,"date":"2019-05-15T10:17:17","date_gmt":"2019-05-15T08:17:17","guid":{"rendered":"http:\/\/akks-no.staging.wordpress.idium.no\/oslo\/?page_id=735"},"modified":"2019-05-15T11:46:53","modified_gmt":"2019-05-15T09:46:53","slug":"akks-konserten","status":"publish","type":"page","link":"https:\/\/akks.no\/oslo\/akks-konserten\/","title":{"rendered":"AKKS-konserten"},"content":{"rendered":"<p><img loading=\"lazy\" class=\"alignnone wp-image-590 size-full\" src=\"https:\/\/akks.no\/oslo\/files\/2019\/05\/Forsidebilde_Hudkreft3_VanessaStorm_AKKSkonserten.jpg\" alt=\"\" width=\"1800\" height=\"700\" srcset=\"https:\/\/akks.no\/oslo\/files\/2019\/05\/Forsidebilde_Hudkreft3_VanessaStorm_AKKSkonserten.jpg 1800w, https:\/\/akks.no\/oslo\/files\/2019\/05\/Forsidebilde_Hudkreft3_VanessaStorm_AKKSkonserten-300x117.jpg 300w, https:\/\/akks.no\/oslo\/files\/2019\/05\/Forsidebilde_Hudkreft3_VanessaStorm_AKKSkonserten-768x299.jpg 768w, https:\/\/akks.no\/oslo\/files\/2019\/05\/Forsidebilde_Hudkreft3_VanessaStorm_AKKSkonserten-1024x398.jpg 1024w, https:\/\/akks.no\/oslo\/files\/2019\/05\/Forsidebilde_Hudkreft3_VanessaStorm_AKKSkonserten-600x233.jpg 600w\" sizes=\"(max-width: 1800px) 100vw, 1800px\" \/>AKKS-konserten er forsommerens og vinterens h\u00f8ydepunkt, med tonnevis av adrenalin, nerver og rockeattitude i skj\u00f8nn forening. Og selvsagt byens aller hyggeligste publikum.<\/p>\n<p>Her f\u00e5r publikum oppleve kursband, kursartister og kursDJs som presenterer helt fersk musikk, enten det er eget\u00a0materiale eller covere, og er det plass i programmet booker vi inn up-and-coming band vi har troen p\u00e5 fra byens undergrunn.<\/p>\n<p>18 \u00e5rs aldersgrense.<br \/>\nUnder 18? Ta med deg en verge! Vergen din kan v\u00e6re en foresatt eller en annen voksen over 26. Verger kan ha ansvaret for 2 personer under 18.<\/p>\n<p>Spille p\u00e5 AKKS-konserten?<br \/>\n\u00c5 f\u00e5 spille p\u00e5 AKKS-konserten er en sjeldent god opplevelse. Blir du med et av f\u00f8lgende kurs p\u00e5 AKKS f\u00e5r du spille her: bandkurs, Bandskolen, ableton live, l\u00e5tskriving og dj.<br \/>\n\u00d8nsker du \u00e5 bli booket til AKKS-konserten med eget prosjekt, ta kontakt med oss p\u00e5 <a href=\"mailto:kurs@oslo.akks.no\">mail<\/a>.<\/p>\n","protected":false},"excerpt":{"rendered":"<p>Semesterets feiring av kursdeltakere, nye band, ferske DJ&#039;s, kursl\u00e6rere og hele #AKKSfamilien!\u00a0<\/p>\n","protected":false},"author":4,"featured_media":598,"parent":0,"menu_order":0,"comment_status":"closed","ping_status":"closed","template":"","meta":[],"_links":{"self":[{"href":"https:\/\/akks.no\/oslo\/wp-json\/wp\/v2\/pages\/735"}],"collection":[{"href":"https:\/\/akks.no\/oslo\/wp-json\/wp\/v2\/pages"}],"about":[{"href":"https:\/\/akks.no\/oslo\/wp-json\/wp\/v2\/types\/page"}],"author":[{"embeddable":true,"href":"https:\/\/akks.no\/oslo\/wp-json\/wp\/v2\/users\/4"}],"replies":[{"embeddable":true,"href":"https:\/\/akks.no\/oslo\/wp-json\/wp\/v2\/comments?post=735"}],"version-history":[{"count":6,"href":"https:\/\/akks.no\/oslo\/wp-json\/wp\/v2\/pages\/735\/revisions"}],"predecessor-version":[{"id":745,"href":"https:\/\/akks.no\/oslo\/wp-json\/wp\/v2\/pages\/735\/revisions\/745"}],"wp:featuredmedia":[{"embeddable":true,"href":"https:\/\/akks.no\/oslo\/wp-json\/wp\/v2\/media\/598"}],"wp:attachment":[{"href":"https:\/\/akks.no\/oslo\/wp-json\/wp\/v2\/media?parent=735"}],"curies":[{"name":"wp","href":"https:\/\/api.w.org\/{rel}","templated":true}]}}