{"id":649,"date":"2019-05-08T12:57:40","date_gmt":"2019-05-08T10:57:40","guid":{"rendered":"http:\/\/akks-no.staging.wordpress.idium.no\/oslo\/?page_id=649"},"modified":"2020-06-24T11:32:01","modified_gmt":"2020-06-24T09:32:01","slug":"bandkurs","status":"publish","type":"page","link":"https:\/\/akks.no\/oslo\/bandkurs\/","title":{"rendered":"Bandkurs"},"content":{"rendered":"<p><img loading=\"lazy\" class=\"alignnone wp-image-582 size-full\" src=\"https:\/\/akks.no\/oslo\/files\/2019\/05\/forsidebilde_BadesaltAKKSkonserten.jpg\" alt=\"\" width=\"1800\" height=\"700\" srcset=\"https:\/\/akks.no\/oslo\/files\/2019\/05\/forsidebilde_BadesaltAKKSkonserten.jpg 1800w, https:\/\/akks.no\/oslo\/files\/2019\/05\/forsidebilde_BadesaltAKKSkonserten-300x117.jpg 300w, https:\/\/akks.no\/oslo\/files\/2019\/05\/forsidebilde_BadesaltAKKSkonserten-768x299.jpg 768w, https:\/\/akks.no\/oslo\/files\/2019\/05\/forsidebilde_BadesaltAKKSkonserten-1024x398.jpg 1024w, https:\/\/akks.no\/oslo\/files\/2019\/05\/forsidebilde_BadesaltAKKSkonserten-600x233.jpg 600w\" sizes=\"(max-width: 1800px) 100vw, 1800px\" \/><\/p>\n<p>P\u00e5 AKKS finner du bandkurs for alle niv\u00e5 og aldere. Vi tror at det \u00e5 spille i band er en utrolig effektiv og g\u00f8y m\u00e5te \u00e5 l\u00e6re et instrument, jobbe med l\u00e5tskriving p\u00e5 og bygge musikalsk selvtillitt! Vi anbefaler alle v\u00e5re instrument-kursdeltakere \u00e5 bli med p\u00e5 et bandkurs etter fullf\u00f8rt instrumentkurs, det er den beste, og morsomste m\u00e5ten \u00e5 bli bedre p\u00e5 ditt instrument!<\/p>\n<hr \/>\n<p><strong>Hvilket bandkurs passer for meg?<\/strong><\/p>\n<p><strong>Bandkurs Junior:<\/strong>\u00a0For deltakere av alle kj\u00f8nn fra 9-13 \u00e5r. Du trenger ikke kunne et instrument fra f\u00f8r av for \u00e5 v\u00e6re med. Mandager, tirsdager, onsdager &#8211; alt etter deltakernes ledighet.<br \/>\n<strong>Bandskolen for jenter:\u00a0<\/strong>For jenter, transungdom, og ikke-bin\u00e6re mellom 13-19 \u00e5r. Hel\u00e5rs tilbud for deg som virkelig brenner for musikk! Torsdager.<br \/>\n<strong>Bandkurs ungdom:\u00a0<\/strong>For deltakere av alle kj\u00f8nn mellom 14-19 \u00e5r som \u00f8nsker \u00e5 spille i band, men som ikke kan delta p\u00e5 bandskolen av ulike grunner. Mandager, tirsdager, onsdager &#8211; alt etter deltakernes ledighet.<br \/>\n<strong>Bandkurs voksen: <\/strong>For deltakere av alle kj\u00f8nn fra 20 \u00e5r og oppover som \u00f8nsker \u00e5 spille i band! Mandager, tirsdager, onsdager &#8211; alt etter deltakernes ledighet.<\/p>\n<hr \/>\n<p>Spiller du allerede i et band som \u00f8nsker veiledning for \u00e5 n\u00e5 m\u00e5lene deres, med \u00f8vingslokaler innebygget i prisen? Ta kontakt p\u00e5 kurs@oslo.akks.no for \u00e5 finne ut hva vi kan hjelpe ditt band med.<\/p>\n<p>I tillegg arrangerer vi hvert \u00e5r bandleir i h\u00f8stferien og vinterferien. Les mer om bandkursene:<\/p>\n","protected":false},"excerpt":{"rendered":"<p>P\u00e5 AKKS finner du bandkurs for alle niv\u00e5 og aldere. Vi tror at det \u00e5 spille i band er en utrolig effektiv og g\u00f8y m\u00e5te \u00e5 l\u00e6re et instrument, jobbe med l\u00e5tskriving p\u00e5 og bygge musikalsk selvtillitt! Vi anbefaler alle v\u00e5re instrument-kursdeltakere \u00e5 bli med p\u00e5 et bandkurs etter fullf\u00f8rt instrumentkurs, det er den beste, [&hellip;]<\/p>\n","protected":false},"author":4,"featured_media":598,"parent":0,"menu_order":0,"comment_status":"closed","ping_status":"closed","template":"","meta":[],"_links":{"self":[{"href":"https:\/\/akks.no\/oslo\/wp-json\/wp\/v2\/pages\/649"}],"collection":[{"href":"https:\/\/akks.no\/oslo\/wp-json\/wp\/v2\/pages"}],"about":[{"href":"https:\/\/akks.no\/oslo\/wp-json\/wp\/v2\/types\/page"}],"author":[{"embeddable":true,"href":"https:\/\/akks.no\/oslo\/wp-json\/wp\/v2\/users\/4"}],"replies":[{"embeddable":true,"href":"https:\/\/akks.no\/oslo\/wp-json\/wp\/v2\/comments?post=649"}],"version-history":[{"count":9,"href":"https:\/\/akks.no\/oslo\/wp-json\/wp\/v2\/pages\/649\/revisions"}],"predecessor-version":[{"id":1460,"href":"https:\/\/akks.no\/oslo\/wp-json\/wp\/v2\/pages\/649\/revisions\/1460"}],"wp:featuredmedia":[{"embeddable":true,"href":"https:\/\/akks.no\/oslo\/wp-json\/wp\/v2\/media\/598"}],"wp:attachment":[{"href":"https:\/\/akks.no\/oslo\/wp-json\/wp\/v2\/media?parent=649"}],"curies":[{"name":"wp","href":"https:\/\/api.w.org\/{rel}","templated":true}]}}