{"id":39,"date":"2017-10-06T14:57:27","date_gmt":"2017-10-06T12:57:27","guid":{"rendered":"http:\/\/akks-no.staging.wordpress.idium.no\/oslo\/?page_id=39"},"modified":"2021-06-15T11:45:43","modified_gmt":"2021-06-15T09:45:43","slug":"om-oss","status":"publish","type":"page","link":"https:\/\/akks.no\/oslo\/om-oss\/","title":{"rendered":"Om oss"},"content":{"rendered":"<p><img loading=\"lazy\" class=\"alignnone wp-image-384 size-single\" title=\"From Scratch, h\u00f8sten 2017. Foto: Olav Storm\" src=\"https:\/\/akks.no\/oslo\/files\/2018\/11\/From-Scratch-5-AKKS-Oslo-2017_foto-Olav-Storm-1200x640.jpg\" alt=\"\" width=\"1200\" height=\"640\" \/><\/p>\n<p><strong>Hva er AKKS?<br \/>\n<\/strong>AKKS er en landsomfattende, ideell musikkorganisasjon som tilbyr instrumentkurs, bandkurs, \u00f8vingslokaler og arrangerer konserter med b\u00e5de profesjonelle og up-and-coming band og artister.<br \/>\nVi har kurs for deg som vil l\u00e6re hvordan det er \u00e5 st\u00e5 p\u00e5 en scene, pr\u00f8ve et nytt instrument, skrive l\u00e5ter, spille sammen med andre, l\u00e6re av profesjonelle musikere og ha det g\u00f8y med musikk.\u00a0Last ned\u00a0<a href=\"https:\/\/www.akks.no\/wp-content\/uploads\/2018\/09\/Kursfolder_AKKSOslo_Haley-Juli3.pdf\">kursfolder<\/a>\u00a0og\u00a0<a href=\"https:\/\/www.akks.no\/wp-content\/uploads\/2018\/09\/AKKS-Bandskolen-NY-Juli2.pdf\">Bandskolefolder<\/a>.<\/p>\n<p><strong>Hvor er AKKS?<br \/>\n<\/strong>AKKS Oslo holder til i fargerike Brenneriveien p\u00e5 Gr\u00fcnerl\u00f8kka mellom konsertstedet Bl\u00e5, og Vulkan. Her er v\u00e5re \u00f8vingslokaler og her tilbyr vi kurs og workshops med inspirerende l\u00e6rere som selv er ut\u00f8vende artister, produsenter, teknikere og bransjefolk.<\/p>\n<p><strong>Hvorfor er\u00a0AKKS til?<br \/>\n<\/strong>AKKS arbeider for en mer balansert kj\u00f8nnsfordeling i alle ledd av musikkbransjen. Form\u00e5let er <span class=\"s1\">\u00e5 rekruttere, motivere og synliggj\u00f8re kvinner i alle ledd av musikklivet. AKKS\u00a0er medlem i og medgrunnlegger av <a href=\"http:\/\/balansekunstprosjektet.no\/\" target=\"_blank\" rel=\"noopener noreferrer\">Balansekunstprosjektet<\/a>.<br \/>\n<\/span><\/p>\n<p><span class=\"s1\"><strong>Hvem er AKKS for?<br \/>\n<\/strong>Alle som identifiserer seg som kvinner er i m\u00e5lgruppen v\u00e5r. Selv om noen av tilbudene v\u00e5re er eksklusivt for kvinner, transpersoner og ikke-bin\u00e6re er de fleste tilbudene v\u00e5re \u00e5pne for alle, uansett kj\u00f8nn og alder.<\/span><\/p>\n<p><span class=\"s1\"><strong>Prosjekter<\/strong><\/span><br \/>\n<a href=\"http:\/\/www.loudcamp.com\/\" target=\"_blank\" rel=\"noopener noreferrer\">LOUD! Jentenes bandleir<\/a>\u00a0&#8211;\u00a0feriecamp vi arrangerer sammen med JM Norway<br \/>\nBY:Larm Ung &#8211; unge delegater p\u00e5 By:Larm i samarbeid med by:Larm, M\u00d8ST, Volt og Rockslo.<\/p>\n<p><strong>Medlemskap i AKKS Oslo<\/strong><br \/>\nSom medlem st\u00f8tter du AKKS sitt viktige arbeid for kj\u00f8nnsbalanse i norsk musikkliv! I tillegg f\u00e5r du tilgang til en rekke medlemsfordeler, kurs, \u00f8vingslokaler og mye mer. Medlemskap koster bare 50kr. <a href=\"https:\/\/akks.no\/oslo\/bli-medlem\/\">Meld deg inn her<\/a>.<\/p>\n<p><strong>Hold deg oppdatert med AKKS Oslos nyhetsbrev<br \/>\n<\/strong><\/p>\n<style type=\"text\/css\">\n\t#mc_embed_signup{background:#fff; clear:left; font:14px Helvetica,Arial,sans-serif; }<br \/>\t\/* Add your own Mailchimp form style overrides in your site stylesheet or in this style block.<br \/>\t   We recommend moving this block and the preceding CSS link to the HEAD of your HTML file. *\/<br \/><\/style>\n<div id=\"mc_embed_signup\">\n<form id=\"mc-embedded-subscribe-form\" class=\"validate\" action=\"https:\/\/akks.us6.list-manage.com\/subscribe\/post?u=8acd269bd414429cd5c7afd07&amp;id=e7c6ce6345\" method=\"post\" name=\"mc-embedded-subscribe-form\" novalidate=\"\" target=\"_blank\">\n<div id=\"mc_embed_signup_scroll\">\n<div class=\"mc-field-group\"><label for=\"mce-EMAIL\">E-post <\/label><br \/>\n<input id=\"mce-EMAIL\" class=\"required email\" name=\"EMAIL\" type=\"email\" value=\"\" \/><\/div>\n<div class=\"mc-field-group\"><label for=\"mce-FNAME\">Fornavn <\/label><br \/>\n<input id=\"mce-FNAME\" class=\"\" name=\"FNAME\" type=\"text\" value=\"\" \/><\/div>\n<div class=\"mc-field-group\"><label for=\"mce-LNAME\">Etternavn <\/label><br \/>\n<input id=\"mce-LNAME\" class=\"\" name=\"LNAME\" type=\"text\" value=\"\" \/><\/div>\n<div id=\"mce-responses\" class=\"clear\">\n<div id=\"mce-error-response\" class=\"response\" style=\"display: none;\"><\/div>\n<div id=\"mce-success-response\" class=\"response\" style=\"display: none;\"><\/div>\n<\/div>\n<p><!-- real people should not fill this in and expect good things - do not remove this or risk form bot signups--><\/p>\n<div style=\"position: absolute; left: -5000px;\" aria-hidden=\"true\"><input tabindex=\"-1\" name=\"b_8acd269bd414429cd5c7afd07_e7c6ce6345\" type=\"text\" value=\"\" \/><\/div>\n<div class=\"clear\"><input id=\"mc-embedded-subscribe\" class=\"button\" name=\"subscribe\" type=\"submit\" value=\"Subscribe\" \/><\/div>\n<\/div>\n<\/form>\n<\/div>\n<p><script type='text\/javascript' src='\/\/s3.amazonaws.com\/downloads.mailchimp.com\/js\/mc-validate.js'><\/script><script type='text\/javascript'>(function($) {window.fnames = new Array(); window.ftypes = new Array();fnames[0]='EMAIL';ftypes[0]='email';fnames[1]='FNAME';ftypes[1]='text';fnames[2]='LNAME';ftypes[2]='text';}(jQuery));var $mcj = jQuery.noConflict(true);<\/script><br \/>\n<!--End mc_embed_signup--><\/p>\n<p><strong>Har du g\u00e5tt p\u00e5 kurs hos oss?<\/strong><br \/>\nHjelp oss \u00e5 bli bedre og <a href=\"https:\/\/docs.google.com\/forms\/d\/1Mwbk3oymB0JcEAVvNOUERQ19kJ7YHf_K4K7wFC37XHY\/viewform\" target=\"_blank\" rel=\"noopener noreferrer\">evaluer kurset her<\/a>.<\/p>\n<p><a href=\"https:\/\/www.norsk-tipping.no\/grasrotandelen#search=974243555\"><img loading=\"lazy\" class=\"aligncenter wp-image-8506 size-full\" src=\"https:\/\/www.akks.no\/wp-content\/uploads\/2018\/10\/Grasrot-Plakat-Liggende.png\" alt=\"\" width=\"3508\" height=\"800\" \/><\/a><\/p>\n","protected":false},"excerpt":{"rendered":"<p>AKKS er en idealistisk musikkorganisasjon som jobber for \u00e5 rekruttere, motivere og synliggj\u00f8re kvinner i alle ledd av musikklivet. Vi vil ha likestilling og kj\u00f8nnsbalanse i norsk musikkliv. Selv om hovedfokuset v\u00e5rt er jenter og kvinner, backer vi alle som vil pr\u00f8ve seg innen musikk \u2013 uansett kj\u00f8nnsidentitet, alder, religion og etnisitet. AKKS er for deg som er engasjert i likestilling, mangfold og musikk.<\/p>\n","protected":false},"author":1,"featured_media":0,"parent":0,"menu_order":0,"comment_status":"closed","ping_status":"closed","template":"","meta":[],"_links":{"self":[{"href":"https:\/\/akks.no\/oslo\/wp-json\/wp\/v2\/pages\/39"}],"collection":[{"href":"https:\/\/akks.no\/oslo\/wp-json\/wp\/v2\/pages"}],"about":[{"href":"https:\/\/akks.no\/oslo\/wp-json\/wp\/v2\/types\/page"}],"author":[{"embeddable":true,"href":"https:\/\/akks.no\/oslo\/wp-json\/wp\/v2\/users\/1"}],"replies":[{"embeddable":true,"href":"https:\/\/akks.no\/oslo\/wp-json\/wp\/v2\/comments?post=39"}],"version-history":[{"count":22,"href":"https:\/\/akks.no\/oslo\/wp-json\/wp\/v2\/pages\/39\/revisions"}],"predecessor-version":[{"id":1229,"href":"https:\/\/akks.no\/oslo\/wp-json\/wp\/v2\/pages\/39\/revisions\/1229"}],"wp:attachment":[{"href":"https:\/\/akks.no\/oslo\/wp-json\/wp\/v2\/media?parent=39"}],"curies":[{"name":"wp","href":"https:\/\/api.w.org\/{rel}","templated":true}]}}