{"id":386,"date":"2017-10-06T14:57:27","date_gmt":"2017-10-06T12:57:27","guid":{"rendered":"http:\/\/akks-no.staging.wordpress.idium.no\/oslo\/om-oss\/"},"modified":"2018-11-30T12:45:25","modified_gmt":"2018-11-30T11:45:25","slug":"om-oss","status":"publish","type":"page","link":"https:\/\/akks.no\/oslo\/om-oss\/?lang=en","title":{"rendered":"Om oss"},"content":{"rendered":"<p><img loading=\"lazy\" class=\"alignnone wp-image-384 size-single\" title=\"From Scratch, h\u00f8sten 2017. Foto: Olav Storm\" src=\"https:\/\/akks.no\/oslo\/files\/2018\/11\/From-Scratch-5-AKKS-Oslo-2017_foto-Olav-Storm-1200x640.jpg\" alt=\"\" width=\"1200\" height=\"640\" \/><\/p>\n<p><strong>What is AKKS?<\/strong><br \/>\nAKKS is a nationwide, ideal music organisation offering instrument courses, band courses and rehearsal spaces, as well as concerts with both professional and up-and-coming bands and artists. Are you a future rock star? Or maybe you&#8217;ve always dreamed of playing in a band? At our courses you can try out a new instrument, learn to write your own songs, learn how to perform on a stage, play together with others, be taught by professional musicians and have fun with music.<\/p>\n<p><span id=\"result_box\" class=\"\" lang=\"en\"><strong><span class=\"\">Where is AKKS?<\/span><\/strong><br \/>\n<span class=\"\">AKKS Oslo is located on Brenneriveien 9 in a colourful street at Gr\u00fcnerl\u00f8kka between the concert venues Bl\u00e5 and Vulcan.<\/span>\u00a0This is where our rehearsal rooms are, and here we offer our courses and workshops with inspiring teachers who themselves are performing artists, producers, technicians and music business professionals.<\/span><\/p>\n<p><span class=\"s1\"><span id=\"result_box\" class=\"\" lang=\"en\"><strong><span class=\"\">Why does AKKS exist?<\/span><\/strong><br \/>\n<span class=\"\">AKKS works for a more balanced gender distribution in every part of the music industry.<\/span> <span class=\"\">The purpose is to recruit, motivate and promote women in all parts of the music industry.<\/span> AKKS a co-founder of <\/span> <a href=\"http:\/\/balansekunstprosjektet.no\/\" target=\"_blank\" rel=\"noopener\">the Balansekunst project<\/a>.<br \/>\n<\/span><\/p>\n<p><span id=\"result_box\" class=\"\" lang=\"en\"><strong><span class=\"\">Projects<\/span><\/strong><br \/>\n<span class=\"\"><a href=\"http:\/\/www.loudcamp.com\/\" target=\"_blank\" rel=\"noopener\">LOUD<\/a><\/span>! <span class=\"\">Girls&#8217; Band Camp &#8211; holiday camp we arrange with JM Norway<\/span><\/span><\/p>\n<p><strong><span class=\"\">Membership in AKKS Oslo<\/span><\/strong><br \/>\n<span class=\"\">As a member of us you will have access to a number of member benefits, courses, rehearsal spaces and much more.<\/span> In addition, you support our work to do something about the gender balance in the Norwegian music scene! Membership costs only 50kr. Sign up by clicking the button at the top right of the page.<\/p>\n<div id=\"mc_embed_signup\">\n<form id=\"mc-embedded-subscribe-form\" class=\"validate\" action=\"http:\/\/akks.us6.list-manage1.com\/subscribe\/post?u=8acd269bd414429cd5c7afd07&amp;id=e7c6ce6345\" method=\"post\" name=\"mc-embedded-subscribe-form\" novalidate=\"\" target=\"_blank\"><label for=\"mce-EMAIL\">Subscribe to our newsletter<\/label><br \/>\n<input id=\"mce-EMAIL\" class=\"email\" name=\"EMAIL\" required=\"\" type=\"email\" value=\"\" placeholder=\"email address\" \/><\/p>\n<div class=\"clear\"><input id=\"mc-embedded-subscribe\" class=\"button\" name=\"subscribe\" type=\"submit\" value=\"Subscribe\" \/><\/div>\n<\/form>\n<\/div>\n<p><!--End mc_embed_signup--><br \/>\n<strong>Have you attended a course?<\/strong><br \/>\nHelp us improve by <a href=\"https:\/\/docs.google.com\/forms\/d\/1Mwbk3oymB0JcEAVvNOUERQ19kJ7YHf_K4K7wFC37XHY\/viewform\" target=\"_blank\" rel=\"noopener\">evaluating the course here<\/a>.<\/p>\n<p><a href=\"https:\/\/www.norsk-tipping.no\/grasrotandelen#search=974243555\"><img loading=\"lazy\" class=\"aligncenter wp-image-8506 size-full\" src=\"https:\/\/www.akks.no\/wp-content\/uploads\/2018\/10\/Grasrot-Plakat-Liggende.png\" alt=\"\" width=\"3508\" height=\"800\" \/><\/a><\/p>\n","protected":false},"excerpt":{"rendered":"<p>AKKS has worked to improve the gender balance on the Norwegian music scene since 1982. Our main focus is on girls, but we back everyone who wants to try out music, be it behind the drums, the microphone, the guitar or the mixing board.<\/p>\n","protected":false},"author":1,"featured_media":0,"parent":0,"menu_order":0,"comment_status":"closed","ping_status":"closed","template":"","meta":[],"_links":{"self":[{"href":"https:\/\/akks.no\/oslo\/wp-json\/wp\/v2\/pages\/386\/?lang=en"}],"collection":[{"href":"https:\/\/akks.no\/oslo\/wp-json\/wp\/v2\/pages\/?lang=en"}],"about":[{"href":"https:\/\/akks.no\/oslo\/wp-json\/wp\/v2\/types\/page\/?lang=en"}],"author":[{"embeddable":true,"href":"https:\/\/akks.no\/oslo\/wp-json\/wp\/v2\/users\/1\/?lang=en"}],"replies":[{"embeddable":true,"href":"https:\/\/akks.no\/oslo\/wp-json\/wp\/v2\/comments\/?lang=en&post=386"}],"version-history":[{"count":12,"href":"https:\/\/akks.no\/oslo\/wp-json\/wp\/v2\/pages\/386\/revisions\/?lang=en"}],"predecessor-version":[{"id":403,"href":"https:\/\/akks.no\/oslo\/wp-json\/wp\/v2\/pages\/386\/revisions\/403\/?lang=en"}],"wp:attachment":[{"href":"https:\/\/akks.no\/oslo\/wp-json\/wp\/v2\/media\/?lang=en&parent=386"}],"curies":[{"name":"wp","href":"https:\/\/api.w.org\/{rel}","templated":true}]}}