{"id":2780,"date":"2026-02-09T15:43:54","date_gmt":"2026-02-09T14:43:54","guid":{"rendered":"https:\/\/akks.no\/oslo\/?page_id=2780"},"modified":"2026-02-09T15:43:54","modified_gmt":"2026-02-09T14:43:54","slug":"kjopsvilkar","status":"publish","type":"page","link":"https:\/\/akks.no\/oslo\/kjopsvilkar\/","title":{"rendered":"Kj\u00f8psvilk\u00e5r"},"content":{"rendered":"<p><strong>Vilk\u00e5r for kursp\u00e5melding hos AKKS Oslo.<br \/>\n<\/strong><br \/>\n<strong>1. P\u00e5meldingen er bindende<\/strong><br \/>\n1.1 P\u00e5meldingen er bindende. Ved innsendt p\u00e5melding er man bundet til \u00e5 betale kursavgiften. Det<br \/>\nvil si at kursavgift m\u00e5 betales selv om kursdeltakeren ikke m\u00f8ter opp til kurset eller slutter p\u00e5 kurset.<br \/>\n1.2 Deltakeren er selv ansvarlig for at riktig epost og telefonnummer er skrevet inn, samt \u00e5 sjekke om<br \/>\ninformasjon har havnet i s\u00f8ppelpost. Om man ikke har mottatt informasjon som f\u00f8lge av dette, er<br \/>\nman likevel forpliktet til \u00e5 betale kursavgiften. AKKS Oslo kan kontaktes om man ikke mottar<br \/>\ninformasjon.<\/p>\n<p><strong>2. Betaling<\/strong><br \/>\n2.1 Betaling skjer gjennom v\u00e5rt p\u00e5meldingsystem &#8211; Rubic. Man kan betale for kurset med faktura,<br \/>\nVIPPS eller kredittkort.<br \/>\n2.2 Betaling m\u00e5 gj\u00f8res innen forfallsdato ellers vil ekstra omkostninger p\u00e5l\u00f8pe.<\/p>\n<p><strong>3. Medlemskap i AKKS<\/strong><br \/>\n3.1 for \u00e5 g\u00e5 p\u00e5 kurs hos AKKS Oslo, m\u00e5 man v\u00e6re medlem.<br \/>\n3.2 Som medlem i AKKS f\u00e5r man en profil p\u00e5 v\u00e5r medlemsportal hvor medlemskapet kan<br \/>\nadministreres. Les mer om medlemskap og v\u00e5re medlemsfordeler p\u00e5 v\u00e5re nettsider;<br \/>\nhttps:\/\/akks.no\/medlemsfordeler\/<\/p>\n<p><strong>4. Kursavlysning<\/strong><br \/>\n4.1 AKKS Oslo forbeholder seg retten til \u00e5 avlyse kurs dersom det er ikke er nok p\u00e5meldte, eller p\u00e5<br \/>\ngrunn av forhold som ligger utenfor v\u00e5r kontroll. Avlysning f\u00f8r kursoppstart vil man f\u00e5 beskjed om<br \/>\ndette uken f\u00f8r kursoppstart og eventuell innbetalt kursavgift vil bli refundert.<\/p>\n<p><strong>5. Kursendringer<\/strong><br \/>\n5.1 AKKS Oslo forbeholder seg retten til \u00e5 gj\u00f8re eventuelle endringer, som f.eks. bytte av instrukt\u00f8r,<br \/>\nflytting av kursdag eller kurssted ved sykdom eller andre uforutsette \u00e5rsaker. Dette gjelder f.eks. ved<br \/>\nsykdom hos kursinstrukt\u00f8ren der vi ikke f\u00e5r satt inn vikar. Alle kursdeltakere vil f\u00e5 beskjed om dette.<br \/>\nDen tapte kursdagen, tas som regel igjen p\u00e5 samme ukedag og tidspunkt.<br \/>\n5.2 Skulle ikke AKKS Oslo f\u00e5 satt opp ekstra kursdag for \u00e5 ta igjen den tapte kursdagen, for\u00e5rsaket av<br \/>\nsykdom hos instrukt\u00f8r eller tilsvarende, vil deltakerne f\u00e5 refundert kursavgiften for de kursdager de<br \/>\ntaper som f\u00f8lge av dette.<\/p>\n<p><strong>6. Frav\u00e6r<\/strong><br \/>\n6.1 Dersom deltakeren ikke kan m\u00f8te til kursdagen setter vi pris p\u00e5 at deltakeren gir beskjed til<br \/>\ninstrukt\u00f8ren. Instrukt\u00f8rens kontaktinfo vil komme i en egen e-post i forkant av kurs start.<br \/>\n6.2 Det er ingen refusjon for kursdager deltakeren m\u00e5tte g\u00e5 glipp av grunnet sykdom inkluderte<br \/>\nluftveis- symptomer og korona, karantene, eksamen, ferie eller annet.<\/p>\n<p><strong>7. Krenkende oppf\u00f8rsel og mobbing<\/strong><br \/>\n7.1 AKKS Oslo har nulltoleranse n\u00e5r det gjelder mobbing og annen krenkende oppf\u00f8rsel. Hvis en<br \/>\ndeltaker ut\u00f8ver dette vil deltakeren bli nektet adgang p\u00e5 kurset videre, kursavgiften vil ikke bli<br \/>\nrefundert og saken vil meldes inn til AKKS nasjonalt sitt varslingsutvalg for om deltakeren skal ha<br \/>\nytterligere restriksjoner. Skulle du kursdeltaker som du f\u00f8ler er ubehagelig p\u00e5 et av v\u00e5re kurs, snakk<br \/>\nmed oss. Vi er tilgjengelig p\u00e5 epost silje.holmen@akks.no<br \/>\nDet er ogs\u00e5 mulig \u00e5 varsle til AKKS sitt varslingsutvalg: https:\/\/akks.no\/varslingsutvalget\/<br \/>\nPersonopplysningene i kursp\u00e5meldingen innsamles frivillig fra deg. Dere er ikke pliktige til \u00e5 gi oss<br \/>\ndisse opplysningene, og kan til enhver tid f\u00e5 innsyn eller trekke opplysningene tilbake ved \u00e5 sende en<br \/>\nepost til silje.holmen@akks.no<\/p>\n<p>Du kan lese mer om hvordan AKKS h\u00e5ndterer personopplysninger i v\u00e5r personvernerkl\u00e6ring;<br \/>\nhttps:\/\/akks.no\/personvernerklaering\/<\/p>\n<p>Kursene v\u00e5re blir rapportert inn til Musikkens Studieforbund.<\/p>\n","protected":false},"excerpt":{"rendered":"<p>Vilk\u00e5r for kursp\u00e5melding hos AKKS Oslo. 1. P\u00e5meldingen er bindende 1.1 P\u00e5meldingen er bindende. Ved innsendt p\u00e5melding er man bundet til \u00e5 betale kursavgiften. Det vil si at kursavgift m\u00e5 betales selv om kursdeltakeren ikke m\u00f8ter opp til kurset eller slutter p\u00e5 kurset. 1.2 Deltakeren er selv ansvarlig for at riktig epost og telefonnummer er [&hellip;]<\/p>\n","protected":false},"author":4,"featured_media":0,"parent":0,"menu_order":0,"comment_status":"closed","ping_status":"closed","template":"","meta":[],"_links":{"self":[{"href":"https:\/\/akks.no\/oslo\/wp-json\/wp\/v2\/pages\/2780"}],"collection":[{"href":"https:\/\/akks.no\/oslo\/wp-json\/wp\/v2\/pages"}],"about":[{"href":"https:\/\/akks.no\/oslo\/wp-json\/wp\/v2\/types\/page"}],"author":[{"embeddable":true,"href":"https:\/\/akks.no\/oslo\/wp-json\/wp\/v2\/users\/4"}],"replies":[{"embeddable":true,"href":"https:\/\/akks.no\/oslo\/wp-json\/wp\/v2\/comments?post=2780"}],"version-history":[{"count":2,"href":"https:\/\/akks.no\/oslo\/wp-json\/wp\/v2\/pages\/2780\/revisions"}],"predecessor-version":[{"id":2782,"href":"https:\/\/akks.no\/oslo\/wp-json\/wp\/v2\/pages\/2780\/revisions\/2782"}],"wp:attachment":[{"href":"https:\/\/akks.no\/oslo\/wp-json\/wp\/v2\/media?parent=2780"}],"curies":[{"name":"wp","href":"https:\/\/api.w.org\/{rel}","templated":true}]}}