{"id":2486,"date":"2023-01-31T12:12:30","date_gmt":"2023-01-31T11:12:30","guid":{"rendered":"https:\/\/akks.no\/oslo\/?page_id=2486"},"modified":"2024-09-25T17:37:58","modified_gmt":"2024-09-25T15:37:58","slug":"kurs-2","status":"publish","type":"page","link":"https:\/\/akks.no\/oslo\/kurs-2\/","title":{"rendered":"Kurs"},"content":{"rendered":"<h5><strong>N\u00e5r og hvor holder vi kurs<\/strong><\/h5>\n<p>AKKS Oslos faste kurs har oppstart i februar og september, og holdes i v\u00e5re lokaler i Brenneriveien 9 i Oslo sentrum og Gamle Munch p\u00e5 T\u00f8yen.<\/p>\n<h5><strong>For bedre kj\u00f8nnsbalanse i musikklivet<\/strong><\/h5>\n<p>AKKS jobber for bedre kj\u00f8nnsbalanse i musikklivet. Kursene v\u00e5re er \u00e5pne for alle kj\u00f8nn, med unntak av <a href=\"https:\/\/akks.no\/oslo\/courses\/bandskolen-for-jenter\/\">Bandskolen<\/a>\u00a0og <a href=\"https:\/\/akks.no\/bergen\/courses\/loud-bandleir\/\">Bandleiren LOUD!<\/a> som kun er for jenter, ikke-bin\u00e6re og transungdommer. Jenter, ikke-bin\u00e6re og transungdommer f\u00e5r likevel prioritet ved stor p\u00e5gang.<\/p>\n<h5><strong>Trygt og motiverende l\u00e6ringsmilj\u00f8 p\u00e5 kurs hos AKKS<\/strong><\/h5>\n<p>For oss i AKKS er det viktig at alle kursdeltakere f\u00e5r en god kursopplevelse og f\u00f8ler seg trygge p\u00e5 kursene v\u00e5re. Hos AKKS skal det v\u00e6re rom for \u00e5 pr\u00f8ve seg fram, feile, stille sp\u00f8rsm\u00e5l og vokse. Les mer om <a href=\"https:\/\/akks.no\/kursoversikt\/laeringsmiljo\/\">hvordan vi jobber med l\u00e6ringsmilj\u00f8et her<\/a>.<\/p>\n<h5><strong>Rabattert plass p\u00e5 kurs?<br \/>\n<\/strong><\/h5>\n<p>Vi vil ikke at \u00f8konomi skal st\u00e5 i veien for at man skal kunne delta p\u00e5 kurs. Deltakere med\u00a0 begrenset \u00f8konomi kan s\u00f8ke om \u00e5 f\u00e5 rabattert deltakeravgift eller gratisplass.\u00a0 S\u00f8k om rabattert plass p\u00e5 kurs ved \u00e5 krysse av i p\u00e5meldingsskjemaet n\u00e5r du melder deg p\u00e5. Som hovedregel prioriterer vi st\u00f8tte til deltakere som er under 26 \u00e5r.<\/p>\n<p><a href=\"mailto:kurs@oslo.akks.no\" data-event-category=\"Henvendelser (mailto)\" data-event-action=\"Klikk p\u00e5 mailtolenker\" data-event-label=\"https:\/\/akks.no\/oslo\/kurs\">Ta kontakt med AKKS Oslos kursansvarlige<\/a>\u00a0for \u00e5 h\u00f8re om muligheten for \u00e5 sette opp kurs for din gruppe, om du savner et kurs, sp\u00f8rsm\u00e5l om gratisplasser, eller annet om kurstilbudet v\u00e5rt.<\/p>\n","protected":false},"excerpt":{"rendered":"<p>AKKS Oslo tilbyr kurs og workshops med profesjonelle instrukt\u00f8rer fra Oslos musikkliv. P\u00e5 v\u00e5re kurs er det fokus p\u00e5 mestringsf\u00f8lelse og spilleglede.<\/p>\n","protected":false},"author":8,"featured_media":2457,"parent":0,"menu_order":0,"comment_status":"closed","ping_status":"closed","template":"","meta":[],"_links":{"self":[{"href":"https:\/\/akks.no\/oslo\/wp-json\/wp\/v2\/pages\/2486"}],"collection":[{"href":"https:\/\/akks.no\/oslo\/wp-json\/wp\/v2\/pages"}],"about":[{"href":"https:\/\/akks.no\/oslo\/wp-json\/wp\/v2\/types\/page"}],"author":[{"embeddable":true,"href":"https:\/\/akks.no\/oslo\/wp-json\/wp\/v2\/users\/8"}],"replies":[{"embeddable":true,"href":"https:\/\/akks.no\/oslo\/wp-json\/wp\/v2\/comments?post=2486"}],"version-history":[{"count":5,"href":"https:\/\/akks.no\/oslo\/wp-json\/wp\/v2\/pages\/2486\/revisions"}],"predecessor-version":[{"id":2497,"href":"https:\/\/akks.no\/oslo\/wp-json\/wp\/v2\/pages\/2486\/revisions\/2497"}],"wp:featuredmedia":[{"embeddable":true,"href":"https:\/\/akks.no\/oslo\/wp-json\/wp\/v2\/media\/2457"}],"wp:attachment":[{"href":"https:\/\/akks.no\/oslo\/wp-json\/wp\/v2\/media?parent=2486"}],"curies":[{"name":"wp","href":"https:\/\/api.w.org\/{rel}","templated":true}]}}